{"id":48022,"date":"2025-09-10T22:57:51","date_gmt":"2025-09-10T20:57:51","guid":{"rendered":"https:\/\/stage.woods.se\/?post_type=product&#038;p=48022"},"modified":"2025-10-15T13:49:07","modified_gmt":"2025-10-15T11:49:07","slug":"woods-airmaster-pre-filter-3-pack","status":"publish","type":"product","link":"https:\/\/woods.se\/sv\/produkter\/ozoneaggregat\/woods-airmaster-pre-filter-3-pack\/","title":{"rendered":"Wood&#8217;s Airmaster Pre-filter 3-pack"},"content":{"rendered":"<h2>Wood&#8217;s Airmaster Pre-filter 3-pack &#8211; Skyddar din ozongenerator f\u00f6r l\u00e4ngre livsl\u00e4ngd<\/h2>\n<p><strong>L\u00e4mplig f\u00f6r f\u00f6ljande modeller:<\/strong> Wood&#8217;s Airmaster WOZ 400, WOZ 500, WOZ 2000, WOZ 4000, WOZ 2000, WOZ 3000, WOZ 6000 och BLC 500, BLC 2000, BLC 4000, BL 3000 och BL 6000.<\/p>\n<p>Detta originalf\u00f6rfilter \u00e4r avsett f\u00f6r Wood&#8217;s Airmaster. F\u00f6rfiltret har en viktig funktion d\u00e5 det f\u00e5ngar upp damm och smuts som annars skulle kunna p\u00e5verka ozonproduktionen negativt. P\u00e5 s\u00e5 s\u00e4tt bidrar filtret b\u00e5de till en stabil ozonproduktion och till att f\u00f6rl\u00e4nga livsl\u00e4ngden p\u00e5 din ozongenerator.<\/p>\n<h3>Enkel att byta<\/h3>\n<p>Filtret \u00e4r enkelt att byta ut och kr\u00e4ver inga verktyg. Vi rekommenderar att du byter ut det var 6:e-12:e m\u00e5nad, eller oftare om enheten anv\u00e4nds i dammiga milj\u00f6er.<\/p>\n<h3>F\u00f6rpackning<\/h3>\n<p>Levereras i ett 3-pack, s\u00e5 att du alltid har filter redo f\u00f6r regelbundet underh\u00e5ll av din Airmaster.<\/p>\n","protected":false},"excerpt":{"rendered":"<p>Wood&#8217;s Airmaster 3-pack f\u00f6rfilter \u00e4r ett originalfilter som skyddar din ozongenerator fr\u00e5n damm och smuts. Genom att h\u00e5lla enheten ren s\u00e4kerst\u00e4lls en j\u00e4mn och effektiv ozonproduktion och enhetens livsl\u00e4ngd f\u00f6rl\u00e4ngs. Filtret \u00e4r enkelt att byta ut och rekommenderas att bytas ut var 6:e-12:e m\u00e5nad eller vid behov.<\/p>\n","protected":false},"featured_media":46859,"template":"","meta":{"_acf_changed":false},"product_brand":[],"product_cat":[338,339,333],"product_tag":[3549,2877],"class_list":{"0":"post-48022","1":"product","2":"type-product","3":"status-publish","4":"has-post-thumbnail","6":"product_cat-ozoneaggregat","7":"product_cat-professional","8":"product_cat-tillbehor","9":"product_tag-foerfilter","10":"product_tag-ozongenerator","11":"splide__slide","13":"first","14":"instock","15":"taxable","16":"shipping-taxable","17":"product-type-simple"},"acf":[],"_links":{"self":[{"href":"https:\/\/woods.se\/sv\/wp-json\/wp\/v2\/product\/48022","targetHints":{"allow":["GET"]}}],"collection":[{"href":"https:\/\/woods.se\/sv\/wp-json\/wp\/v2\/product"}],"about":[{"href":"https:\/\/woods.se\/sv\/wp-json\/wp\/v2\/types\/product"}],"wp:featuredmedia":[{"embeddable":true,"href":"https:\/\/woods.se\/sv\/wp-json\/wp\/v2\/media\/46859"}],"wp:attachment":[{"href":"https:\/\/woods.se\/sv\/wp-json\/wp\/v2\/media?parent=48022"}],"wp:term":[{"taxonomy":"product_brand","embeddable":true,"href":"https:\/\/woods.se\/sv\/wp-json\/wp\/v2\/product_brand?post=48022"},{"taxonomy":"product_cat","embeddable":true,"href":"https:\/\/woods.se\/sv\/wp-json\/wp\/v2\/product_cat?post=48022"},{"taxonomy":"product_tag","embeddable":true,"href":"https:\/\/woods.se\/sv\/wp-json\/wp\/v2\/product_tag?post=48022"}],"curies":[{"name":"wp","href":"https:\/\/api.w.org\/{rel}","templated":true}]}}