{"id":47133,"date":"2024-12-10T15:06:14","date_gmt":"2024-12-10T14:06:14","guid":{"rendered":"https:\/\/stage.woods.se\/?post_type=product&#038;p=47133"},"modified":"2025-09-14T19:14:27","modified_gmt":"2025-09-14T17:14:27","slug":"woods-whu400","status":"publish","type":"product","link":"https:\/\/woods.se\/sv\/produkter\/luftfuktare\/foer-sovrum\/woods-whu400\/","title":{"rendered":"Wood\u2019s WHU400"},"content":{"rendered":"<h2>Wood&#8217;s WHU400<\/h2>\n<h3>Smidig och tyst ultrasonisk luftfuktare<\/h3>\n<p>Wood\u2019s WHU400 \u00e4r en liten men kraftfull luftfuktare som med ultrasonisk teknologi sprider fukt i form av en fin, sval dimma. Den \u00e4r s\u00e4rskilt utvecklad f\u00f6r att skapa en behaglig och h\u00e4lsosam inomhusmilj\u00f6 i rum upp till 40 m\u00b2 \u2013 perfekt f\u00f6r sovrum, vardagsrum och barnrum.<\/p>\n<h3>Tyst och energieffektiv<\/h3>\n<p>Med en ljudniv\u00e5 p\u00e5 under 35 dB arbetar WHU400 viskande tyst, vilket g\u00f6r den idealisk att anv\u00e4nda under natten. Den l\u00e5ga energif\u00f6rbrukningen p\u00e5 maximalt 30 W g\u00f6r den dessutom mycket kostnadseffektiv i drift.<\/p>\n<h3>Smarta funktioner<\/h3>\n<p>Luftfuktaren har en fuktkapacitet p\u00e5 7,2 liter per dygn och en 3,5 liters genomskinlig vattentank s\u00e5 du enkelt ser hur mycket vatten som \u00e4r kvar och ger en l\u00e5ng drifttid. Du kan sj\u00e4lv justera luftfuktigheten mellan 45\u201375 % f\u00f6r att alltid h\u00e5lla en behaglig niv\u00e5 i hemmet. Den inbyggda nattlampan med bl\u00e5tt sken ger ett mjukt ljus som bidrar till en lugn atmosf\u00e4r i sovrum och barnrum.<\/p>\n<h3>F\u00f6rdelar med r\u00e4tt luftfuktighet<\/h3>\n<p>En balanserad luftfuktighet minskar risken f\u00f6r torr hud, irriterade luftv\u00e4gar och allergiproblem. Dessutom skyddar den m\u00f6bler, golv och musikinstrument fr\u00e5n uttorkning. Med Wood\u2019s WHU400 f\u00e5r du en smidig, modern och p\u00e5litlig luftfuktare som b\u00e5de f\u00f6rb\u00e4ttrar h\u00e4lsan och f\u00f6rl\u00e4nger livsl\u00e4ngden p\u00e5 ditt hem och dina \u00e4godelar.<\/p>\n<p>V\u00e4lj Wood\u2019s WHU400 \u2013 en kompakt, tyst och energieffektiv ultrasonisk luftfuktare som \u00e4r perfekt anpassad f\u00f6r sovrum och vardagsrum.<\/p>\n","protected":false},"excerpt":{"rendered":"<p>Wood\u2019s WHU400 \u00e4r en kompakt och energieffektiv ultrasonisk luftfuktare som sprider fukt som en fin dimma vilket skapar en behaglig inomhusmilj\u00f6 i rum upp till 40 m\u00b2. Den har en kapacitet p\u00e5 7,2 liter per dygn, en 3,5 liters vattentank och \u00e4r mycket tystg\u00e5ende med en ljudniv\u00e5 under 35 dB. Med justerbar luftfuktighet (45\u201375 %) och inbyggd nattlampa med bl\u00e5tt sken passar den perfekt i sovrum, barnrum och vardagsrum.<\/p>\n","protected":false},"featured_media":46685,"template":"","meta":{"_acf_changed":false},"product_brand":[],"product_cat":[4809,337],"product_tag":[2948,3031],"class_list":{"0":"post-47133","1":"product","2":"type-product","3":"status-publish","4":"has-post-thumbnail","6":"product_cat-foer-sovrum","7":"product_cat-luftfuktare","8":"product_tag-40-m-sv","9":"product_tag-luftfuktare-for-mindre-sovrum","10":"product_shipping_class-high","11":"splide__slide","13":"first","14":"outofstock","15":"taxable","16":"shipping-taxable","17":"purchasable","18":"product-type-simple"},"acf":[],"_links":{"self":[{"href":"https:\/\/woods.se\/sv\/wp-json\/wp\/v2\/product\/47133","targetHints":{"allow":["GET"]}}],"collection":[{"href":"https:\/\/woods.se\/sv\/wp-json\/wp\/v2\/product"}],"about":[{"href":"https:\/\/woods.se\/sv\/wp-json\/wp\/v2\/types\/product"}],"wp:featuredmedia":[{"embeddable":true,"href":"https:\/\/woods.se\/sv\/wp-json\/wp\/v2\/media\/46685"}],"wp:attachment":[{"href":"https:\/\/woods.se\/sv\/wp-json\/wp\/v2\/media?parent=47133"}],"wp:term":[{"taxonomy":"product_brand","embeddable":true,"href":"https:\/\/woods.se\/sv\/wp-json\/wp\/v2\/product_brand?post=47133"},{"taxonomy":"product_cat","embeddable":true,"href":"https:\/\/woods.se\/sv\/wp-json\/wp\/v2\/product_cat?post=47133"},{"taxonomy":"product_tag","embeddable":true,"href":"https:\/\/woods.se\/sv\/wp-json\/wp\/v2\/product_tag?post=47133"}],"curies":[{"name":"wp","href":"https:\/\/api.w.org\/{rel}","templated":true}]}}