{"id":47122,"date":"2025-07-08T12:04:49","date_gmt":"2025-07-08T10:04:49","guid":{"rendered":"https:\/\/stage.woods.se\/?post_type=product&#038;p=47122"},"modified":"2026-02-19T10:21:44","modified_gmt":"2026-02-19T09:21:44","slug":"woods-geneva-hsw90","status":"publish","type":"product","link":"https:\/\/woods.se\/sv\/produkter\/luftfuktare\/foer-vardagsrum-och-kontor\/woods-geneva-hsw90\/","title":{"rendered":"Wood&#8217;s Geneva HSW90"},"content":{"rendered":"<h2>Wood&#8217;s Geneva HSW90<\/h2>\n<h3>Effektiv luftfuktning f\u00f6r ett h\u00e4lsosammare inomhusklimat<\/h3>\n<p>Wood\u2019s Geneva HSW90 \u00e4r en premium-luftfuktare utvecklad f\u00f6r att skapa komfort, skydda din hud och h\u00e4lsa och bevara ditt hem. Den evaporativa tekniken ger en kapacitet p\u00e5 upp till 900 ml fukt per timme som \u00e5terst\u00e4ller fuktniv\u00e5n i torra inomhusmilj\u00f6er \u2013 utan risk f\u00f6r \u00f6verfuktning. Det g\u00f6r den idealisk f\u00f6r allt fr\u00e5n \u00f6ppna vardagsrum till sovrum, kontor, barnrum och milj\u00f6er med k\u00e4nsliga m\u00f6bler eller tr\u00e4instrument.  <\/p>\n<h3>Utvecklad f\u00f6r:<\/h3>\n<p><strong>Familjer:<\/strong> Ger tryggare och b\u00e4ttre s\u00f6mnmilj\u00f6.<br \/>\n<strong>H\u00e4lsomedvetna: <\/strong>F\u00f6rhindrar och lindrar effektivt torr och sprucken hud.<br \/>\n<strong>Allergiker: <\/strong>Lindrar besv\u00e4r fr\u00e5n torr luft och partiklar.<br \/>\n<span style=\"color: #343433; font-family: Inter, sans-serif;\"><strong>Musiker och instrument\u00e4gare:<\/strong> Skyddar k\u00e4nsliga tr\u00e4instrument<\/span><strong>.<\/strong> <span style=\"color: #343433; font-family: Inter, sans-serif;\"><br \/>\n<\/span><strong>Hem med tr\u00e4golv och tr\u00e4m\u00f6bler:<\/strong> R\u00e4tt luftfuktighet f\u00f6rl\u00e4nger m\u00f6blernas livsl\u00e4ngd och f\u00f6rebygger skador.<br \/>\n<strong>Kontor:<\/strong> Skapar en friskare och mer produktiv arbetsmilj\u00f6.<\/p>\n<h3>Tyst och energieffektiv<\/h3>\n<p>Med en ljudniv\u00e5 p\u00e5 endast 23 dB i tyst l\u00e4ge kan HSW90 anv\u00e4ndas i sovrum, barnrum och kontor utan att st\u00f6ra. Samtidigt \u00e4r den mycket energisn\u00e5l med en maximal effekt p\u00e5 endast 28 watt. <\/p>\n<h3>Smidig anv\u00e4ndning<\/h3>\n<p>Den stora 4,7-liters vattentanken ger l\u00e5ng drifttid och kan enkelt fyllas p\u00e5 via en sidolucka. En tydlig vattenniv\u00e5indikator visar n\u00e4r det \u00e4r dags att fylla p\u00e5. Du kan sj\u00e4lv v\u00e4lja mellan tv\u00e5 f\u00f6rinst\u00e4llda fuktniv\u00e5er (50 % eller 60 %) eller st\u00e4lla in en av fyra fl\u00e4kthastigheter f\u00f6r att anpassa luftfuktningen efter behov.  <\/p>\n<h3>F\u00f6rdelarna med evaporativ teknologi<\/h3>\n<p>K\u00e4rnan i HSW90 \u00e4r dess evaporativa teknik \u2013 en process d\u00e4r luft passerar vattnet i filtren och tar upp fukt f\u00f6r att sedan effektivt spridas i luften. Detta \u00e4r samma metod som anv\u00e4nds av museer v\u00e4rlden \u00f6ver f\u00f6r att skydda ov\u00e4rderliga f\u00f6rem\u00e5l. Till skillnad fr\u00e5n ultrasoniska luftfuktare avger en evaporativ modell ingen synlig dimma och skapar varken vita dammavlagringar eller fuktfl\u00e4ckar p\u00e5 ytor. Den sprider och f\u00f6rdelar betydligt mer effektivt den fuktiga luften och bibeh\u00e5ller alltid en balanserad luftfuktighet utan risk f\u00f6r \u00f6verfuktning. De dubbla antibakteriella filtren f\u00e5ngar upp partiklar och h\u00e4mmar bakterietillv\u00e4xt \u2013 f\u00f6r en renare, friskare och mer hygienisk inomhusluft.    <\/p>\n<h3>Byggd f\u00f6r att h\u00e5lla \u2013 upp till 6 \u00e5rs garanti<\/h3>\n<p>Genom att registrera din Geneva HSW90 p\u00e5 <a href=\"https:\/\/warranty-woods.com\/?utm_source=chatgpt.com\">warranty-woods.com<\/a> och byta filter minst en g\u00e5ng per \u00e5r f\u00f6rl\u00e4nger du garantin i upp till 6 \u00e5r.<\/p>\n<h3>Skyddar b\u00e5de h\u00e4lsa och hem<\/h3>\n<p>En balanserad luftfuktighet minskar risken f\u00f6r torr hud, allergier och irriterade luftv\u00e4gar \u2013 och ger b\u00e4ttre s\u00f6mnkvalitet. Samtidigt skyddas tr\u00e4golv, m\u00f6bler och musikinstrument fr\u00e5n att spricka eller torka ut, vilket f\u00f6rl\u00e4nger deras livsl\u00e4ngd. Det g\u00f6r HSW90 till en lika bra investering f\u00f6r familjer och allergiker som f\u00f6r musiker, m\u00f6bel\u00e4gare och kontorsmilj\u00f6er.  <\/p>\n","protected":false},"excerpt":{"rendered":"<p>Wood\u2019s Geneva HSW90 \u00e4r en kraftfull och tystg\u00e5ende evaporativ luftfuktare. Med en fuktkapacitet p\u00e5 900 ml\/h, viskande tyst drift och l\u00e5g energif\u00f6rbrukning skapar den en optimal inomhusmilj\u00f6 som skyddar ditt hem och din h\u00e4lsa. Den \u00e4r enkel att anv\u00e4nda, har en stor vattentank och passar lika bra i sovrum som i vardagsrum, kontor och milj\u00f6er med k\u00e4nsliga m\u00f6bler och instrument.  <\/p>\n","protected":false},"featured_media":42195,"template":"","meta":{"_acf_changed":false},"product_brand":[],"product_cat":[4809,4814,337],"product_tag":[3031,3028,3029],"class_list":{"0":"post-47122","1":"product","2":"type-product","3":"status-publish","4":"has-post-thumbnail","6":"product_cat-foer-sovrum","7":"product_cat-foer-vardagsrum-och-kontor","8":"product_cat-luftfuktare","9":"product_tag-luftfuktare-for-mindre-sovrum","10":"product_tag-luftfuktare-for-sovrum","11":"product_tag-luftfuktare-for-vardagsrum-och-kontor","12":"splide__slide","14":"first","15":"instock","16":"taxable","17":"shipping-taxable","18":"purchasable","19":"product-type-simple"},"acf":[],"_links":{"self":[{"href":"https:\/\/woods.se\/sv\/wp-json\/wp\/v2\/product\/47122","targetHints":{"allow":["GET"]}}],"collection":[{"href":"https:\/\/woods.se\/sv\/wp-json\/wp\/v2\/product"}],"about":[{"href":"https:\/\/woods.se\/sv\/wp-json\/wp\/v2\/types\/product"}],"wp:featuredmedia":[{"embeddable":true,"href":"https:\/\/woods.se\/sv\/wp-json\/wp\/v2\/media\/42195"}],"wp:attachment":[{"href":"https:\/\/woods.se\/sv\/wp-json\/wp\/v2\/media?parent=47122"}],"wp:term":[{"taxonomy":"product_brand","embeddable":true,"href":"https:\/\/woods.se\/sv\/wp-json\/wp\/v2\/product_brand?post=47122"},{"taxonomy":"product_cat","embeddable":true,"href":"https:\/\/woods.se\/sv\/wp-json\/wp\/v2\/product_cat?post=47122"},{"taxonomy":"product_tag","embeddable":true,"href":"https:\/\/woods.se\/sv\/wp-json\/wp\/v2\/product_tag?post=47122"}],"curies":[{"name":"wp","href":"https:\/\/api.w.org\/{rel}","templated":true}]}}