{"id":47121,"date":"2024-12-10T15:05:06","date_gmt":"2024-12-10T14:05:06","guid":{"rendered":"https:\/\/stage.woods.se\/?post_type=product&#038;p=47121"},"modified":"2025-09-14T19:08:45","modified_gmt":"2025-09-14T17:08:45","slug":"woods-vienna-hsw100","status":"publish","type":"product","link":"https:\/\/woods.se\/sv\/produkter\/luftfuktare\/foer-vardagsrum-och-kontor\/woods-vienna-hsw100\/","title":{"rendered":"Wood&#8217;s Vienna HSW100"},"content":{"rendered":"<h2>Wood&#8217;s Vienna HSW100<\/h2>\n<h3>Premium-luftfuktare f\u00f6r stora ytor<\/h3>\n<p>Wood\u2019s Vienna HSW100 \u00e4r en av de mest kraftfulla och exklusiva luftfuktarna p\u00e5 marknaden. Tyst och extremt energieffektiv. Tillverkad och utvecklad i Sverige och byggd i robust metall f\u00f6r att h\u00e5lla i m\u00e5nga \u00e5r \u2013 ett h\u00e5llbart premiumval f\u00f6r dig som vill vara s\u00e4ker p\u00e5 att du inte har f\u00f6r torr luft i b\u00e5de hem och professionella milj\u00f6er.<\/p>\n<h3>Utvecklad f\u00f6r:<\/h3>\n<p><strong>Familjer:<\/strong> Ger tryggare och b\u00e4ttre s\u00f6mnmilj\u00f6.<br \/>\n<strong>H\u00e4lsomedvetna:<\/strong> F\u00f6rhindrar och lindrar effektivt torr och sprucken hud.<br \/>\n<strong>Allergiker: <\/strong>Lindrar besv\u00e4r fr\u00e5n torr luft och partiklar.<br \/>\n<strong>Tr\u00e4golv, inventarier &amp; m\u00f6bler: <\/strong>R\u00e4tt fuktighet f\u00f6rl\u00e4nger dess livsl\u00e4ngd och f\u00f6rhindrar skador.<br \/>\n<strong>Musiker &amp; instrument\u00e4gare:<\/strong> Skyddar k\u00e4nsliga tr\u00e4instrument.<br \/>\n<strong>Kontor:<\/strong> Skapar en friskare och mer produktiv arbetsmilj\u00f6.<\/p>\n<h3>Kapacitet och prestanda<\/h3>\n<p>Med en kapacitet p\u00e5 1 liter fukt per timme och en rekommenderad yta p\u00e5 upp till hela 210 m\u00b2, \u00e4r Vienna HSW100 perfekt f\u00f6r att skapa ett behagligt inomhusklimat i stora lokaler, kontor, butiker och hela hem. Den stora 9,3-liters vattentanken g\u00f6r att luftfuktaren kan k\u00f6ras under l\u00e5ng tid utan behov av p\u00e5fyllning.<\/p>\n<h3>Tyst och energieffektiv drift<\/h3>\n<p>Trots sin kraftfulla kapacitet \u00e4r Vienna HSW100 extremt energieffektiv och har en l\u00e5g energif\u00f6rbrukning p\u00e5 4-20 W per timme. Den stegl\u00f6sa fl\u00e4kten g\u00f6r att du kan finjustera luftfl\u00f6det exakt efter behov \u2013 fr\u00e5n diskret bakgrundsdrift till maximal prestanda.<\/p>\n<h3>Evaporativ teknologi \u2013 naturlig luftfuktning<\/h3>\n<p>Wood\u2019s HSW100 anv\u00e4nder evaporativ teknologi, en naturlig metod d\u00e4r luft passerar genom vattenfilter och tar upp fukt f\u00f6r att sedan spridas i luften. Tekniken \u00e4r densamma som anv\u00e4nds av museer v\u00e4rlden \u00f6ver f\u00f6r att skydda k\u00e4nsliga f\u00f6rem\u00e5l. Till skillnad fr\u00e5n ultrasoniska luftfuktare avger en evaporativ modell ingen synlig dimma och skapar varken vita dammavlagringar eller fuktfl\u00e4ckar p\u00e5 ytor. Resultatet blir en j\u00e4mn och h\u00e4lsosam luftfuktighet \u2013 utan risk f\u00f6r \u00f6verfuktning. Den sprider och f\u00f6rdelar betydligt mer effektivt den fuktiga luften och bibeh\u00e5ller alltid en balanserad luftfuktighet utan risk f\u00f6r \u00f6verfuktning. De dubbla antibakteriella filtren f\u00e5ngar upp partiklar och h\u00e4mmar bakterietillv\u00e4xt \u2013 f\u00f6r en renare, friskare och mer hygienisk inomhusluft.<\/p>\n<h3>Skyddar b\u00e5de h\u00e4lsa och hem<\/h3>\n<p>En balanserad luftfuktighet bidrar till att lindra torr och sprucken hud, irriterade luftv\u00e4gar och allergiproblem. Samtidigt skyddas tr\u00e4golv, m\u00f6bler och musikinstrument fr\u00e5n uttorkning och sprickor. F\u00f6r stora lokaler och \u00f6ppna milj\u00f6er \u00e4r Vienna HSW100 en investering som b\u00e5de f\u00f6rb\u00e4ttrar v\u00e4lm\u00e5endet och bevarar inredning och material.<\/p>\n<h3>Byggd f\u00f6r att h\u00e5lla \u2013 upp till 6 \u00e5rs garanti<\/h3>\n<p>Wood\u2019s Vienna HSW100 \u00e4r konstruerad i metall f\u00f6r l\u00e5ng livsl\u00e4ngd och s\u00e4ker anv\u00e4ndning. Genom att registrera den p\u00e5 warranty-woods.com och byta filter minst en g\u00e5ng per \u00e5r f\u00f6rl\u00e4nger du garantin i upp till 6 \u00e5r.<\/p>\n<p>Vill du slippa problem med f\u00f6r torr luft v\u00e4lj Wood\u2019s Vienna HSW100 \u2013 en exklusiv, svensktillverkad och energieffektiv premium-luftfuktare, skapad f\u00f6r stora utrymmen, hela hem och professionella milj\u00f6er.<\/p>\n","protected":false},"excerpt":{"rendered":"<p>Wood\u2019s Vienna HSW100 \u00e4r en exklusiv, svensktillverkad premium-luftfuktare f\u00f6r stora ytor upp till 210 m\u00b2. Med en kapacitet p\u00e5 1 liter per timme, en stor 9,3-liters vattentank och extremt energieffektiv drift \u00e4r den idealisk f\u00f6r hela hem, lokaler och kontor. Den mycket tysta och stegl\u00f6sa fl\u00e4kten g\u00f6r att du enkelt kan anpassa luftfuktningen efter ditt behov. Byggd i en robust metallkonstruktion f\u00f6r att h\u00e5lla l\u00e4nge med upp till 6 \u00e5rs garanti vid \u00e5rligt filterbyte.<\/p>\n","protected":false},"featured_media":46501,"template":"","meta":{"_acf_changed":false},"product_brand":[],"product_cat":[4823,4814,337],"product_tag":[3030,3028,3029],"class_list":{"0":"post-47121","1":"product","2":"type-product","3":"status-publish","4":"has-post-thumbnail","6":"product_cat-for-offentliga-utrymmen","7":"product_cat-foer-vardagsrum-och-kontor","8":"product_cat-luftfuktare","9":"product_tag-luftfuktare-for-offentliga-utrymmen","10":"product_tag-luftfuktare-for-sovrum","11":"product_tag-luftfuktare-for-vardagsrum-och-kontor","12":"product_shipping_class-hsw100","13":"splide__slide","15":"first","16":"outofstock","17":"taxable","18":"shipping-taxable","19":"purchasable","20":"product-type-simple"},"acf":[],"_links":{"self":[{"href":"https:\/\/woods.se\/sv\/wp-json\/wp\/v2\/product\/47121","targetHints":{"allow":["GET"]}}],"collection":[{"href":"https:\/\/woods.se\/sv\/wp-json\/wp\/v2\/product"}],"about":[{"href":"https:\/\/woods.se\/sv\/wp-json\/wp\/v2\/types\/product"}],"wp:featuredmedia":[{"embeddable":true,"href":"https:\/\/woods.se\/sv\/wp-json\/wp\/v2\/media\/46501"}],"wp:attachment":[{"href":"https:\/\/woods.se\/sv\/wp-json\/wp\/v2\/media?parent=47121"}],"wp:term":[{"taxonomy":"product_brand","embeddable":true,"href":"https:\/\/woods.se\/sv\/wp-json\/wp\/v2\/product_brand?post=47121"},{"taxonomy":"product_cat","embeddable":true,"href":"https:\/\/woods.se\/sv\/wp-json\/wp\/v2\/product_cat?post=47121"},{"taxonomy":"product_tag","embeddable":true,"href":"https:\/\/woods.se\/sv\/wp-json\/wp\/v2\/product_tag?post=47121"}],"curies":[{"name":"wp","href":"https:\/\/api.w.org\/{rel}","templated":true}]}}