{"id":47098,"date":"2024-12-16T08:59:55","date_gmt":"2024-12-16T07:59:55","guid":{"rendered":"https:\/\/stage.woods.se\/?post_type=product&#038;p=47098"},"modified":"2025-10-15T13:14:50","modified_gmt":"2025-10-15T11:14:50","slug":"woods-airmaster-forfilter-woz-100-3-pack","status":"publish","type":"product","link":"https:\/\/woods.se\/sv\/produkter\/ozoneaggregat\/woods-airmaster-forfilter-woz-100-3-pack\/","title":{"rendered":"Wood&#8217;s Airmaster F\u00f6rfilter WOZ 100 3-pack"},"content":{"rendered":"<h2>F\u00f6rfilter Wood&#8217;s Airmaster WOZ 100 3-pack<\/h2>\n<h3>Skyddar din ozongenerator f\u00f6r l\u00e4ngre livsl\u00e4ngd<\/h3>\n<p>Detta originalf\u00f6rfilter \u00e4r framtaget f\u00f6r Wood\u2019s Airmaster WOZ 100 (tidigare BL 100). F\u00f6rfiltret har en viktig funktion d\u00e5 det f\u00e5ngar upp damm och smuts som annars kan p\u00e5verka ozonproduktionen negativt. P\u00e5 s\u00e5 s\u00e4tt bidrar filtret b\u00e5de till en stabil ozonframst\u00e4llning och till att f\u00f6rl\u00e4nga livsl\u00e4ngden p\u00e5 din ozongenerator.<\/p>\n<h3>Enkel att byta<\/h3>\n<p>Filtret \u00e4r enkelt att ers\u00e4tta och kr\u00e4ver inga verktyg. Rekommendationen \u00e4r att byta det var 6\u201312 m\u00e5nad, eller oftare om enheten anv\u00e4nds i dammiga milj\u00f6er.<\/p>\n<h3>F\u00f6rpackning<\/h3>\n<p>Levereras i 3-pack, vilket g\u00f6r att du alltid har filter redo f\u00f6r regelbundet underh\u00e5ll av din WOZ 100.<\/p>\n","protected":false},"excerpt":{"rendered":"<p>F\u00f6rfilter Wood\u2019s Airmaster WOZ 100 3-pack \u00e4r originalfilter som skyddar din ozongenerator fr\u00e5n damm och smuts. Genom att h\u00e5lla aggregatet rent s\u00e4kerst\u00e4lls en j\u00e4mn och effektiv ozonframst\u00e4llning samt l\u00e4ngre livsl\u00e4ngd f\u00f6r enheten. Filtret \u00e4r enkelt att byta och rekommenderas att ers\u00e4ttas var 6\u201312 m\u00e5nad eller vid behov.<\/p>\n","protected":false},"featured_media":46859,"template":"","meta":{"_acf_changed":false},"product_brand":[],"product_cat":[338,339,333],"product_tag":[],"class_list":{"0":"post-47098","1":"product","2":"type-product","3":"status-publish","4":"has-post-thumbnail","6":"product_cat-ozoneaggregat","7":"product_cat-professional","8":"product_cat-tillbehor","9":"splide__slide","11":"first","12":"instock","13":"taxable","14":"shipping-taxable","15":"product-type-simple"},"acf":[],"_links":{"self":[{"href":"https:\/\/woods.se\/sv\/wp-json\/wp\/v2\/product\/47098","targetHints":{"allow":["GET"]}}],"collection":[{"href":"https:\/\/woods.se\/sv\/wp-json\/wp\/v2\/product"}],"about":[{"href":"https:\/\/woods.se\/sv\/wp-json\/wp\/v2\/types\/product"}],"wp:featuredmedia":[{"embeddable":true,"href":"https:\/\/woods.se\/sv\/wp-json\/wp\/v2\/media\/46859"}],"wp:attachment":[{"href":"https:\/\/woods.se\/sv\/wp-json\/wp\/v2\/media?parent=47098"}],"wp:term":[{"taxonomy":"product_brand","embeddable":true,"href":"https:\/\/woods.se\/sv\/wp-json\/wp\/v2\/product_brand?post=47098"},{"taxonomy":"product_cat","embeddable":true,"href":"https:\/\/woods.se\/sv\/wp-json\/wp\/v2\/product_cat?post=47098"},{"taxonomy":"product_tag","embeddable":true,"href":"https:\/\/woods.se\/sv\/wp-json\/wp\/v2\/product_tag?post=47098"}],"curies":[{"name":"wp","href":"https:\/\/api.w.org\/{rel}","templated":true}]}}