{"id":47091,"date":"2024-12-16T08:53:52","date_gmt":"2024-12-16T07:53:52","guid":{"rendered":"https:\/\/stage.woods.se\/?post_type=product&#038;p=47091"},"modified":"2025-10-27T16:32:11","modified_gmt":"2025-10-27T15:32:11","slug":"woods-airmaster-woz-4000","status":"publish","type":"product","link":"https:\/\/woods.se\/sv\/produkter\/ozoneaggregat\/woods-airmaster-woz-4000\/","title":{"rendered":"Wood\u2019s Airmaster WOZ 4000"},"content":{"rendered":"<h2>Wood&#8217;s Airmaster WOZ 4000<\/h2>\n<h3>Svensktillverkad ozongenerator f\u00f6r kr\u00e4vande luktsaneringsjobb<\/h3>\n<p>Wood\u2019s Airmaster WOZ 4000 \u00e4r framtagen f\u00f6r att klara de tuffaste luktutmaningarna inom industriellt bruk och sanering. Med sin h\u00f6ga kapacitet \u00e4r den ett effektivt verktyg f\u00f6r att eliminera kraftiga lukter, m\u00f6gelsporer, r\u00f6k- och brandskador och fett i ventilationssystem. Robust, p\u00e5litlig och utvecklad i Sverige \u2013 WOZ 4000 \u00e4r ett sj\u00e4lvklart val f\u00f6r professionella anv\u00e4ndare.<\/p>\n<h3>Justerbar ozonproduktion<\/h3>\n<p>WOZ 4000 erbjuder en flexibel ozonproduktion fr\u00e5n 40 till 4000 mg\/h, vilket g\u00f6r det m\u00f6jligt att anpassa effekten exakt efter behov. Med stegl\u00f6s reglering (1\u2013100 %) kan du arbeta b\u00e5de i sm\u00e5 utrymmen och i st\u00f6rre industriella lokaler.<\/p>\n<h3>Digital styrning med s\u00e4kerhetsfokus<\/h3>\n<p>Den digitala kontrollpanelen g\u00f6r det enkelt att programmera enheten med intervall- och dygnstimer, vilket ger trygg automatisering. S\u00e4kerhetsinst\u00e4llningarna \u00e4r utformade f\u00f6r att minimera riskerna som kan uppst\u00e5 vid f\u00f6rh\u00f6jda ozonniv\u00e5er och ger dig full kontroll \u00f6ver driften.<\/p>\n<h3>Flexibel anv\u00e4ndning<\/h3>\n<p>Tack vare slangkoppling (slang tillval) kan ozonet ledas direkt till sv\u00e5r\u00e5tkomliga omr\u00e5den, exempelvis ventilationskanaler, fordon eller inbyggda utrymmen. Detta g\u00f6r WOZ 4000 s\u00e4rskilt anv\u00e4ndbar f\u00f6r r\u00f6k- och brandsanering, d\u00e4r lukten ofta sitter djupt i material.<\/p>\n<h3>Ozonr\u00f6rsteknik \u2013 f\u00f6r l\u00e5ng livsl\u00e4ngd och s\u00e4ker drift<\/h3>\n<p>Ozonr\u00f6rstekniken i WOZ 4000 ger en j\u00e4mn och kontrollerad niv\u00e5 av ozon. Ozonet bildas genom ett kvartsglasr\u00f6r d\u00e4r elektriska urladdningar sker i en j\u00e4mn och skyddad milj\u00f6. Det g\u00f6r att du kan leda ozonet dit du \u00f6nskar men ocks\u00e5 att ozonet inte sprids i maskinen och skadar komponenterna och g\u00f6r underh\u00e5llet enklare \u2013 f\u00f6r en l\u00e4ngre livsl\u00e4ngd. R\u00f6ren \u00e4r dessutom slutna och mindre k\u00e4nsliga f\u00f6r damm och smuts.<\/p>\n<h3>Robust och l\u00e4tthanterlig design<\/h3>\n<p>WOZ 4000 har en solid konstruktion som t\u00e5l tuffa tag i industriella milj\u00f6er. Den \u00e4r energieffektiv, utrustad med b\u00e4rhandtag f\u00f6r enkel transport och kan \u00e4ven monteras p\u00e5 v\u00e4gg via en praktisk nyckelh\u00e5lsl\u00f6sning.<\/p>\n<h3>Svensktillverkad kvalitet<\/h3>\n<p>Precis som alla ozongeneratorer i WOZ-serien \u00e4r WOZ 4000 utvecklad och tillverkad i Sverige. Wood\u2019s \u00e4r medlem i European Ozone Trade Association (EUOTA) och del\u00e4gare i EUOTAS Ozone-dossier f\u00f6r verksamma biocid\u00e4mnen \u2013 en garanti f\u00f6r att produkten uppfyller h\u00f6ga s\u00e4kerhets- och kvalitetskrav.<\/p>\n<p><strong>Ansvarsfriskrivning:<\/strong><br \/>\nEj f\u00f6r konsumentbruk. V\u00e5ra ozongeneratorer b\u00f6r endast anv\u00e4ndas av utbildad personal som \u00e4r kunnig i att hantera ozon. Exponering f\u00f6r ozon inneb\u00e4r potentiella h\u00e4lsorisker f\u00f6r m\u00e4nniskor och djur. Felaktig anv\u00e4ndning kan skada elektronik, plast, silikoner, konstverk och andra material. Det \u00e4r absolut n\u00f6dv\u00e4ndigt att f\u00f6lja professionella riktlinjer och s\u00e4kerhetsprotokoll vid anv\u00e4ndning av dessa enheter.<\/p>\n<p>Beroende av modell \u00e4r den keramiska plattan eller ozonr\u00f6ret i v\u00e5ra ozongeneratorer fr\u00e5n Airmaster-serien en f\u00f6rbrukningsvara och omfattas inte av garantin. F\u00f6r optimalt resultat rekommenderar vi att du byter ut ozonr\u00f6ret eller den keramiska plattan 1\u20132 g\u00e5nger per \u00e5r.<\/p>\n<p><strong>Riktlinjer f\u00f6r anv\u00e4ndning:<\/strong><br \/>\nAnv\u00e4nd inte v\u00e5ra ozongeneratorer i n\u00e4rheten av m\u00e4nniskor eller djur. G\u00e5 inte in i omr\u00e5den d\u00e4r ozon produceras.<br \/>\nTesta f\u00f6r optimal anv\u00e4ndning: Genomf\u00f6r inledande tester f\u00f6r att fastst\u00e4lla vilken ozonniv\u00e5 som kr\u00e4vs f\u00f6r att neutralisera lukter. Anv\u00e4nd endast den m\u00e4ngd ozon som beh\u00f6vs f\u00f6r att avl\u00e4gsna lukt och undvik att \u00f6verdosera.<br \/>\nAnv\u00e4ndning av timer: Anv\u00e4nd alltid en timer n\u00e4r du anv\u00e4nder ditt ozonaggregat. Om ozonaggregatet saknar inbyggd timer ska det anslutas till en extern avst\u00e4ngningstimer f\u00f6r att f\u00f6rhindra exponering av ozon innan det f\u00f6rsvinner.<br \/>\nVarningsskyltar: Om du anv\u00e4nder en ozonaggregat i ett utrymme d\u00e4r m\u00e4nniskor vistas, t.ex. ett sop- eller \u00e5tervinningsrum, ska du s\u00e4tta upp varningsskyltar p\u00e5 en v\u00e4l synlig plats utanf\u00f6r omr\u00e5det f\u00f6r att varna personer f\u00f6r f\u00f6rekomsten av ozon under drift.<\/p>\n<p><strong>F\u00f6rsiktighets\u00e5tg\u00e4rder vid \u00e5terintr\u00e4de:<\/strong><br \/>\nUtrymmet f\u00e5r inte betr\u00e4das f\u00f6rr\u00e4n ozonkoncentrationen \u00e4r under g\u00e4llande gr\u00e4nsv\u00e4rden.<\/p>\n","protected":false},"excerpt":{"rendered":"<p>Wood\u2019s Airmaster WOZ 4000 \u00e4r en svensktillverkad ozongenerator med ozonr\u00f6rsteknik, utvecklad f\u00f6r de mest kr\u00e4vande milj\u00f6erna. Med en justerbar ozonproduktion upp till 4000 mg\/h \u00e4r den idealisk f\u00f6r industriellt bruk, r\u00f6k- och brandsanering samt tuffa luktsaneringsjobb. Med digital styrning, inbyggda s\u00e4kerhetsfunktioner och robust konstruktion \u00e4r WOZ 4000 b\u00e5de p\u00e5litlig och enkel att anv\u00e4nda \u2013 med b\u00e4rhandtag, v\u00e4ggmontering och m\u00f6jlighet till slanganslutning.<\/p>\n","protected":false},"featured_media":46971,"template":"","meta":{"_acf_changed":false},"product_brand":[],"product_cat":[338,339],"product_tag":[2888,2886,2877],"class_list":{"0":"post-47091","1":"product","2":"type-product","3":"status-publish","4":"has-post-thumbnail","6":"product_cat-ozoneaggregat","7":"product_cat-professional","8":"product_tag-brandsanering","9":"product_tag-industriellt-bruk","10":"product_tag-ozongenerator","11":"splide__slide","13":"first","14":"instock","15":"taxable","16":"shipping-taxable","17":"product-type-simple"},"acf":[],"_links":{"self":[{"href":"https:\/\/woods.se\/sv\/wp-json\/wp\/v2\/product\/47091","targetHints":{"allow":["GET"]}}],"collection":[{"href":"https:\/\/woods.se\/sv\/wp-json\/wp\/v2\/product"}],"about":[{"href":"https:\/\/woods.se\/sv\/wp-json\/wp\/v2\/types\/product"}],"wp:featuredmedia":[{"embeddable":true,"href":"https:\/\/woods.se\/sv\/wp-json\/wp\/v2\/media\/46971"}],"wp:attachment":[{"href":"https:\/\/woods.se\/sv\/wp-json\/wp\/v2\/media?parent=47091"}],"wp:term":[{"taxonomy":"product_brand","embeddable":true,"href":"https:\/\/woods.se\/sv\/wp-json\/wp\/v2\/product_brand?post=47091"},{"taxonomy":"product_cat","embeddable":true,"href":"https:\/\/woods.se\/sv\/wp-json\/wp\/v2\/product_cat?post=47091"},{"taxonomy":"product_tag","embeddable":true,"href":"https:\/\/woods.se\/sv\/wp-json\/wp\/v2\/product_tag?post=47091"}],"curies":[{"name":"wp","href":"https:\/\/api.w.org\/{rel}","templated":true}]}}