{"id":47077,"date":"2024-12-16T08:52:52","date_gmt":"2024-12-16T07:52:52","guid":{"rendered":"https:\/\/stage.woods.se\/?post_type=product&#038;p=47077"},"modified":"2025-12-12T18:05:36","modified_gmt":"2025-12-12T17:05:36","slug":"woods-airmaster-woz-500","status":"publish","type":"product","link":"https:\/\/woods.se\/sv\/produkter\/ozoneaggregat\/woods-airmaster-woz-500\/","title":{"rendered":"Wood\u2019s Airmaster WOZ 500"},"content":{"rendered":"<h2>Wood\u2019s Airmaster WOZ 500<\/h2>\n<h3>Svensktillverkad ozongenerator f\u00f6r professionella milj\u00f6er<\/h3>\n<p>Wood\u2019s Airmaster WOZ 500 \u00e4r utvecklad f\u00f6r att m\u00f6ta kraven i professionella och industriella milj\u00f6er d\u00e4r effektiv borttagning av m\u00f6gel och lukter \u00e4r avg\u00f6rande. Tillverkad i Sverige med fokus p\u00e5 funktion, s\u00e4kerhet och anv\u00e4ndarv\u00e4nlighet, \u00e4r WOZ 500 det perfekta valet f\u00f6r allt fr\u00e5n soprum och \u00e5tervinningsstationer till bilprovning, f\u00f6rvaringsutrymmen och uppfr\u00e4schning av l\u00e4genheter eller hotellrum. <\/p>\n<h3>Justerbar ozonproduktion<\/h3>\n<p>WOZ 500 har en st\u00e4llbar ozonproduktion fr\u00e5n 5 till 500 mg\/h, vilket g\u00f6r det enkelt att anpassa ozonniv\u00e5erna efter behov. Du v\u00e4ljer sj\u00e4lv procentuell produktion d\u00e4r 100 % motsvarar full kapacitet. Detta ger en h\u00f6g flexibilitet och s\u00e4ker drift i olika typer av utrymmen.  <\/p>\n<h3>Digital styrning med s\u00e4kerhetsfokus<\/h3>\n<p>Den digitala kontrollpanelen erbjuder intervall- och dygnstimer, vilket g\u00f6r det enkelt att programmera enheten f\u00f6r automatiserad drift. Funktionerna \u00e4r utformade f\u00f6r att ge full kontroll \u00f6ver ozonproduktionen och samtidigt minimera risken av f\u00f6r h\u00f6ga ozonniv\u00e5er. <\/p>\n<h3>Flexibel anv\u00e4ndning<\/h3>\n<p>WOZ 500 \u00e4r utrustad med en slangkoppling f\u00f6r enkel anslutning av en silikonslang (tillval). Detta g\u00f6r att ozon kan ledas direkt till sv\u00e5r\u00e5tkomliga omr\u00e5den, exempelvis ventilationskanaler eller inbyggda utrymmen, d\u00e4r behovet av behandling \u00e4r som st\u00f6rst. <\/p>\n<h3>Ozonr\u00f6rsteknik \u2013 f\u00f6r l\u00e5ng livsl\u00e4ngd och s\u00e4ker drift<\/h3>\n<p>Ozonr\u00f6rstekniken i WOZ 500 ger en j\u00e4mn och kontrollerad niv\u00e5 av ozon. Ozonet bildas genom ett kvartsglasr\u00f6r d\u00e4r elektriska urladdningar sker i en j\u00e4mn och skyddad milj\u00f6. Det g\u00f6r att du kan leda ozonet dit du \u00f6nskar men ocks\u00e5 att ozonet inte sprids i maskinen och skadar komponenterna och g\u00f6r underh\u00e5llet enklare \u2013 f\u00f6r en l\u00e4ngre livsl\u00e4ngd. R\u00f6ren \u00e4r dessutom slutna och mindre k\u00e4nsliga f\u00f6r damm och smuts.   <\/p>\n<h3>Robust och l\u00e4tthanterlig design<\/h3>\n<p>Med sin solida konstruktion, l\u00e5ga energif\u00f6rbrukning och praktiska b\u00e4rhandtag \u00e4r WOZ 500 enkel att anv\u00e4nda och flytta mellan olika arbetsplatser. Den kan \u00e4ven monteras p\u00e5 v\u00e4gg via en smidig nyckelh\u00e5lsl\u00f6sning, vilket ger en permanent och platsbesparande installation. <\/p>\n<h3>Svensktillverkad kvalitet<\/h3>\n<p>Wood\u2019s Airmaster WOZ 500 \u00e4r utvecklad och tillverkad i Sverige med h\u00f6gsta fokus p\u00e5 h\u00e5llbarhet och kvalitet. Wood\u2019s \u00e4r dessutom medlem i European Ozone Trade Association (EUOTA) och del\u00e4gare i EUOTAS Ozone-dossier f\u00f6r verksamma biocid\u00e4mnen \u2013 en extra trygghet f\u00f6r professionella anv\u00e4ndare. <\/p>\n<h4><strong>Ansvarsfriskrivning:<\/strong><br \/>\nEj f\u00f6r konsumentbruk. V\u00e5ra ozongeneratorer b\u00f6r endast anv\u00e4ndas av utbildad personal som \u00e4r kunnig i att hantera ozon. Exponering f\u00f6r ozon inneb\u00e4r potentiella h\u00e4lsorisker f\u00f6r m\u00e4nniskor och djur. Felaktig anv\u00e4ndning kan skada elektronik, plast, silikoner, konstverk och andra material. Det \u00e4r absolut n\u00f6dv\u00e4ndigt att f\u00f6lja professionella riktlinjer och s\u00e4kerhetsprotokoll vid anv\u00e4ndning av dessa enheter.<\/p>\n<p>Beroende av modell \u00e4r den keramiska plattan eller ozonr\u00f6ret i v\u00e5ra ozongeneratorer fr\u00e5n Airmaster-serien en f\u00f6rbrukningsvara och omfattas inte av garantin. F\u00f6r optimalt resultat rekommenderar vi att du byter ut ozonr\u00f6ret eller den keramiska plattan 1\u20132 g\u00e5nger per \u00e5r.   <\/h4>\n<h4><strong>Riktlinjer f\u00f6r anv\u00e4ndning:<\/strong><\/h4>\n<p><strong>Undvik bebodda utrymmen: <\/strong>Anv\u00e4nd inte v\u00e5ra ozongeneratorer i n\u00e4rheten av m\u00e4nniskor eller djur. G\u00e5 inte in i omr\u00e5den d\u00e4r ozon produceras.<br \/>\n<strong>Testa f\u00f6r optimal anv\u00e4ndning: <\/strong>Genomf\u00f6r inledande tester f\u00f6r att fastst\u00e4lla vilken ozonniv\u00e5 som kr\u00e4vs f\u00f6r att neutralisera lukter. Anv\u00e4nd endast den m\u00e4ngd ozon som beh\u00f6vs f\u00f6r att avl\u00e4gsna lukt och undvik att \u00f6verdosera.<br \/>\n<strong>Anv\u00e4ndning av timer:<\/strong> Anv\u00e4nd alltid en timer n\u00e4r du anv\u00e4nder ditt ozonaggregat. Om ozonaggregatet saknar inbyggd timer ska det anslutas till en extern avst\u00e4ngningstimer f\u00f6r att f\u00f6rhindra exponering av ozon innan det f\u00f6rsvinner.<br \/>\n<strong>Varningsskyltar: <\/strong>Om du anv\u00e4nder en ozonaggregat i ett utrymme d\u00e4r m\u00e4nniskor vistas, t.ex. ett sop- eller \u00e5tervinningsrum, ska du s\u00e4tta upp varningsskyltar p\u00e5 en v\u00e4l synlig plats utanf\u00f6r omr\u00e5det f\u00f6r att varna personer f\u00f6r f\u00f6rekomsten av ozon under drift.<br \/>\n<strong>F\u00f6rsiktighets\u00e5tg\u00e4rder vid \u00e5terintr\u00e4de:<\/strong> Utrymmet f\u00e5r inte betr\u00e4das f\u00f6rr\u00e4n ozonkoncentrationen \u00e4r under g\u00e4llande gr\u00e4nsv\u00e4rden. <\/p>\n","protected":false},"excerpt":{"rendered":"<p>Wood\u2019s Airmaster WOZ 500 \u00e4r en svensktillverkad ozongenerator med ozonr\u00f6rsteknik, utvecklad f\u00f6r att ta bort obehagliga lukter i allt fr\u00e5n soprum och \u00e5tervinningsstationer till hotellrum, f\u00f6rvaringsutrymmen och bilhallar. Med en justerbar ozonproduktion upp till 500 mg\/h, digital styrning och inbyggda s\u00e4kerhetsfunktioner eliminerar den effektivt m\u00f6gel och ih\u00e5llande lukter. WOZ 500 \u00e4r robust, energieffektiv och enkel att anv\u00e4nda \u2013 med b\u00e4rhandtag, v\u00e4ggmontering och m\u00f6jlighet till slanganslutning.  <\/p>\n","protected":false},"featured_media":46915,"template":"","meta":{"_acf_changed":false},"product_brand":[],"product_cat":[338,339],"product_tag":[3077,3079,4207,2877,4208],"class_list":{"0":"post-47077","1":"product","2":"type-product","3":"status-publish","4":"has-post-thumbnail","6":"product_cat-ozoneaggregat","7":"product_cat-professional","8":"product_tag-atervinningsstation","9":"product_tag-bil-rekondering","10":"product_tag-hotell","11":"product_tag-ozongenerator","12":"product_tag-soprum-2","13":"product_shipping_class-high","14":"splide__slide","16":"first","17":"instock","18":"taxable","19":"shipping-taxable","20":"product-type-simple"},"acf":[],"_links":{"self":[{"href":"https:\/\/woods.se\/sv\/wp-json\/wp\/v2\/product\/47077","targetHints":{"allow":["GET"]}}],"collection":[{"href":"https:\/\/woods.se\/sv\/wp-json\/wp\/v2\/product"}],"about":[{"href":"https:\/\/woods.se\/sv\/wp-json\/wp\/v2\/types\/product"}],"wp:featuredmedia":[{"embeddable":true,"href":"https:\/\/woods.se\/sv\/wp-json\/wp\/v2\/media\/46915"}],"wp:attachment":[{"href":"https:\/\/woods.se\/sv\/wp-json\/wp\/v2\/media?parent=47077"}],"wp:term":[{"taxonomy":"product_brand","embeddable":true,"href":"https:\/\/woods.se\/sv\/wp-json\/wp\/v2\/product_brand?post=47077"},{"taxonomy":"product_cat","embeddable":true,"href":"https:\/\/woods.se\/sv\/wp-json\/wp\/v2\/product_cat?post=47077"},{"taxonomy":"product_tag","embeddable":true,"href":"https:\/\/woods.se\/sv\/wp-json\/wp\/v2\/product_tag?post=47077"}],"curies":[{"name":"wp","href":"https:\/\/api.w.org\/{rel}","templated":true}]}}