{"id":47070,"date":"2024-12-16T08:35:04","date_gmt":"2024-12-16T07:35:04","guid":{"rendered":"https:\/\/stage.woods.se\/?post_type=product&#038;p=47070"},"modified":"2025-09-14T19:14:33","modified_gmt":"2025-09-14T17:14:33","slug":"woods-airmaster-woz-100","status":"publish","type":"product","link":"https:\/\/woods.se\/sv\/produkter\/ozoneaggregat\/woods-airmaster-woz-100\/","title":{"rendered":"Wood\u2019s Airmaster WOZ 100"},"content":{"rendered":"<h2>Wood\u2019s Airmaster WOZ 100 \u2013 Enkelozongenerator f\u00f6r professionella behov<\/h2>\n<p>Wood\u2019s Airmaster WOZ 100 \u00e4r framtagen f\u00f6r att leverera luktsanering och hantera unken lukt p\u00e5 ett s\u00e5 enkelt s\u00e4tt som m\u00f6jligt. Med en fast ozonproduktion p\u00e5 100 mg\/h och en enda p\u00e5\/av-knapp \u00e4r den mycket l\u00e4tt att anv\u00e4nda i till exempel hotell- och stugmilj\u00f6er och vid bilrekond. Vid behov kan man enkelt koppla den till en timer f\u00f6r att tidsstyra ozonproduktionen exempelvis i fastigheter. Detta g\u00f6r den till ett smidigt val f\u00f6r professionella anv\u00e4ndare som vill ha snabb, p\u00e5litlig drift utan komplicerade inst\u00e4llningar.<\/p>\n<h3>Flexibel anv\u00e4ndning \u2013 \u00e4ven f\u00f6r bilrekond<\/h3>\n<p>WOZ 100 kan drivas med 12V (adapter medf\u00f6ljer ej) och kopplas direkt till ett cigarettuttag i bil. Detta g\u00f6r den s\u00e4rskilt anv\u00e4ndbar f\u00f6r bilrekond, d\u00e4r den effektivt tar bort ih\u00e5llande lukter.<\/p>\n<h3>Robust och l\u00e4tthanterlig design<\/h3>\n<p>Med sin robusta konstruktion, l\u00e5ga energif\u00f6rbrukning och praktiska b\u00e4rhandtag \u00e4r WOZ 100 enkel att flytta mellan olika utrymmen. Den kan \u00e4ven v\u00e4ggmonteras via en smidig nyckelh\u00e5lsl\u00f6sning f\u00f6r station\u00e4r drift.<\/p>\n<h3>Tillverkad i Sverige<\/h3>\n<p>WOZ 100 \u00e4r utvecklad och tillverkad i Sverige med fokus p\u00e5 h\u00e5llbarhet och funktion. Wood\u2019s \u00e4r medlem i European Ozone Trade Association (EUOTA) och del\u00e4gare i EUOTAS Ozone-dossier f\u00f6r verksamma biocid\u00e4mnen \u2013 en garanti f\u00f6r h\u00f6g kvalitet och s\u00e4ker anv\u00e4ndning.<\/p>\n<p><strong>Ansvarsfriskrivning:<\/strong><br \/>\nEj f\u00f6r konsumentbruk. V\u00e5ra ozongeneratorer b\u00f6r endast anv\u00e4ndas av utbildad personal som \u00e4r kunnig i att hantera ozon. Exponering f\u00f6r ozon inneb\u00e4r potentiella h\u00e4lsorisker f\u00f6r m\u00e4nniskor och djur. Felaktig anv\u00e4ndning kan skada elektronik, plast, silikoner, konstverk och andra material. Det \u00e4r absolut n\u00f6dv\u00e4ndigt att f\u00f6lja professionella riktlinjer och s\u00e4kerhetsprotokoll vid anv\u00e4ndning av dessa enheter.<\/p>\n<p>Beroende av modell \u00e4r den keramiska plattan eller ozonr\u00f6ret i v\u00e5ra ozongeneratorer fr\u00e5n Airmaster-serien en f\u00f6rbrukningsvara och omfattas inte av garantin. F\u00f6r optimalt resultat rekommenderar vi att du byter ut ozonr\u00f6ret eller den keramiska plattan 1\u20132 g\u00e5nger per \u00e5r.<\/p>\n<p><strong>Riktlinjer f\u00f6r anv\u00e4ndning:<\/strong><br \/>\nAnv\u00e4nd inte v\u00e5ra ozongeneratorer i n\u00e4rheten av m\u00e4nniskor eller djur. G\u00e5 inte in i omr\u00e5den d\u00e4r ozon produceras.<br \/>\nTesta f\u00f6r optimal anv\u00e4ndning: Genomf\u00f6r inledande tester f\u00f6r att fastst\u00e4lla vilken ozonniv\u00e5 som kr\u00e4vs f\u00f6r att neutralisera lukter. Anv\u00e4nd endast den m\u00e4ngd ozon som beh\u00f6vs f\u00f6r att avl\u00e4gsna lukt och undvik att \u00f6verdosera.<br \/>\nAnv\u00e4ndning av timer: Anv\u00e4nd alltid en timer n\u00e4r du anv\u00e4nder ditt ozonaggregat. Om ozonaggregatet saknar inbyggd timer ska det anslutas till en extern avst\u00e4ngningstimer f\u00f6r att f\u00f6rhindra exponering av ozon innan det f\u00f6rsvinner.<br \/>\nVarningsskyltar: Om du anv\u00e4nder en ozonaggregat i ett utrymme d\u00e4r m\u00e4nniskor vistas, t.ex. ett sop- eller \u00e5tervinningsrum, ska du s\u00e4tta upp varningsskyltar p\u00e5 en v\u00e4l synlig plats utanf\u00f6r omr\u00e5det f\u00f6r att varna personer f\u00f6r f\u00f6rekomsten av ozon under drift.<\/p>\n<p>F\u00f6rsiktighets\u00e5tg\u00e4rder vid \u00e5terintr\u00e4de:<br \/>\nUtrymmet f\u00e5r inte betr\u00e4das f\u00f6rr\u00e4n ozonkoncentrationen \u00e4r under g\u00e4llande gr\u00e4nsv\u00e4rden.<\/p>\n","protected":false},"excerpt":{"rendered":"<p>Wood\u2019s Airmaster WOZ 100 \u00e4r en svensktillverkad ozongenerator som producerar 100 mg\/h via en keramisk platta vilket snabbt hanterar unken lukt. Den har en enkel p\u00e5\/av-knapp vilket g\u00f6r den mycket l\u00e4tt att anv\u00e4nda. Tack vare m\u00f6jligheten att drivas med 12V (adapter medf\u00f6ljer ej) kan den kopplas direkt till ett cigarettuttag \u2013 perfekt f\u00f6r bilrekond. Robust, energieffektiv och smidig att hantera.<\/p>\n","protected":false},"featured_media":46866,"template":"","meta":{"_acf_changed":false},"product_brand":[],"product_cat":[338,339],"product_tag":[2877],"class_list":{"0":"post-47070","1":"product","2":"type-product","3":"status-publish","4":"has-post-thumbnail","6":"product_cat-ozoneaggregat","7":"product_cat-professional","8":"product_tag-ozongenerator","9":"product_shipping_class-high","10":"splide__slide","12":"first","13":"instock","14":"taxable","15":"shipping-taxable","16":"product-type-simple"},"acf":[],"_links":{"self":[{"href":"https:\/\/woods.se\/sv\/wp-json\/wp\/v2\/product\/47070","targetHints":{"allow":["GET"]}}],"collection":[{"href":"https:\/\/woods.se\/sv\/wp-json\/wp\/v2\/product"}],"about":[{"href":"https:\/\/woods.se\/sv\/wp-json\/wp\/v2\/types\/product"}],"wp:featuredmedia":[{"embeddable":true,"href":"https:\/\/woods.se\/sv\/wp-json\/wp\/v2\/media\/46866"}],"wp:attachment":[{"href":"https:\/\/woods.se\/sv\/wp-json\/wp\/v2\/media?parent=47070"}],"wp:term":[{"taxonomy":"product_brand","embeddable":true,"href":"https:\/\/woods.se\/sv\/wp-json\/wp\/v2\/product_brand?post=47070"},{"taxonomy":"product_cat","embeddable":true,"href":"https:\/\/woods.se\/sv\/wp-json\/wp\/v2\/product_cat?post=47070"},{"taxonomy":"product_tag","embeddable":true,"href":"https:\/\/woods.se\/sv\/wp-json\/wp\/v2\/product_tag?post=47070"}],"curies":[{"name":"wp","href":"https:\/\/api.w.org\/{rel}","templated":true}]}}