{"id":47062,"date":"2024-12-12T11:48:24","date_gmt":"2024-12-12T10:48:24","guid":{"rendered":"https:\/\/stage.woods.se\/?post_type=product&#038;p=47062"},"modified":"2026-02-05T10:39:18","modified_gmt":"2026-02-05T09:39:18","slug":"universal-filter-for-whu400-och-whu600","status":"publish","type":"product","link":"https:\/\/woods.se\/sv\/produkter\/luftfuktare\/universal-filter-for-whu400-och-whu600\/","title":{"rendered":"Universal filter f\u00f6r WHU400 och WHU600"},"content":{"rendered":"<h2>Wood\u2019s Universal Filter f\u00f6r WHU400 och WHU600 (4-pack)<\/h2>\n<p>Wood\u2019s Universalfilter \u00e4r ett originaltillbeh\u00f6r till luftfuktarna WHU400 och WHU600. Filtret reducerar kalk i vattnet och bidrar till en renare och mer effektiv befuktning. Det skyddar dessutom luftfuktaren mot kalkavlagringar och f\u00f6rl\u00e4nger dess livsl\u00e4ngd. Levereras i paket med 4 st filter som \u00e4r enkla att byta ut.<\/p>\n","protected":false},"excerpt":{"rendered":"<p>Wood\u2019s Universalfilter \u00e4r ett originaltillbeh\u00f6r till luftfuktarna WHU400 och WHU600. Filtret reducerar kalk i vattnet och bidrar till en renare och mer effektiv befuktning. Det skyddar dessutom luftfuktaren mot kalkavlagringar och f\u00f6rl\u00e4nger dess livsl\u00e4ngd. Levereras i paket med 4 st filter som \u00e4r enkla att byta ut.<\/p>\n","protected":false},"featured_media":46629,"template":"","meta":{"_acf_changed":false},"product_brand":[],"product_cat":[337,333,4829],"product_tag":[371,2876],"class_list":{"0":"post-47062","1":"product","2":"type-product","3":"status-publish","4":"has-post-thumbnail","6":"product_cat-luftfuktare","7":"product_cat-tillbehor","8":"product_cat-tillbehor-luftfuktare","9":"product_tag-filter-sv","10":"product_tag-luftfuktare","11":"splide__slide","13":"first","14":"instock","15":"taxable","16":"shipping-taxable","17":"purchasable","18":"product-type-simple"},"acf":[],"_links":{"self":[{"href":"https:\/\/woods.se\/sv\/wp-json\/wp\/v2\/product\/47062","targetHints":{"allow":["GET"]}}],"collection":[{"href":"https:\/\/woods.se\/sv\/wp-json\/wp\/v2\/product"}],"about":[{"href":"https:\/\/woods.se\/sv\/wp-json\/wp\/v2\/types\/product"}],"wp:featuredmedia":[{"embeddable":true,"href":"https:\/\/woods.se\/sv\/wp-json\/wp\/v2\/media\/46629"}],"wp:attachment":[{"href":"https:\/\/woods.se\/sv\/wp-json\/wp\/v2\/media?parent=47062"}],"wp:term":[{"taxonomy":"product_brand","embeddable":true,"href":"https:\/\/woods.se\/sv\/wp-json\/wp\/v2\/product_brand?post=47062"},{"taxonomy":"product_cat","embeddable":true,"href":"https:\/\/woods.se\/sv\/wp-json\/wp\/v2\/product_cat?post=47062"},{"taxonomy":"product_tag","embeddable":true,"href":"https:\/\/woods.se\/sv\/wp-json\/wp\/v2\/product_tag?post=47062"}],"curies":[{"name":"wp","href":"https:\/\/api.w.org\/{rel}","templated":true}]}}