{"id":47038,"date":"2024-12-12T11:18:31","date_gmt":"2024-12-12T10:18:31","guid":{"rendered":"https:\/\/stage.woods.se\/?post_type=product&#038;p=47038"},"modified":"2025-10-14T14:41:02","modified_gmt":"2025-10-14T12:41:02","slug":"woods-window-sealing-kit","status":"publish","type":"product","link":"https:\/\/woods.se\/sv\/produkter\/luftkonditionering\/woods-window-sealing-kit\/","title":{"rendered":"Wood&#8217;s Window Sealing Kit"},"content":{"rendered":"<h2>Wood&#8217;s Window Sealing Kit<\/h2>\n<h3>T\u00e4tningskit f\u00f6r f\u00f6nster f\u00f6r att f\u00e5 ut max av din portabla AC<\/h3>\n<p>Med Wood\u2019s Window Sealing Kit kan du optimera prestandan p\u00e5 din portabla luftkonditionering. Genom att f\u00f6rsegla \u00f6ppningen runt fr\u00e5nluftsslangen hindras varm luft fr\u00e5n att komma tillbaka in i rummet \u2013 n\u00e5got som annars kraftigt minskar kylkapaciteten och \u00f6kar energif\u00f6rbrukningen.<\/p>\n<h3>Smart design och smidig installation<\/h3>\n<p>Kitet \u00e4r 4 meter l\u00e5ngt och 39 cm brett och monteras enkelt med kardborre mellan f\u00f6nstret och ramen, helt utan behov av komplicerade v\u00e4gg\u00f6ppningar. Tack vare den flexibla och justerbara zip\u00f6ppningen kan det anpassas efter alla typer av f\u00f6nster samt slangdiametrar och munstycken. N\u00e4r du vill st\u00e4nga f\u00f6nstret \u00e4r det bara att ta bort kitet \u2013 snabbt och enkelt.<\/p>\n<h3>F\u00f6rdelar med Wood\u2019s Window Sealing Kit<\/h3>\n<ul>\n<li>F\u00f6rb\u00e4ttrad kylkapacitet \u2013 hindrar varm luft fr\u00e5n att tr\u00e4nga in.<\/li>\n<li>Energibesparing \u2013 minskar str\u00f6mf\u00f6rbrukningen genom b\u00e4ttre t\u00e4thet.<\/li>\n<li>B\u00e4ttre inomhusmilj\u00f6 \u2013 stoppar damm, smuts och insekter fr\u00e5n att komma in.<\/li>\n<li>Universell passform \u2013 fungerar med alla portabla AC med fr\u00e5nluftsslang.<\/li>\n<\/ul>\n<h3>Perfekt f\u00f6r hem och kontor<\/h3>\n<p>Oavsett om du anv\u00e4nder din portabla AC i vardagsrummet, sovrummet eller p\u00e5 kontoret, hj\u00e4lper Wood\u2019s Window Sealing Kit dig att f\u00e5 ut maximal effekt och en svalare, mer behaglig inomhusmilj\u00f6.<\/p>\n<p>V\u00e4lj Wood\u2019s Window Sealing Kit \u2013 ett enkelt, smart och energieffektivt tillbeh\u00f6r till din portabla AC.<\/p>\n","protected":false},"excerpt":{"rendered":"<p>Wood\u2019s Window Sealing Kit \u00e4r det smarta tillbeh\u00f6ret som maximerar din portabla AC:s kylkapacitet. Med en l\u00e4ngd p\u00e5 4 m och bredd p\u00e5 39 cm passar det de flesta f\u00f6nster och fungerar med alla portabla AC-modeller. Kitet \u00e4r mycket enkelt att installera och den justerbara zip\u00f6ppningen g\u00f6r att kitet enkelt kan anpassas till slangens storlek och f\u00f6rhindrar att varm luft, smuts och insekter kommer in.<\/p>\n","protected":false},"featured_media":46459,"template":"","meta":{"_acf_changed":false},"product_brand":[],"product_cat":[334,333,4908],"product_tag":[2875],"class_list":{"0":"post-47038","1":"product","2":"type-product","3":"status-publish","4":"has-post-thumbnail","6":"product_cat-luftkonditionering","7":"product_cat-tillbehor","8":"product_cat-tillbehor-luftkonditionering","9":"product_tag-tatningskit","10":"product_shipping_class-low","11":"splide__slide","13":"first","14":"outofstock","15":"taxable","16":"shipping-taxable","17":"purchasable","18":"product-type-simple"},"acf":[],"_links":{"self":[{"href":"https:\/\/woods.se\/sv\/wp-json\/wp\/v2\/product\/47038","targetHints":{"allow":["GET"]}}],"collection":[{"href":"https:\/\/woods.se\/sv\/wp-json\/wp\/v2\/product"}],"about":[{"href":"https:\/\/woods.se\/sv\/wp-json\/wp\/v2\/types\/product"}],"wp:featuredmedia":[{"embeddable":true,"href":"https:\/\/woods.se\/sv\/wp-json\/wp\/v2\/media\/46459"}],"wp:attachment":[{"href":"https:\/\/woods.se\/sv\/wp-json\/wp\/v2\/media?parent=47038"}],"wp:term":[{"taxonomy":"product_brand","embeddable":true,"href":"https:\/\/woods.se\/sv\/wp-json\/wp\/v2\/product_brand?post=47038"},{"taxonomy":"product_cat","embeddable":true,"href":"https:\/\/woods.se\/sv\/wp-json\/wp\/v2\/product_cat?post=47038"},{"taxonomy":"product_tag","embeddable":true,"href":"https:\/\/woods.se\/sv\/wp-json\/wp\/v2\/product_tag?post=47038"}],"curies":[{"name":"wp","href":"https:\/\/api.w.org\/{rel}","templated":true}]}}