{"id":47037,"date":"2024-12-12T11:11:09","date_gmt":"2024-12-12T10:11:09","guid":{"rendered":"https:\/\/stage.woods.se\/?post_type=product&#038;p=47037"},"modified":"2025-09-14T19:11:52","modified_gmt":"2025-09-14T17:11:52","slug":"woods-ac-milan-7k-wifi-smart-home","status":"publish","type":"product","link":"https:\/\/woods.se\/sv\/produkter\/luftkonditionering\/for-barnrum\/woods-ac-milan-7k-wifi-smart-home\/","title":{"rendered":"Wood\u2019s AC Milan 7K WiFi Smart Home"},"content":{"rendered":"<h2>Wood&#8217;s AC Milan 7K WiFi Smart Home<\/h2>\n<h3>Smidig, tyst och smartstyrd AC f\u00f6r mindre rum<\/h3>\n<p>Wood\u2019s AC Milan 7K WiFi Smart Home kombinerar effektiv kyla med kompakt design, l\u00e5g ljudniv\u00e5 och smart styrning. Med en kylkapacitet p\u00e5 7000 BTU (2 kW) kyler den snabbt rum upp till 20 m\u00b2, vilket g\u00f6r den perfekt f\u00f6r mindre utrymmen i hemmet \u2013 fr\u00e5n sovrum och barnrum till vardagsrum.<\/p>\n<h3>Viktiga egenskaper:<\/h3>\n\n<h3>Kyler de mindre rummen i hemmet<\/h3>\n<p><strong>Sovrum:<\/strong> Den l\u00e5ga ljudniv\u00e5n g\u00f6r att du kan sova svalt och ost\u00f6rt.<br \/>\n<strong>Barnrum: <\/strong>Ger en j\u00e4mn och behaglig temperatur som g\u00f6r inomhusklimatet tryggare f\u00f6r barn.<br \/>\n<strong>Vardagsrum:<\/strong> Skapar en sval och behaglig milj\u00f6 f\u00f6r hela familjen under varma dagar.<\/p>\n<h3>Smidig och anv\u00e4ndarv\u00e4nlig \u2013 med smart styrning<\/h3>\n<p>Milan 7K WiFi \u00e4r l\u00e4tt att flytta och enkel att installera med det medf\u00f6ljande f\u00f6nsterkitet. Den har en digital touch-panel och fj\u00e4rrkontroll f\u00f6r lokal styrning, men tack vare WiFi-funktionen kan du ocks\u00e5 kontrollera den via Wood\u2019s Connect-appen, Google Home eller Alexa. P\u00e5 s\u00e5 s\u00e4tt kan du starta kylningen i tid och alltid m\u00f6tas av ett behagligt klimat n\u00e4r du kommer hem.<\/p>\n<h3>Tyst och bekv\u00e4m<\/h3>\n<p>Med en ljudniv\u00e5 p\u00e5 endast 52 dB arbetar AC Milan 7K WiFi Smart Home diskret, vilket g\u00f6r den s\u00e4rskilt l\u00e4mplig f\u00f6r mindre sovrum eller barnrum d\u00e4r svalka beh\u00f6vs utan st\u00f6rande ljud. Det tv\u00e4ttbara filtret g\u00f6r den enkel att underh\u00e5lla och hj\u00e4lper till att h\u00e5lla luften ren.<\/p>\n","protected":false},"excerpt":{"rendered":"<p>Wood\u2019s AC Milan 7K WiFi Smart Home \u00e4r en liten, smidig och tyst portabel AC. Med 7000 BTU (2 kW) kyler den effektivt rum upp till 20 m\u00b2 \u2013 perfekt f\u00f6r sovrum, barnrum och vardagsrum. Den har l\u00e5g ljudniv\u00e5 p\u00e5 max 52 dB, tv\u00e4ttbart filter och ett luftfl\u00f6de p\u00e5 350 m\u00b3\/h. Tack vare WiFi-funktionen kan du styra den p\u00e5 distans via Wood\u2019s Connect-appen, Google Home eller Alexa och alltid komma hem till ett behagligt inomhusklimat.<\/p>\n","protected":false},"featured_media":46133,"template":"","meta":{"_acf_changed":false},"product_brand":[],"product_cat":[4896,334],"product_tag":[2862,3075,367,365],"class_list":{"0":"post-47037","1":"product","2":"type-product","3":"status-publish","4":"has-post-thumbnail","6":"product_cat-for-barnrum","7":"product_cat-luftkonditionering","8":"product_tag-20-m-sv","9":"product_tag-portabel-ac-for-mindre-sovrum","10":"product_tag-smart-home-sv","11":"product_tag-wifi-sv","12":"product_shipping_class-high","13":"splide__slide","15":"first","16":"instock","17":"taxable","18":"shipping-taxable","19":"product-type-simple"},"acf":[],"_links":{"self":[{"href":"https:\/\/woods.se\/sv\/wp-json\/wp\/v2\/product\/47037","targetHints":{"allow":["GET"]}}],"collection":[{"href":"https:\/\/woods.se\/sv\/wp-json\/wp\/v2\/product"}],"about":[{"href":"https:\/\/woods.se\/sv\/wp-json\/wp\/v2\/types\/product"}],"wp:featuredmedia":[{"embeddable":true,"href":"https:\/\/woods.se\/sv\/wp-json\/wp\/v2\/media\/46133"}],"wp:attachment":[{"href":"https:\/\/woods.se\/sv\/wp-json\/wp\/v2\/media?parent=47037"}],"wp:term":[{"taxonomy":"product_brand","embeddable":true,"href":"https:\/\/woods.se\/sv\/wp-json\/wp\/v2\/product_brand?post=47037"},{"taxonomy":"product_cat","embeddable":true,"href":"https:\/\/woods.se\/sv\/wp-json\/wp\/v2\/product_cat?post=47037"},{"taxonomy":"product_tag","embeddable":true,"href":"https:\/\/woods.se\/sv\/wp-json\/wp\/v2\/product_tag?post=47037"}],"curies":[{"name":"wp","href":"https:\/\/api.w.org\/{rel}","templated":true}]}}