{"id":47036,"date":"2024-12-12T11:15:46","date_gmt":"2024-12-12T10:15:46","guid":{"rendered":"https:\/\/stage.woods.se\/?post_type=product&#038;p=47036"},"modified":"2026-02-23T16:17:40","modified_gmt":"2026-02-23T15:17:40","slug":"woods-ac-milan-7k-wifi-smart-home-duo","status":"publish","type":"product","link":"https:\/\/woods.se\/sv\/produkter\/luftkonditionering\/for-barnrum\/woods-ac-milan-7k-wifi-smart-home-duo\/","title":{"rendered":"Wood&#8217;s AC Milan 7K WiFi Smart Home Duo"},"content":{"rendered":"<h2>Wood&#8217;s AC Milan 7K WiFi Smart Home Duo<\/h2>\n<h3>Smidig, tyst och smartstyrd AC med v\u00e4rme<\/h3>\n<p>Wood\u2019s AC Milan 7K WiFi Smart Home Duo kombinerar kyla, v\u00e4rme och smart styrning i ett kompakt och tyst format. Med kylkapacitet p\u00e5 7000 BTU (2 kW) och en v\u00e4rmekapacitet p\u00e5 1500 W, kyler eller v\u00e4rmer den snabbt rum upp till 20 m\u00b2, vilket g\u00f6r den perfekt f\u00f6r mindre utrymmen som sovrum, barnrum och vardagsrum. <\/p>\n<h3>Viktiga egenskaper:<\/h3>\n\n<h3>Kyler och v\u00e4rmer de mindre rummen i hemmet<\/h3>\n<p><strong>Sovrum:<\/strong> Den l\u00e5ga ljudniv\u00e5n g\u00f6r att du kan sova svalt eller varmt och ost\u00f6rt.<br \/>\n<strong>Barnrum: <\/strong>Ger en trygg och behaglig temperatur f\u00f6r barn \u00e5ret runt.<br \/>\n<strong>Vardagsrum: <\/strong>Skapar en sval milj\u00f6 p\u00e5 sommaren och v\u00e4rme n\u00e4r vintern kommer.<\/p>\n<h3>Smidig och anv\u00e4ndarv\u00e4nlig \u2013 med smart styrning<\/h3>\n<p>Milan 7K WiFi Duo \u00e4r l\u00e4tt att flytta och enkel att installera med det medf\u00f6ljande f\u00f6nsterkitet. Den kan styras via digital touch-panel eller fj\u00e4rrkontroll, men tack vare WiFi-funktionen kan du \u00e4ven kontrollera den p\u00e5 distans via Wood\u2019s Connect-appen eller genom Google Home och Alexa. P\u00e5 s\u00e5 s\u00e4tt kan du alltid komma hem till en behaglig temperatur.  <\/p>\n<h3>Tyst och bekv\u00e4m<\/h3>\n<p>Med en ljudniv\u00e5 p\u00e5 endast 52 dB arbetar AC Milan 7K WiFi Smart Home Duo diskret. Perfekt f\u00f6r sovrum eller barnrum d\u00e4r du beh\u00f6ver svalka eller v\u00e4rme utan st\u00f6rande ljud. <\/p>\n","protected":false},"excerpt":{"rendered":"<p>Wood\u2019s AC Milan 7K WiFi Smart Home Duo \u00e4r en smidig och tyst portabel AC med Duo-funktion som b\u00e5de kyler och v\u00e4rmer. Med kylkapacitet p\u00e5 7000 BTU (2 kW) och v\u00e4rmekapacitet p\u00e5 1500 W samt ett luftfl\u00f6de p\u00e5 350 m\u00b3\/h reglerar den effektivt temperaturen i rum upp till 20 m\u00b2. Den \u00e4r enkel att styra via digital touch-panel, fj\u00e4rrkontroll eller p\u00e5 distans genom WiFi med Wood\u2019s Connect-appen, Google Home eller Alexa. Perfekt f\u00f6r sovrum, barnrum och vardagsrum \u2013 \u00e5ret runt.   <\/p>\n","protected":false},"featured_media":46133,"template":"","meta":{"_acf_changed":false},"product_brand":[],"product_cat":[4896,334],"product_tag":[2862,369,3075,367,365],"class_list":{"0":"post-47036","1":"product","2":"type-product","3":"status-publish","4":"has-post-thumbnail","6":"product_cat-for-barnrum","7":"product_cat-luftkonditionering","8":"product_tag-20-m-sv","9":"product_tag-duo-sv","10":"product_tag-portabel-ac-for-mindre-sovrum","11":"product_tag-smart-home-sv","12":"product_tag-wifi-sv","13":"splide__slide","15":"first","16":"instock","17":"taxable","18":"shipping-taxable","19":"product-type-simple"},"acf":[],"_links":{"self":[{"href":"https:\/\/woods.se\/sv\/wp-json\/wp\/v2\/product\/47036","targetHints":{"allow":["GET"]}}],"collection":[{"href":"https:\/\/woods.se\/sv\/wp-json\/wp\/v2\/product"}],"about":[{"href":"https:\/\/woods.se\/sv\/wp-json\/wp\/v2\/types\/product"}],"wp:featuredmedia":[{"embeddable":true,"href":"https:\/\/woods.se\/sv\/wp-json\/wp\/v2\/media\/46133"}],"wp:attachment":[{"href":"https:\/\/woods.se\/sv\/wp-json\/wp\/v2\/media?parent=47036"}],"wp:term":[{"taxonomy":"product_brand","embeddable":true,"href":"https:\/\/woods.se\/sv\/wp-json\/wp\/v2\/product_brand?post=47036"},{"taxonomy":"product_cat","embeddable":true,"href":"https:\/\/woods.se\/sv\/wp-json\/wp\/v2\/product_cat?post=47036"},{"taxonomy":"product_tag","embeddable":true,"href":"https:\/\/woods.se\/sv\/wp-json\/wp\/v2\/product_tag?post=47036"}],"curies":[{"name":"wp","href":"https:\/\/api.w.org\/{rel}","templated":true}]}}