{"id":47035,"date":"2024-12-12T11:13:13","date_gmt":"2024-12-12T10:13:13","guid":{"rendered":"https:\/\/stage.woods.se\/?post_type=product&#038;p=47035"},"modified":"2026-02-23T16:23:09","modified_gmt":"2026-02-23T15:23:09","slug":"woods-ac-milan-9k-wifi-smart-home-duo","status":"publish","type":"product","link":"https:\/\/woods.se\/sv\/produkter\/luftkonditionering\/for-vardagsrum-och-lagenheter\/woods-ac-milan-9k-wifi-smart-home-duo\/","title":{"rendered":"Wood&#8217;s AC Milan 9K WiFi Smart Home Duo"},"content":{"rendered":"<h2>Wood&#8217;s AC Milan 9K WiFi Smart Home Duo<\/h2>\n<h3>Smidig, tyst och smartstyrd AC med v\u00e4rme<\/h3>\n<p>Wood\u2019s AC Milan 9K WiFi Smart Home Duo kombinerar kyla, v\u00e4rme och smart styrning i ett kompakt och diskret format. Med en kylkapacitet p\u00e5 9000 BTU (2,6 kW) och en v\u00e4rmekapacitet p\u00e5 2000 W, reglerar den effektivt temperaturen i rum upp till 26 m\u00b2. Detta g\u00f6r den perfekt f\u00f6r b\u00e5de hemmet och mindre kontor.  <\/p>\n<h3>Viktiga egenskaper:<\/h3>\n\n<h3>Kyler och v\u00e4rmer hemmet eller kontoret<\/h3>\n<p><strong>Sovrum: <\/strong>Den l\u00e5ga ljudniv\u00e5n g\u00f6r att du kan sova svalt eller varmt utan att st\u00f6ras.<br \/>\n<strong>Barnrum:<\/strong> S\u00e4kerst\u00e4ller en behaglig och trygg temperatur f\u00f6r barn \u00e5ret runt.<br \/>\n<strong>Vardagsrum:<\/strong> Skapar en bekv\u00e4m milj\u00f6 f\u00f6r hela familjen \u2013 b\u00e5de sommar och vinter.<br \/>\n<strong>Mindre kontor: <\/strong>Bidrar till en produktiv arbetsmilj\u00f6 genom stabil temperatur oavsett \u00e5rstid.<\/p>\n<h3>Smidig och anv\u00e4ndarv\u00e4nlig \u2013 med smart styrning<\/h3>\n<p>Milan 9K WiFi Duo \u00e4r enkel att installera med det medf\u00f6ljande f\u00f6nsterkitet och l\u00e4tt att flytta tack vare sina hjul. Du kan styra den via den digitala touch-panelen, fj\u00e4rrkontrollen eller p\u00e5 distans med Wood\u2019s Connect-appen samt genom r\u00f6ststyrning via Google Home och Alexa. Starta kylningen eller v\u00e4rmen i tid och m\u00f6t alltid ett behagligt inomhusklimat.  <\/p>\n<h3>Tyst och bekv\u00e4m<\/h3>\n<p>Med en ljudniv\u00e5 p\u00e5 endast 52 dB arbetar AC Milan 9K WiFi Smart Home Duo diskret, vilket g\u00f6r den perfekt f\u00f6r sovrum, barnrum och arbetsmilj\u00f6er d\u00e4r tystnad \u00e4r viktigt.<\/p>\n","protected":false},"excerpt":{"rendered":"<p>Wood\u2019s AC Milan 9K WiFi Smart Home Duo \u00e4r en smidig och tyst portabel AC med Duo-funktion som b\u00e5de kyler och v\u00e4rmer. Med en kylkapacitet p\u00e5 9000 BTU (2,6 kW) och v\u00e4rmekapacitet p\u00e5 2000 W samt ett luftfl\u00f6de p\u00e5 350 m\u00b3\/h reglerar den snabbt temperaturen i rum upp till 26 m\u00b2. Den \u00e4r enkel att styra via digital touch-panel, fj\u00e4rrkontroll eller p\u00e5 distans genom WiFi med Wood\u2019s Connect-appen, Google Home eller Alexa. Perfekt f\u00f6r hemmet och mindre kontor \u2013 \u00e5ret runt.   <\/p>\n","protected":false},"featured_media":46133,"template":"","meta":{"_acf_changed":false},"product_brand":[],"product_cat":[4888,4885,334],"product_tag":[2759,369,3057,3073,367,365],"class_list":{"0":"post-47035","1":"product","2":"type-product","3":"status-publish","4":"has-post-thumbnail","6":"product_cat-for-sovrum","7":"product_cat-for-vardagsrum-och-lagenheter","8":"product_cat-luftkonditionering","9":"product_tag-26-m-sv","10":"product_tag-duo-sv","11":"product_tag-portabel-ac-for-sovrum","12":"product_tag-portabel-ac-for-vardagsrum","13":"product_tag-smart-home-sv","14":"product_tag-wifi-sv","15":"splide__slide","17":"first","18":"instock","19":"taxable","20":"shipping-taxable","21":"product-type-simple"},"acf":[],"_links":{"self":[{"href":"https:\/\/woods.se\/sv\/wp-json\/wp\/v2\/product\/47035","targetHints":{"allow":["GET"]}}],"collection":[{"href":"https:\/\/woods.se\/sv\/wp-json\/wp\/v2\/product"}],"about":[{"href":"https:\/\/woods.se\/sv\/wp-json\/wp\/v2\/types\/product"}],"wp:featuredmedia":[{"embeddable":true,"href":"https:\/\/woods.se\/sv\/wp-json\/wp\/v2\/media\/46133"}],"wp:attachment":[{"href":"https:\/\/woods.se\/sv\/wp-json\/wp\/v2\/media?parent=47035"}],"wp:term":[{"taxonomy":"product_brand","embeddable":true,"href":"https:\/\/woods.se\/sv\/wp-json\/wp\/v2\/product_brand?post=47035"},{"taxonomy":"product_cat","embeddable":true,"href":"https:\/\/woods.se\/sv\/wp-json\/wp\/v2\/product_cat?post=47035"},{"taxonomy":"product_tag","embeddable":true,"href":"https:\/\/woods.se\/sv\/wp-json\/wp\/v2\/product_tag?post=47035"}],"curies":[{"name":"wp","href":"https:\/\/api.w.org\/{rel}","templated":true}]}}