{"id":46985,"date":"2024-12-11T10:47:59","date_gmt":"2024-12-11T09:47:59","guid":{"rendered":"https:\/\/stage.woods.se\/?post_type=product&#038;p=46985"},"modified":"2025-09-14T19:11:55","modified_gmt":"2025-09-14T17:11:55","slug":"woods-ac-milan-9k-wifi-smart-home","status":"publish","type":"product","link":"https:\/\/woods.se\/sv\/produkter\/luftkonditionering\/for-vardagsrum-och-lagenheter\/woods-ac-milan-9k-wifi-smart-home\/","title":{"rendered":"Wood\u2019s AC Milan 9K WiFi Smart Home"},"content":{"rendered":"<h2>Wood&#8217;s AC Milan 9K WiFi Smart Home<\/h2>\n<h3>Smidig, tyst och smartstyrd AC f\u00f6r hem och kontor<\/h3>\n<p>Wood\u2019s AC Milan 9K WiFi Smart Home kombinerar effektiv kyla med kompakt design, l\u00e5g ljudniv\u00e5 och smart styrning. Med en kylkapacitet p\u00e5 9000 BTU (2,6 kW) kyler den snabbt rum upp till 26 m\u00b2, vilket g\u00f6r den idealisk f\u00f6r hemmet \u2013 fr\u00e5n sovrum och barnrum till vardagsrum \u2013 samt mindre kontor.<\/p>\n<h3>Viktiga egenskaper:<\/h3>\n\n<h3>Kyler snabbt rum upp till 26m2<\/h3>\n<p><strong>Sovrum:<\/strong> Den l\u00e5ga ljudniv\u00e5n g\u00f6r att du kan sova svalt och ost\u00f6rt.<br \/>\n<strong>Barnrum: <\/strong>Ger en tryggare och mer behaglig milj\u00f6 f\u00f6r barn med j\u00e4mn temperatur.<br \/>\n<strong>Vardagsrum:<\/strong> Skapar en sval och behaglig milj\u00f6 f\u00f6r hela familjen under varma dagar.<br \/>\n<strong>Mindre kontor: <\/strong>H\u00e5ller arbetsmilj\u00f6n produktiv och behaglig \u00e4ven under sommaren.<\/p>\n<h3>Smidig och anv\u00e4ndarv\u00e4nlig \u2013 med smart styrning<\/h3>\n<p>Milan 9K WiFi \u00e4r l\u00e4tt att flytta och enkel att installera med det medf\u00f6ljande f\u00f6nsterkitet. Den intuitiva digitala touch-panelen och fj\u00e4rrkontrollen g\u00f6r den enkel att styra p\u00e5 plats, men tack vare WiFi-funktionen kan du ocks\u00e5 kontrollera enheten via appen Wood\u2019s Connect eller genom Google Home och Alexa. Starta kylningen i tid och kom alltid hem till ett behagligt inomhusklimat.<\/p>\n<h3>Tyst och bekv\u00e4m<\/h3>\n<p>Med en ljudniv\u00e5 p\u00e5 endast 52 dB i maximlat fl\u00e4ktl\u00e4ge arbetar AC Milan 9K WiFi Smart Home diskret. Perfekt f\u00f6r sovrum och barnrum d\u00e4r svalka beh\u00f6vs utan st\u00f6rande ljud.<\/p>\n<h3>H\u00f6gst betyg i tester<\/h3>\n<p>Wood\u2019s AC Milan har f\u00e5tt h\u00f6gst betyg i tester tack vare sin kombination av effektivitet, l\u00e5g ljudniv\u00e5 och smarta funktioner. Det tv\u00e4ttbara filtret g\u00f6r den enkel att underh\u00e5lla och h\u00e5ller luften fr\u00e4sch.<\/p>\n","protected":false},"excerpt":{"rendered":"<p>Wood\u2019s AC Milan 9K WiFi Smart Home \u00e4r en liten, smidig och tyst portabel AC som f\u00e5tt h\u00f6gst betyg i tester. Med 9000 BTU (2,6 kW) kyler den effektivt rum upp till 26 m\u00b2, perfekt f\u00f6r sovrum, barnrum, vardagsrum eller mindre kontor. Den har WiFi-styrning via Wood\u2019s Connect, Google Home och Alexa \u2013 s\u00e5 du kan enkelt styra den p\u00e5 distans och alltid m\u00f6tas av ett behagligt klimat n\u00e4r du kommer hem.<\/p>\n","protected":false},"featured_media":46182,"template":"","meta":{"_acf_changed":false},"product_brand":[],"product_cat":[4888,4885,334],"product_tag":[2759,3057,3073,367,365],"class_list":{"0":"post-46985","1":"product","2":"type-product","3":"status-publish","4":"has-post-thumbnail","6":"product_cat-for-sovrum","7":"product_cat-for-vardagsrum-och-lagenheter","8":"product_cat-luftkonditionering","9":"product_tag-26-m-sv","10":"product_tag-portabel-ac-for-sovrum","11":"product_tag-portabel-ac-for-vardagsrum","12":"product_tag-smart-home-sv","13":"product_tag-wifi-sv","14":"splide__slide","16":"first","17":"instock","18":"taxable","19":"shipping-taxable","20":"product-type-simple"},"acf":[],"_links":{"self":[{"href":"https:\/\/woods.se\/sv\/wp-json\/wp\/v2\/product\/46985","targetHints":{"allow":["GET"]}}],"collection":[{"href":"https:\/\/woods.se\/sv\/wp-json\/wp\/v2\/product"}],"about":[{"href":"https:\/\/woods.se\/sv\/wp-json\/wp\/v2\/types\/product"}],"wp:featuredmedia":[{"embeddable":true,"href":"https:\/\/woods.se\/sv\/wp-json\/wp\/v2\/media\/46182"}],"wp:attachment":[{"href":"https:\/\/woods.se\/sv\/wp-json\/wp\/v2\/media?parent=46985"}],"wp:term":[{"taxonomy":"product_brand","embeddable":true,"href":"https:\/\/woods.se\/sv\/wp-json\/wp\/v2\/product_brand?post=46985"},{"taxonomy":"product_cat","embeddable":true,"href":"https:\/\/woods.se\/sv\/wp-json\/wp\/v2\/product_cat?post=46985"},{"taxonomy":"product_tag","embeddable":true,"href":"https:\/\/woods.se\/sv\/wp-json\/wp\/v2\/product_tag?post=46985"}],"curies":[{"name":"wp","href":"https:\/\/api.w.org\/{rel}","templated":true}]}}