{"id":46375,"date":"2025-01-03T11:39:05","date_gmt":"2025-01-03T10:39:05","guid":{"rendered":"https:\/\/stage.woods.se\/?post_type=product&#038;p=46375"},"modified":"2026-02-23T15:55:18","modified_gmt":"2026-02-23T14:55:18","slug":"woods-ac-cortina-12k-airswitch-smart-home-duo-a","status":"publish","type":"product","link":"https:\/\/woods.se\/sv\/produkter\/luftkonditionering\/for-vardagsrum-och-lagenheter\/woods-ac-cortina-12k-airswitch-smart-home-duo-a\/","title":{"rendered":"Wood\u2019s AC Cortina 12K AirSwitch Smart Home Duo A+"},"content":{"rendered":"<h2>Wood&#8217;s AC Cortina 12K AirSwitch\u2122<\/h2>\n<h3>Kyler extremt tyst och energieffektivt med HEPA-rening<br \/><\/h3>\n<p>Wood\u2019s AC Cortina 12K AirSwitch Smart Home Duo A+ \u00e4r en revolutionerande l\u00f6sning inom portabel luftkonditionering. Den kan styras med WiFi, v\u00e4rma och kyla, men \u00e4r \u00e4ven utrustad med den patents\u00f6kta, testvinnande AirSwitch\u2122-teknologin, som g\u00f6r det m\u00f6jligt att kyla rummet med sval utomhusluft n\u00e4r temperaturen ute \u00e4r l\u00e4gre \u00e4n inomhus. F\u00f6r viskande tyst drift och o\u00f6vertr\u00e4ffad l\u00e5g energif\u00f6rbrukning. Luften renas alltid genom ett HEPA-filter och genom att st\u00e4ndig tillf\u00f6ra friskt syre s\u00e5 minskar \u00e4ven CO2-niv\u00e5erna. Allt f\u00f6r det optimala inomhusklimatet och perfekt f\u00f6r n\u00e4tter n\u00e4r du vill sova svalt, rent och gott, utan st\u00f6rande ljud.    <\/p>\n<h3>Viktiga egenskaper:<\/h3>\n\n<h3>S\u00e5 h\u00e4r fungerar AirSwitch:<\/h3>\n<p><strong>BILDER\/ILLUSTRATIONER<\/strong><\/p>\n<ol>\n<li>N\u00e4r temperaturen ute \u00e4r h\u00f6gre \u00e4n \u00f6nskad temperatur kyler kompressorn effektivt rummet och renar luften genom ett HEPA-filter.<\/li>\n<li><span style=\"color: #343433; font-family: Inter, sans-serif;\">N\u00e4r temperaturen ute \u00e4r l\u00e4gre \u00e4n den inst\u00e4llda temperaturen v\u00e4xlar AirSwitch automatiskt f\u00f6r att ta in den svalare luften, genom HEPA-filtret utifr\u00e5n utan att kompressorn \u00e4r ig\u00e5ng \u2013 tystare och mer energieffektivt.<\/span><\/li>\n<\/ol>\n<h3>Upplev skillnaden:<\/h3>\n<p><strong>Ljudniv\u00e5: <\/strong>Kompressorl\u00e4ge: 49\u201352 dB j\u00e4mf\u00f6rt med AirSwitch-l\u00e4ge: 34\u201338 dB<br \/>\n<strong>Energif\u00f6rbrukning:<\/strong> Kompressorl\u00e4ge: 1120 W j\u00e4mf\u00f6rt med AirSwitch-l\u00e4ge: 32 W<\/p>\n<h3>Tv\u00e5 smarta AirSwitch\u2122-l\u00e4gen f\u00f6r optimal kylning<\/h3>\n<ul>\n<li><strong>AirSwitch Auto \u2013 <\/strong>V\u00e4xlar automatiskt mellan traditionell kompressorkylning och att ta in sval utomhusluft. Perfekt f\u00f6r n\u00e4tter n\u00e4r temperaturen sjunker utomhus. <\/li>\n<li><strong>AirSwitch \u2013<\/strong> N\u00e4r utomhustemperaturen \u00e4r l\u00e4gre \u00e4n inomhus, tar AC:n konstant in den svala luften och kyler effektivt rummet.<\/li>\n<\/ul>\n<h3>Renare och h\u00e4lsosammare luft med HEPA-filter<\/h3>\n<p>F\u00f6rutom effektiv kylning erbjuder AC Cortina 12K AirSwitch\u2122 \u00e4ven avancerad luftrening. Den inbyggda HEPA-tekniken f\u00e5ngar, oavsett hur du kyler, upp damm, pollen, m\u00f6gelsporer, bakterier och \u00e4ven sm\u00e5 r\u00f6kpartiklar. Resultatet \u00e4r inte bara en behaglig temperatur \u2013 utan \u00e4ven en renare och friskare inomhusmilj\u00f6.  <\/p>\n<h3>Effektiv komfort i hemmet och p\u00e5 kontoret<\/h3>\n<p><strong>Sovrum: <\/strong>Sov svalt och ost\u00f6rt tack vare AirSwitch\u2122-teknologin som ger frisk luft och extremt tyst drift.<br \/>\n<strong>Barnrum: <\/strong>Stabil och h\u00e4lsosam temperatur kombinerat med ren luft fr\u00e5n HEPA-filtret.<br \/>\n<strong>Vardagsrum: <\/strong>Ger svalka \u00e5t hela familjen under sommaren och friskare luft \u00e5ret om.<br \/>\n<strong>Kontor: <\/strong>F\u00f6rb\u00e4ttrar arbetsmilj\u00f6n och minskar b\u00e5de v\u00e4rme och luftf\u00f6roreningar.<\/p>\n<h3>DUO \u2013 kyler och v\u00e4rmer \u00e5ret runt<\/h3>\n<p>Wood\u2019s AC Cortina 12K AirSwitch Smart Home Duo A+ kyler lika bra som den v\u00e4rmer. Du st\u00e4ller in \u00f6nskad temperatur och enheten justerar automatiskt klimatet, vilket g\u00f6r att du kan anv\u00e4nda den \u00e5ret runt \u2013 oavsett om det \u00e4r v\u00e4rmeb\u00f6lja eller vinterkyla. <\/p>\n<h3>Smidig, smart och anv\u00e4ndarv\u00e4nlig<\/h3>\n<p>Med WiFi\/Smart Home-st\u00f6d kan du styra din enhet p\u00e5 distans och komma hem till ett behagligt inomhusklimat. Digital touch-panel, fj\u00e4rrkontroll, tv\u00e4ttbart HEPA-filter och komplett f\u00f6nsterkit ing\u00e5r. Enheten har dessutom hjul f\u00f6r enkel f\u00f6rflyttning.  <\/p>\n<h3>Upp till 6 \u00e5rs garanti<\/h3>\n<p>Genom att registrera din AC Cortina 12K AirSwitch Smart Home Duo A+ p\u00e5 warranty-woods.com och byta HEPA-filter minst en g\u00e5ng per \u00e5r kan du f\u00f6rl\u00e4nga garantin till upp till 6 \u00e5r.<\/p>\n<p>V\u00e4lj Wood\u2019s AC Cortina 12K AirSwitch Smart Home Duo A+ f\u00f6r en tystare, smartare och mer energieffektiv komfort \u2013 \u00e5ret runt.<\/p>\n","protected":false},"excerpt":{"rendered":"<p>Wood\u2019s AC Cortina 12K AirSwitch Smart Home Duo A+ \u00e4r den ultimata l\u00f6sningen inom portabel luftkonditionering. Med testvinnande AirSwitch\u2122-teknologi kyler den viskande tyst och energieffektivt genom att anv\u00e4nda sval utomhusluft, och HEPA-filtret renar samtidigt luften fr\u00e5n damm, pollen och bakterier. Utrustad med WiFi\/Smart Home-styrning kyler och v\u00e4rmer den rum upp till 35 m\u00b2, energiklass A+ och 6 \u00e5rs garanti vid registrering.  <\/p>\n","protected":false},"featured_media":45677,"template":"","meta":{"_acf_changed":false},"product_brand":[],"product_cat":[4898,4888,4885,334],"product_tag":[2747,2746,369,3074,3057,3073,367,365],"class_list":{"0":"post-46375","1":"product","2":"type-product","3":"status-publish","4":"has-post-thumbnail","6":"product_cat-foer-kontor","7":"product_cat-for-sovrum","8":"product_cat-for-vardagsrum-och-lagenheter","9":"product_cat-luftkonditionering","10":"product_tag-35-m-sv","11":"product_tag-a-sv","12":"product_tag-duo-sv","13":"product_tag-portabel-ac-for-kontor","14":"product_tag-portabel-ac-for-sovrum","15":"product_tag-portabel-ac-for-vardagsrum","16":"product_tag-smart-home-sv","17":"product_tag-wifi-sv","18":"splide__slide","20":"first","21":"instock","22":"taxable","23":"shipping-taxable","24":"product-type-simple"},"acf":[],"_links":{"self":[{"href":"https:\/\/woods.se\/sv\/wp-json\/wp\/v2\/product\/46375","targetHints":{"allow":["GET"]}}],"collection":[{"href":"https:\/\/woods.se\/sv\/wp-json\/wp\/v2\/product"}],"about":[{"href":"https:\/\/woods.se\/sv\/wp-json\/wp\/v2\/types\/product"}],"wp:featuredmedia":[{"embeddable":true,"href":"https:\/\/woods.se\/sv\/wp-json\/wp\/v2\/media\/45677"}],"wp:attachment":[{"href":"https:\/\/woods.se\/sv\/wp-json\/wp\/v2\/media?parent=46375"}],"wp:term":[{"taxonomy":"product_brand","embeddable":true,"href":"https:\/\/woods.se\/sv\/wp-json\/wp\/v2\/product_brand?post=46375"},{"taxonomy":"product_cat","embeddable":true,"href":"https:\/\/woods.se\/sv\/wp-json\/wp\/v2\/product_cat?post=46375"},{"taxonomy":"product_tag","embeddable":true,"href":"https:\/\/woods.se\/sv\/wp-json\/wp\/v2\/product_tag?post=46375"}],"curies":[{"name":"wp","href":"https:\/\/api.w.org\/{rel}","templated":true}]}}