{"id":46373,"date":"2025-01-03T11:38:41","date_gmt":"2025-01-03T10:38:41","guid":{"rendered":"https:\/\/stage.woods.se\/?post_type=product&#038;p=46373"},"modified":"2026-02-23T15:50:43","modified_gmt":"2026-02-23T14:50:43","slug":"woods-ac-cortina-12k-airswitch","status":"publish","type":"product","link":"https:\/\/woods.se\/sv\/produkter\/luftkonditionering\/for-vardagsrum-och-lagenheter\/woods-ac-cortina-12k-airswitch\/","title":{"rendered":"Wood\u2019s AC Cortina 12K AirSwitch"},"content":{"rendered":"<h2>Wood&#8217;s AC Cortina 12K AirSwitch\u2122<\/h2>\n<h3>Kyler extremt tyst och energieffektivt med HEPA-rening<\/h3>\n<p>Wood\u2019s AC Cortina 12K AirSwitch uts\u00e5gs till \u201dB\u00e4st i test\u201d av LB Home 2025. Det \u00e4r en revolution inom portabel luftkonditionering och bygger p\u00e5 den flerfaldigt testvinnande Cortina 12K, men \u00e4r \u00e4ven utrustad med den patents\u00f6kta AirSwitch\u2122-teknologin som anv\u00e4nder sval utomhusluft n\u00e4r temperaturen ute \u00e4r l\u00e4gre \u00e4n inne. Det ger viskande tyst drift och extremt l\u00e5g energif\u00f6rbrukning. Samtidigt renas luften alltid genom ett HEPA-filter som tar bort partiklar och tillf\u00f6r frisk luft som s\u00e4nker CO\u2082-niv\u00e5erna. Allt f\u00f6r det optimala inomhusklimatet och perfekt f\u00f6r n\u00e4tter n\u00e4r du vill sova svalt, rent och gott, utan st\u00f6rande ljud.    <\/p>\n<h3>Viktiga egenskaper:<\/h3>\n\n<h3>S\u00e5 h\u00e4r fungerar AirSwitch:<\/h3>\n<p><strong>BILDER\/ILLUSTRATIONER<\/strong><\/p>\n<ol>\n<li>N\u00e4r temperaturen ute \u00e4r h\u00f6gre \u00e4n \u00f6nskad temperatur kyler kompressorn effektivt rummet och renar luften genom ett HEPA-filter.<\/li>\n<li><span style=\"color: #343433; font-family: Inter, sans-serif;\">N\u00e4r temperaturen ute \u00e4r l\u00e4gre \u00e4n den inst\u00e4llda temperaturen v\u00e4xlar AirSwitch automatiskt f\u00f6r att ta in den svalare luften, genom HEPA-filtret utifr\u00e5n utan att kompressorn \u00e4r ig\u00e5ng \u2013 tystare och mer energieffektivt.<\/span><\/li>\n<\/ol>\n<h3>Upplev skillnaden:<\/h3>\n<p><strong>Ljudniv\u00e5: <\/strong>Kompressorl\u00e4ge: 49\u201353,5 dB j\u00e4mf\u00f6rt med AirSwitch-l\u00e4ge: 34\u201338 dB<br \/>\n<strong>Energif\u00f6rbrukning: <\/strong>Kompressorl\u00e4ge: 1350 W j\u00e4mf\u00f6rt med AirSwitch-l\u00e4ge: 56 W<\/p>\n<h3>Tv\u00e5 smarta AirSwitch\u2122-l\u00e4gen f\u00f6r optimal kylning<\/h3>\n<p><strong>AirSwitch Auto \u2013 <\/strong>V\u00e4xlar automatiskt mellan traditionell kompressorkylning och att ta in sval utomhusluft. Perfekt f\u00f6r n\u00e4tter n\u00e4r temperaturen sjunker utomhus.<br \/>\n<strong>AirSwitch \u2013 <\/strong>N\u00e4r utomhustemperaturen \u00e4r l\u00e4gre \u00e4n inomhus, tar AC:n konstant in den svala luften och kyler effektivt rummet.<\/p>\n<h3>Renare och h\u00e4lsosammare luft med HEPA-filter<\/h3>\n<p>F\u00f6rutom effektiv kylning erbjuder AC Cortina 12K AirSwitch\u2122 \u00e4ven avancerad luftrening. Den inbyggda HEPA-tekniken f\u00e5ngar, oavsett hur du kyler, upp damm, pollen, m\u00f6gelsporer, bakterier och \u00e4ven sm\u00e5 r\u00f6kpartiklar. Resultatet \u00e4r inte bara en behaglig temperatur \u2013 utan \u00e4ven en renare och friskare inomhusmilj\u00f6.  <\/p>\n<h3>Effektiv komfort i hemmet och p\u00e5 kontoret<\/h3>\n<p><strong>Sovrum: <\/strong>Sov svalt och ost\u00f6rt tack vare AirSwitch\u2122-teknologin som ger frisk luft och extremt tyst drift.<br \/>\n<strong>Barnrum: <\/strong>Stabil och h\u00e4lsosam temperatur kombinerat med ren luft fr\u00e5n HEPA-filtret.<br \/>\n<strong>Vardagsrum: <\/strong>Ger svalka \u00e5t hela familjen under sommaren och friskare luft \u00e5ret om.<br \/>\n<strong>Kontor: <\/strong>F\u00f6rb\u00e4ttrar arbetsmilj\u00f6n och minskar b\u00e5de v\u00e4rme och luftf\u00f6roreningar.<\/p>\n<h3>Smidig och anv\u00e4ndarv\u00e4nlig<\/h3>\n<p>Med digital touch-panel, fj\u00e4rrkontroll och komplett f\u00f6nsterkit f\u00e5r du full kontroll p\u00e5 ditt inomhusklimat.<\/p>\n<h3>Upp till 6 \u00e5rs garanti<\/h3>\n<p>Genom att registrera din AC Cortina 12K AirSwitch p\u00e5 <a href=\"https:\/\/warranty-woods.com\">warranty-woods.com<\/a> och byta HEPA-filter minst en g\u00e5ng per \u00e5r kan du f\u00f6rl\u00e4nga garantin till upp till 6 \u00e5r.<\/p>\n<p>ChoV\u00e4lj Wood\u2019s AC Cortina 12K AirSwitch\u2122 f\u00f6r en tystare, renare och energieffektivare kylning \u2013 nu utsedd till B\u00e4st i test 2025 hos Ljud &amp; Bild.<\/p>\n<p>&nbsp;<\/p>\n","protected":false},"excerpt":{"rendered":"<p>Wood\u2019s AC Cortina 12K AirSwitch\u2122 \u00e4r en testvinnande portabel AC med patenterad AirSwitch\u2122-teknologi. N\u00e4r utomhustemperaturen \u00e4r svalare \u00e4n inomhus st\u00e4ngs kompressorn av och fl\u00e4kten tar viskande tyst in kall luft utifr\u00e5n \u2013 extremt tyst och energieffektivt. Samtidigt renas luften genom ett inbyggt HEPA-filter som tar bort pollen, damm och bakterier. Kyler effektivt upp till 35 m\u00b2, energiklass A och 6 \u00e5rs garanti vid registrering.   <\/p>\n","protected":false},"featured_media":45677,"template":"","meta":{"_acf_changed":false},"product_brand":[],"product_cat":[4898,4888,4885,334],"product_tag":[2747,2767,3074,3057,3073],"class_list":{"0":"post-46373","1":"product","2":"type-product","3":"status-publish","4":"has-post-thumbnail","6":"product_cat-foer-kontor","7":"product_cat-for-sovrum","8":"product_cat-for-vardagsrum-och-lagenheter","9":"product_cat-luftkonditionering","10":"product_tag-35-m-sv","11":"product_tag-bast-i-test","12":"product_tag-portabel-ac-for-kontor","13":"product_tag-portabel-ac-for-sovrum","14":"product_tag-portabel-ac-for-vardagsrum","15":"splide__slide","17":"first","18":"instock","19":"taxable","20":"shipping-taxable","21":"product-type-simple"},"acf":[],"_links":{"self":[{"href":"https:\/\/woods.se\/sv\/wp-json\/wp\/v2\/product\/46373","targetHints":{"allow":["GET"]}}],"collection":[{"href":"https:\/\/woods.se\/sv\/wp-json\/wp\/v2\/product"}],"about":[{"href":"https:\/\/woods.se\/sv\/wp-json\/wp\/v2\/types\/product"}],"wp:featuredmedia":[{"embeddable":true,"href":"https:\/\/woods.se\/sv\/wp-json\/wp\/v2\/media\/45677"}],"wp:attachment":[{"href":"https:\/\/woods.se\/sv\/wp-json\/wp\/v2\/media?parent=46373"}],"wp:term":[{"taxonomy":"product_brand","embeddable":true,"href":"https:\/\/woods.se\/sv\/wp-json\/wp\/v2\/product_brand?post=46373"},{"taxonomy":"product_cat","embeddable":true,"href":"https:\/\/woods.se\/sv\/wp-json\/wp\/v2\/product_cat?post=46373"},{"taxonomy":"product_tag","embeddable":true,"href":"https:\/\/woods.se\/sv\/wp-json\/wp\/v2\/product_tag?post=46373"}],"curies":[{"name":"wp","href":"https:\/\/api.w.org\/{rel}","templated":true}]}}