{"id":46368,"date":"2024-12-12T11:13:56","date_gmt":"2024-12-12T10:13:56","guid":{"rendered":"https:\/\/stage.woods.se\/?post_type=product&#038;p=46368"},"modified":"2026-01-16T12:07:44","modified_gmt":"2026-01-16T11:07:44","slug":"woods-ac-cortina-12k","status":"publish","type":"product","link":"https:\/\/woods.se\/sv\/produkter\/luftkonditionering\/for-vardagsrum-och-lagenheter\/woods-ac-cortina-12k\/","title":{"rendered":"Wood\u2019s AC Cortina 12K"},"content":{"rendered":"<h2>Wood&#8217;s AC Cortina 12K<\/h2>\n<h3>Testvinnande portabel AC med h\u00f6g prestanda<\/h3>\n<p>Wood\u2019s AC Cortina 12K \u00e4r en av de mest uppskattade portabla AC-enheterna i Norden och internationellt. Den har vid upprepade tillf\u00e4llen utsetts till b\u00e4st i test \u2013 bland annat hela sex g\u00e5nger av Aftonbladet. Med en kylkapacitet p\u00e5 12 000 BTU (3,5 kW) kyler den snabbt och effektivt rum upp till 35 m\u00b2, vilket g\u00f6r den perfekt f\u00f6r b\u00e5de hem och kontor. <\/p>\n<h3>Viktiga egenskaper:<\/h3>\n\n<h3>Effektiv kylning i hemmet och p\u00e5 kontoret<\/h3>\n<p><strong>Sovrum: <\/strong>Tyst drift och effektiv kyla ger en god natts s\u00f6mn \u00e4ven under varma n\u00e4tter.<br \/>\n<strong>Barnrum:<\/strong> Skapar en behaglig och stabil temperatur som ger tryggare inomhusmilj\u00f6.<br \/>\n<strong>Vardagsrum:<\/strong> Ger svalka \u00e5t hela familjen under heta sommardagar.<br \/>\n<strong>Kontor: <\/strong>F\u00f6rb\u00e4ttrar arbetsmilj\u00f6n och g\u00f6r det l\u00e4ttare att h\u00e5lla fokus \u00e4ven n\u00e4r temperaturen stiger.<\/p>\n<h3>Tyst och energieffektiv<\/h3>\n<p>Med sina tre fl\u00e4ktl\u00e4gen och en l\u00e5g ljudniv\u00e5 p\u00e5 endast 53,5 dB kan du enkelt anpassa kylningen efter behov \u2013 fr\u00e5n tyst drift i sovrum till h\u00f6gre effekt under de varmaste timmarna p\u00e5 dagen. Trots sin starka prestanda \u00e4r AC Cortina 12K mycket energieffektiv med energiklass A, och den fungerar problemfritt \u00e4ven vid temperaturer upp till 43\u00b0C. <\/p>\n<h3>Smidig och anv\u00e4ndarv\u00e4nlig<\/h3>\n<p>F\u00f6r extra bekv\u00e4mlighet \u00e4r den utrustad med en digital touch-panel, ett tv\u00e4ttbart filter, fj\u00e4rrkontroll och ett komplett f\u00f6nsterkit som g\u00f6r installationen enkel och smidig. Dessutom har den hjul f\u00f6r att enkelt f\u00f6rflytta enheten dit du vill. N\u00e4r du registrerar din produkt f\u00e5r ut\u00f6kar du garantin fr\u00e5n 2 till 3 \u00e5r.  <\/p>\n<p>V\u00e4lj Wood\u2019s AC Cortina 12K, n\u00e4r du vill ha en testvinnande kylning i hemmet eller p\u00e5 arbetsplatsen.<\/p>\n","protected":false},"excerpt":{"rendered":"<p>Wood\u2019s AC Cortina 12K \u00e4r en av de mest uppskattade portabla AC-enheterna i Norden och internationellt. Den har vid upprepade tillf\u00e4llen utsetts till b\u00e4st i test \u2013 bland annat hela sex g\u00e5nger av Aftonbladet. Med en kylkapacitet p\u00e5 12 000 BTU (3,5 kW) kyler den snabbt och effektivt rum upp till 35 m\u00b2, vilket g\u00f6r den perfekt f\u00f6r b\u00e5de hem och kontor.   <\/p>\n","protected":false},"featured_media":45848,"template":"","meta":{"_acf_changed":false},"product_brand":[],"product_cat":[4898,4888,4885,334],"product_tag":[2747,2767,3074,3057,3073],"class_list":{"0":"post-46368","1":"product","2":"type-product","3":"status-publish","4":"has-post-thumbnail","6":"product_cat-foer-kontor","7":"product_cat-for-sovrum","8":"product_cat-for-vardagsrum-och-lagenheter","9":"product_cat-luftkonditionering","10":"product_tag-35-m-sv","11":"product_tag-bast-i-test","12":"product_tag-portabel-ac-for-kontor","13":"product_tag-portabel-ac-for-sovrum","14":"product_tag-portabel-ac-for-vardagsrum","15":"product_shipping_class-high","16":"splide__slide","18":"first","19":"instock","20":"taxable","21":"shipping-taxable","22":"product-type-simple"},"acf":[],"_links":{"self":[{"href":"https:\/\/woods.se\/sv\/wp-json\/wp\/v2\/product\/46368","targetHints":{"allow":["GET"]}}],"collection":[{"href":"https:\/\/woods.se\/sv\/wp-json\/wp\/v2\/product"}],"about":[{"href":"https:\/\/woods.se\/sv\/wp-json\/wp\/v2\/types\/product"}],"wp:featuredmedia":[{"embeddable":true,"href":"https:\/\/woods.se\/sv\/wp-json\/wp\/v2\/media\/45848"}],"wp:attachment":[{"href":"https:\/\/woods.se\/sv\/wp-json\/wp\/v2\/media?parent=46368"}],"wp:term":[{"taxonomy":"product_brand","embeddable":true,"href":"https:\/\/woods.se\/sv\/wp-json\/wp\/v2\/product_brand?post=46368"},{"taxonomy":"product_cat","embeddable":true,"href":"https:\/\/woods.se\/sv\/wp-json\/wp\/v2\/product_cat?post=46368"},{"taxonomy":"product_tag","embeddable":true,"href":"https:\/\/woods.se\/sv\/wp-json\/wp\/v2\/product_tag?post=46368"}],"curies":[{"name":"wp","href":"https:\/\/api.w.org\/{rel}","templated":true}]}}