{"id":46364,"date":"2024-12-10T15:09:12","date_gmt":"2024-12-10T14:09:12","guid":{"rendered":"https:\/\/stage.woods.se\/?post_type=product&#038;p=46364"},"modified":"2025-09-14T19:11:36","modified_gmt":"2025-09-14T17:11:36","slug":"woods-ac-cortina-12k-wifi-smart-home-a","status":"publish","type":"product","link":"https:\/\/woods.se\/sv\/produkter\/luftkonditionering\/for-vardagsrum-och-lagenheter\/woods-ac-cortina-12k-wifi-smart-home-a\/","title":{"rendered":"Wood\u2019s AC Cortina 12K WiFi\/Smart Home A+"},"content":{"rendered":"<h2>Wood&#8217;s AC Cortina 12K WiFi Smart Home A+<\/h2>\n<h3>Testvinnande, smart och mer energieffektiv<\/h3>\n<p>Wood\u2019s AC Cortina 12K \u00e4r en av Nordens mest popul\u00e4ra portabla AC-enheter, uppskattad f\u00f6r sin kombination av kraftfull kyla, smarta funktioner och nu \u00e4ven \u00e4nnu b\u00e4ttre energieffektivitet med denna A+ version. AC Cortina har vid upprepade tillf\u00e4llen utsetts till b\u00e4st i test \u2013 bland annat av tek.no \u2013 och \u00e4r utvecklad f\u00f6r att b\u00e5de kyla effektivt och spara energi.<\/p>\n<h3>Viktiga egenskaper:<\/h3>\n\n<h3>Effektiv och milj\u00f6v\u00e4nligare kylning i hemmet och p\u00e5 kontoret<\/h3>\n<p><strong>Sovrum: <\/strong>Svalka p\u00e5 natten med tyst drift och l\u00e5g energif\u00f6rbrukning.<br \/>\n<strong>Barnrum: <\/strong>Skapar en stabil och trygg inomhusmilj\u00f6 med minskad milj\u00f6p\u00e5verkan.<br \/>\n<strong>Vardagsrum: <\/strong>H\u00e5ll hela familjen sval och komfortabel under varma dagar \u2013 med b\u00e4ttre energieffektivitet.<br \/>\n<strong>Kontor: <\/strong>F\u00f6rb\u00e4ttra arbetsmilj\u00f6n och h\u00e5ll fokus \u00e4ven under heta sommardagar, samtidigt som du sparar energi.<\/p>\n<h3>Tyst och extra energieffektiv<\/h3>\n<p>Wood\u2019s AC Cortina 12K WiFi Smart Home A+ kombinerar stark prestanda med f\u00f6rb\u00e4ttrad energieffektivitet i energiklass A+. Det g\u00f6r den till ett milj\u00f6v\u00e4nligare alternativ, utan att kompromissa p\u00e5 kylningskapacitet. Den fungerar dessutom problemfritt i temperaturer upp till 43\u00b0C.<\/p>\n<h3>Smidig, smart och anv\u00e4ndarv\u00e4nlig<\/h3>\n<p>Med WiFi och Smart Home-st\u00f6d kan enheten styras via appen Wood\u2019s Connect samt smarta hem-l\u00f6sningar som Google Home och Alexa. Starta kylningen innan du kommer hem och m\u00f6ts alltid av ett behagligt inomhusklimat. Dessutom ing\u00e5r digital touch-panel, fj\u00e4rrkontroll, tv\u00e4ttbart filter och komplett f\u00f6nsterkit f\u00f6r enkel installation. Tack vare de smidiga hjulen flyttas den enkelt dit du beh\u00f6ver den. Vid registrering f\u00f6rl\u00e4ngs garantin fr\u00e5n 2 till 3 \u00e5r.<\/p>\n<p>V\u00e4lj Wood\u2019s AC Cortina 12K WiFi Smart Home A+ \u2013 en testvinnande, smart och mer energieffektiv luftkonditionering f\u00f6r hemmet eller arbetsplatsen.<\/p>\n","protected":false},"excerpt":{"rendered":"<p>Wood\u2019s AC Cortina 12K WiFi Smart Home A+ \u00e4r en testvinnande och mer energieffektiv portabel luftkonditionering \u2013 perfekt f\u00f6r dig som vill ha b\u00e5de prestanda och ett milj\u00f6v\u00e4nligare alternativ. Med en kylkapacitet p\u00e5 12 000 BTU (3,5 kW) kyler den upp till 35 m\u00b2 och har tre fl\u00e4ktl\u00e4gen, ett luftfl\u00f6de p\u00e5 360 m\u00b3\/h och l\u00e5g ljudniv\u00e5 p\u00e5 53,5 dB. Styrs enkelt via digital touch-panel, fj\u00e4rrkontroll eller appen Wood\u2019s Connect och Smart Home-l\u00f6sningar.<\/p>\n","protected":false},"featured_media":45848,"template":"","meta":{"_acf_changed":false},"product_brand":[],"product_cat":[4898,4888,4885,334],"product_tag":[2747,2746,3074,3057,3073,367,365],"class_list":{"0":"post-46364","1":"product","2":"type-product","3":"status-publish","4":"has-post-thumbnail","6":"product_cat-foer-kontor","7":"product_cat-for-sovrum","8":"product_cat-for-vardagsrum-och-lagenheter","9":"product_cat-luftkonditionering","10":"product_tag-35-m-sv","11":"product_tag-a-sv","12":"product_tag-portabel-ac-for-kontor","13":"product_tag-portabel-ac-for-sovrum","14":"product_tag-portabel-ac-for-vardagsrum","15":"product_tag-smart-home-sv","16":"product_tag-wifi-sv","17":"splide__slide","19":"first","20":"instock","21":"taxable","22":"shipping-taxable","23":"product-type-simple"},"acf":[],"_links":{"self":[{"href":"https:\/\/woods.se\/sv\/wp-json\/wp\/v2\/product\/46364","targetHints":{"allow":["GET"]}}],"collection":[{"href":"https:\/\/woods.se\/sv\/wp-json\/wp\/v2\/product"}],"about":[{"href":"https:\/\/woods.se\/sv\/wp-json\/wp\/v2\/types\/product"}],"wp:featuredmedia":[{"embeddable":true,"href":"https:\/\/woods.se\/sv\/wp-json\/wp\/v2\/media\/45848"}],"wp:attachment":[{"href":"https:\/\/woods.se\/sv\/wp-json\/wp\/v2\/media?parent=46364"}],"wp:term":[{"taxonomy":"product_brand","embeddable":true,"href":"https:\/\/woods.se\/sv\/wp-json\/wp\/v2\/product_brand?post=46364"},{"taxonomy":"product_cat","embeddable":true,"href":"https:\/\/woods.se\/sv\/wp-json\/wp\/v2\/product_cat?post=46364"},{"taxonomy":"product_tag","embeddable":true,"href":"https:\/\/woods.se\/sv\/wp-json\/wp\/v2\/product_tag?post=46364"}],"curies":[{"name":"wp","href":"https:\/\/api.w.org\/{rel}","templated":true}]}}