{"id":45271,"date":"2024-12-12T11:37:04","date_gmt":"2024-12-12T10:37:04","guid":{"rendered":"https:\/\/stage.woods.se\/?post_type=product&#038;p=45271"},"modified":"2026-03-09T09:26:05","modified_gmt":"2026-03-09T08:26:05","slug":"woods-active-ion-hepa-filter-900-serien","status":"publish","type":"product","link":"https:\/\/woods.se\/sv\/produkter\/luftrenare\/woods-active-ion-hepa-filter-900-serien\/","title":{"rendered":"Wood\u2019s Active ION HEPA filter 900-serien"},"content":{"rendered":"<h2>Wood&#8217;s Active ION HEPA filter<\/h2>\n<h3>Tv\u00e5 filter f\u00f6r maximal luftrening i 900-serien<\/h3>\n<p>Wood\u2019s Active ION HEPA-filter f\u00f6r 900-serien \u00e4r hemligheten bakom den h\u00f6ga kapaciteten hos luftrenare som GRAN 900. Paketet inneh\u00e5ller tv\u00e5 filter, speciellt anpassade f\u00f6r att ge maximal rening i st\u00f6rre utrymmen. Filtren \u00e4r tillverkade i Sverige med ett syntetiskt material d\u00e4r fibrerna \u00e4r svagt elektriskt laddade, vilket g\u00f6r att de f\u00e5ngar upp \u00e4ven ultrafina partiklar extremt effektivt.<\/p>\n<h3>Effektiv luftrening f\u00f6r stora ytor<\/h3>\n<p>Active ION HEPA-filtret tar bort 99,98% av alla luftburna partiklar. Det f\u00e5ngar damm, pollen, m\u00f6gelsporer, bakterier och till och med radioaktiva radond\u00f6ttrar. Detta g\u00f6r att luften blir m\u00e4rkbart friskare och h\u00e4lsosammare direkt \u2013 perfekt f\u00f6r stora vardagsrum, kontor och andra \u00f6ppna milj\u00f6er.<\/p>\n<h3>Filtrerar ultrafina partiklar<\/h3>\n<p>Filtren klarar att f\u00e5nga partiklar ner till storleken 0,0003 mm, vilket \u00e4r 50 g\u00e5nger mindre \u00e4n en bakterie. Det g\u00f6r dem till en av de mest avancerade filtreringsl\u00f6sningarna f\u00f6r hemmabruk och professionell anv\u00e4ndning.<\/p>\n<h3>Svensktillverkade kvalitetsfilter<\/h3>\n<p>De tv\u00e5 filtren \u00e4r utvecklade och tillverkade i Sverige, vilket garanterar h\u00f6gsta kvalitet, l\u00e5ng livsl\u00e4ngd och p\u00e5litlig prestanda.<\/p>\n<h3>Kompatibilitet<\/h3>\n<p>Wood\u2019s Active ION HEPA-filter f\u00f6r 900-serien \u00e4r s\u00e4rskilt anpassade f\u00f6r luftrenare som GRAN 900.<\/p>\n","protected":false},"excerpt":{"rendered":"<p>Wood\u2019s Active ION HEPA-filter f\u00f6r 900-serien best\u00e5r av tv\u00e5 h\u00f6gpresterande filter, utvecklade f\u00f6r luftrenare som GRAN 900. Filtren f\u00e5ngar 99,98% av alla skadliga partiklar, inklusive pollen, damm, m\u00f6gelsporer, bakterier och radond\u00f6ttrar. De \u00e4r tillverkade i Sverige med ett unikt syntetiskt material d\u00e4r fibrerna \u00e4r elektriskt laddade, vilket g\u00f6r att \u00e4ven de allra minsta partiklarna fastnar. Resultatet \u00e4r omedelbart renare och h\u00e4lsosammare luft \u2013 tyst och energieffektivt.<\/p>\n","protected":false},"featured_media":45263,"template":"","meta":{"_acf_changed":false},"product_brand":[],"product_cat":[335,333,4797],"product_tag":[371,2256],"class_list":{"0":"post-45271","1":"product","2":"type-product","3":"status-publish","4":"has-post-thumbnail","6":"product_cat-luftrenare","7":"product_cat-tillbehor","8":"product_cat-tillbehor-luftrenare","9":"product_tag-filter-sv","10":"product_tag-hepa-filter-sv","11":"product_shipping_class-low","12":"splide__slide","14":"first","15":"instock","16":"taxable","17":"shipping-taxable","18":"purchasable","19":"product-type-simple"},"acf":[],"_links":{"self":[{"href":"https:\/\/woods.se\/sv\/wp-json\/wp\/v2\/product\/45271","targetHints":{"allow":["GET"]}}],"collection":[{"href":"https:\/\/woods.se\/sv\/wp-json\/wp\/v2\/product"}],"about":[{"href":"https:\/\/woods.se\/sv\/wp-json\/wp\/v2\/types\/product"}],"wp:featuredmedia":[{"embeddable":true,"href":"https:\/\/woods.se\/sv\/wp-json\/wp\/v2\/media\/45263"}],"wp:attachment":[{"href":"https:\/\/woods.se\/sv\/wp-json\/wp\/v2\/media?parent=45271"}],"wp:term":[{"taxonomy":"product_brand","embeddable":true,"href":"https:\/\/woods.se\/sv\/wp-json\/wp\/v2\/product_brand?post=45271"},{"taxonomy":"product_cat","embeddable":true,"href":"https:\/\/woods.se\/sv\/wp-json\/wp\/v2\/product_cat?post=45271"},{"taxonomy":"product_tag","embeddable":true,"href":"https:\/\/woods.se\/sv\/wp-json\/wp\/v2\/product_tag?post=45271"}],"curies":[{"name":"wp","href":"https:\/\/api.w.org\/{rel}","templated":true}]}}