{"id":45253,"date":"2024-12-12T11:37:56","date_gmt":"2024-12-12T10:37:56","guid":{"rendered":"https:\/\/stage.woods.se\/?post_type=product&#038;p=45253"},"modified":"2026-04-10T23:58:32","modified_gmt":"2026-04-10T21:58:32","slug":"woods-active-ion-hepa-filter-300-serien","status":"publish","type":"product","link":"https:\/\/woods.se\/sv\/produkter\/luftrenare\/woods-active-ion-hepa-filter-300-serien\/","title":{"rendered":"Wood\u2019s Active ION HEPA filter 300-serien"},"content":{"rendered":"<h2>Wood&#8217;s Active ION HEPA filter<\/h2>\n<h3>Effektiv luftrening f\u00f6r 300-serien<\/h3>\n<p>Wood\u2019s Active ION HEPA-filter \u00e4r hemligheten bakom den h\u00f6ga reningskapaciteten i luftrenarna i 300-serien. Filtret \u00e4r tillverkat Sverige i ett speciellt syntetiskt material d\u00e4r fibrerna \u00e4r svagt elektriskt laddade, vilket g\u00f6r att de f\u00e5ngar upp \u00e4ven ultrafina partiklar p\u00e5 ett mycket effektivt s\u00e4tt.<\/p>\n<h3>Effektiv luftrening<\/h3>\n<p>Active ION HEPA-filtret tar bort 99,98% av alla luftburna partiklar i din inomhusmilj\u00f6. Det f\u00e5ngar pollen, damm, m\u00f6gelsporer, bakterier och till och med radioaktiva radond\u00f6ttrar. Resultatet blir en omedelbart friskare och renare luft \u2013 perfekt f\u00f6r allergiker och alla som vill f\u00f6rb\u00e4ttra sitt inomhusklimat.<\/p>\n<h3>Filtrerar ultrafina partiklar<\/h3>\n<p>Filtret kan f\u00e5nga partiklar ner till storleken 0,0003 mm, vilket \u00e4r hela 50 g\u00e5nger mindre \u00e4n en bakterie. Detta g\u00f6r det till ett av de mest avancerade filtren f\u00f6r hemmabruk.<\/p>\n<h3>Ren luft med l\u00e5g energif\u00f6rbrukning<\/h3>\n<p>I kombination med luftrenarna i 300-serien ger filtret inte bara ett h\u00e4lsosamt inomhusklimat, utan g\u00f6r det ocks\u00e5 energieffektivt och tystg\u00e5ende \u2013 en l\u00f6sning som fungerar lika bra i sovrummet som i vardagsrummet.<\/p>\n<h3>Kompatibilitet<\/h3>\n<p>Wood\u2019s Active ION HEPA-filter \u00e4r s\u00e4rskilt anpassat f\u00f6r luftrenare i Wood\u2019s 300-serien (AL 310, AL 310FC och ELFI 300)<\/p>\n","protected":false},"excerpt":{"rendered":"<p>Wood\u2019s svensktillverkade Active ION HEPA-filter \u00e4r ett h\u00f6gpresterande filter som passar luftrenare i 300-serien. Det f\u00e5ngar 99,98% av skadliga partiklar, inklusive pollen, damm, m\u00f6gelsporer, bakterier och radond\u00f6ttrar. Filtret \u00e4r tillverkat med ett syntetiskt media d\u00e4r fibrerna \u00e4r svagt elektriskt laddade, vilket g\u00f6r att \u00e4ven de minsta partiklarna fastnar. Resultatet \u00e4r en omedelbart renare och h\u00e4lsosammare inomhusluft \u2013 energieffektivt och tyst.<\/p>\n","protected":false},"featured_media":45245,"template":"","meta":{"_acf_changed":false},"product_brand":[],"product_cat":[335,333,4797],"product_tag":[371,2256],"class_list":{"0":"post-45253","1":"product","2":"type-product","3":"status-publish","4":"has-post-thumbnail","6":"product_cat-luftrenare","7":"product_cat-tillbehor","8":"product_cat-tillbehor-luftrenare","9":"product_tag-filter-sv","10":"product_tag-hepa-filter-sv","11":"product_shipping_class-low","12":"splide__slide","14":"first","15":"instock","16":"taxable","17":"shipping-taxable","18":"purchasable","19":"product-type-simple"},"acf":[],"_links":{"self":[{"href":"https:\/\/woods.se\/sv\/wp-json\/wp\/v2\/product\/45253","targetHints":{"allow":["GET"]}}],"collection":[{"href":"https:\/\/woods.se\/sv\/wp-json\/wp\/v2\/product"}],"about":[{"href":"https:\/\/woods.se\/sv\/wp-json\/wp\/v2\/types\/product"}],"wp:featuredmedia":[{"embeddable":true,"href":"https:\/\/woods.se\/sv\/wp-json\/wp\/v2\/media\/45245"}],"wp:attachment":[{"href":"https:\/\/woods.se\/sv\/wp-json\/wp\/v2\/media?parent=45253"}],"wp:term":[{"taxonomy":"product_brand","embeddable":true,"href":"https:\/\/woods.se\/sv\/wp-json\/wp\/v2\/product_brand?post=45253"},{"taxonomy":"product_cat","embeddable":true,"href":"https:\/\/woods.se\/sv\/wp-json\/wp\/v2\/product_cat?post=45253"},{"taxonomy":"product_tag","embeddable":true,"href":"https:\/\/woods.se\/sv\/wp-json\/wp\/v2\/product_tag?post=45253"}],"curies":[{"name":"wp","href":"https:\/\/api.w.org\/{rel}","templated":true}]}}