{"id":45140,"date":"2024-12-12T11:36:08","date_gmt":"2024-12-12T10:36:08","guid":{"rendered":"https:\/\/stage.woods.se\/?post_type=product&#038;p=45140"},"modified":"2026-03-31T08:37:05","modified_gmt":"2026-03-31T06:37:05","slug":"woods-hygrometer-whg-1","status":"publish","type":"product","link":"https:\/\/woods.se\/sv\/produkter\/avfuktare\/woods-hygrometer-whg-1\/","title":{"rendered":"Wood\u2019s hygrometer WHG-1"},"content":{"rendered":"<h2>Wood&#8217;s WHG-1<\/h2>\n<h3>Hygrometer f\u00f6r kontroll av luftfuktighet och temperatur<\/h3>\n<p>F\u00f6r ett h\u00e4lsosamt inomhusklimat \u00e4r det viktigt att h\u00e5lla koll p\u00e5 luftfuktigheten. Wood\u2019s WHG-1 g\u00f6r det enkelt att m\u00e4ta b\u00e5de luftfuktighet och temperatur, s\u00e5 du kan uppt\u00e4cka problem innan de orsakar skador. <\/p>\n<h3>KeeH\u00e5ll fuktniv\u00e5n runt 50% (RH)<\/h3>\n<p>Rekommenderad relativ luftfuktighet \u00e4r runt 50%. \u00c4r fuktniv\u00e5 under det kan du beh\u00f6va tillf\u00f6ra fukt med hj\u00e4lp av en luftfuktare f\u00f6r att sova b\u00e4ttre och inte drabbas av torr, sprucken hy. \u00c4ven m\u00f6bler, inredning, instrument och golv p\u00e5verkas negativt vid l\u00e5g luftfuktighet. Har du ist\u00e4llet f\u00f6r h\u00f6g luftfuktighet beh\u00f6ver du en avfuktare som f\u00f6rhindrar m\u00f6gel, od\u00f6rer och att fukt f\u00e5r f\u00e4ste och skadar ditt hem. T\u00e4nk p\u00e5 att luftfuktigheten varierar kraftigt under \u00e5rstiderna och i olika rum.    <\/p>\n<h3>F\u00f6rebygg skador och m\u00f6gel<\/h3>\n<p>Med WHG-1 kan du h\u00e5lla koll p\u00e5 fukt i k\u00e4nsliga utrymmen som k\u00e4llare, krypgrunder och tv\u00e4ttstugor. \u00d6verfl\u00f6dig fukt kan orsaka m\u00f6gel, rost och r\u00f6ta, men genom att f\u00f6lja v\u00e4rdena p\u00e5 hygrometern kan du agera i tid. Under 72% slutar svartm\u00f6gel v\u00e4xa och under 68% slutar m\u00f6gelsvamp att utvecklas.  <\/p>\n<h3>Praktisk och anv\u00e4ndarv\u00e4nlig<\/h3>\n<p>WHG-1 har en tydlig display som visar luftfuktighet, temperatur, tid och kalender. Den m\u00e4ter temperatur i b\u00e5de Celsius och Fahrenheit och har Max\/Min-funktion f\u00f6r att visa h\u00f6gsta och l\u00e4gsta uppm\u00e4tta v\u00e4rden. <\/p>\n<h3>Funktioner:<\/h3>\n<ul>\n<li>Luftfuktighet: 20\u201395%%<\/li>\n<li>Temperatur: 0\u00b0C till +50\u00b0C (\u00b0C\/\u00b0F v\u00e4xling)<\/li>\n<li>Max\/Min-funktion<\/li>\n<li>Alarm och snooze<\/li>\n<li>Tids- och veckovisning (p\u00e5 engelska)<\/li>\n<li>Kalenderfunktion<\/li>\n<li>12\/24h tidsformat<\/li>\n<\/ul>\n<h3>Placeringstips<\/h3>\n<p>Fukt kan variera i olika delar av huset. Flytta hygrometern mellan olika platser, exempelvis k\u00e4llare, badrum eller krypgrund, f\u00f6r att f\u00e5 en mer komplett bild av fuktf\u00f6rh\u00e5llandena. <\/p>\n","protected":false},"excerpt":{"rendered":"<p>Wood\u2019s WHG-1 \u00e4r en smidig hygrometer som m\u00e4ter b\u00e5de luftfuktighet och temperatur, s\u00e5 du kan ha full kontroll p\u00e5 ditt inomhusklimat. Den tydliga displayen visar \u00e4ven tid, kalender och har alarmfunktion. Med Max\/Min-l\u00e4get kan du enkelt se de h\u00f6gsta och l\u00e4gsta uppm\u00e4tta v\u00e4rdena, vilket hj\u00e4lper dig att uppt\u00e4cka fuktproblem i tid och f\u00f6rhindra m\u00f6gel, rost och r\u00f6ta.  <\/p>\n","protected":false},"featured_media":45124,"template":"","meta":{"_acf_changed":false},"product_brand":[],"product_cat":[336,337,333,4763,4829],"product_tag":[2259],"class_list":{"0":"post-45140","1":"product","2":"type-product","3":"status-publish","4":"has-post-thumbnail","6":"product_cat-avfuktare","7":"product_cat-luftfuktare","8":"product_cat-tillbehor","9":"product_cat-tillbehor-avfuktare","10":"product_cat-tillbehor-luftfuktare","11":"product_tag-hygrometer-sv","12":"splide__slide","14":"first","15":"instock","16":"taxable","17":"shipping-taxable","18":"purchasable","19":"product-type-simple"},"acf":[],"_links":{"self":[{"href":"https:\/\/woods.se\/sv\/wp-json\/wp\/v2\/product\/45140","targetHints":{"allow":["GET"]}}],"collection":[{"href":"https:\/\/woods.se\/sv\/wp-json\/wp\/v2\/product"}],"about":[{"href":"https:\/\/woods.se\/sv\/wp-json\/wp\/v2\/types\/product"}],"wp:featuredmedia":[{"embeddable":true,"href":"https:\/\/woods.se\/sv\/wp-json\/wp\/v2\/media\/45124"}],"wp:attachment":[{"href":"https:\/\/woods.se\/sv\/wp-json\/wp\/v2\/media?parent=45140"}],"wp:term":[{"taxonomy":"product_brand","embeddable":true,"href":"https:\/\/woods.se\/sv\/wp-json\/wp\/v2\/product_brand?post=45140"},{"taxonomy":"product_cat","embeddable":true,"href":"https:\/\/woods.se\/sv\/wp-json\/wp\/v2\/product_cat?post=45140"},{"taxonomy":"product_tag","embeddable":true,"href":"https:\/\/woods.se\/sv\/wp-json\/wp\/v2\/product_tag?post=45140"}],"curies":[{"name":"wp","href":"https:\/\/api.w.org\/{rel}","templated":true}]}}