{"id":45114,"date":"2024-12-12T11:33:31","date_gmt":"2024-12-12T10:33:31","guid":{"rendered":"https:\/\/stage.woods.se\/?post_type=product&#038;p=45114"},"modified":"2026-04-03T12:04:41","modified_gmt":"2026-04-03T10:04:41","slug":"woods-active-ion-hepa-filter-for-ad20-ad30","status":"publish","type":"product","link":"https:\/\/woods.se\/sv\/produkter\/avfuktare\/woods-active-ion-hepa-filter-for-ad20-ad30\/","title":{"rendered":"Wood&#8217;s Active ION HEPA filter f\u00f6r AD20\/AD30"},"content":{"rendered":"<h2>Wood&#8217;s Active ION HEPA filter<\/h2>\n<h3>Ren och torr luft i ett steg<\/h3>\n<p>Woods svensktillverkade Active ION HEPA-filter \u00e4r nyckeln till den h\u00f6ga reningskapaciteten i Woods hybridavfuktare\/luftrenare AD20 och AD30. Filtret \u00e4r tillverkat av ett speciellt syntetmaterial d\u00e4r fibrerna \u00e4r svagt elektriskt laddade, vilket g\u00f6r att de f\u00e5ngar upp \u00e4ven de minsta partiklarna p\u00e5 ett mycket effektivt s\u00e4tt. <\/p>\n<h3>Effektiv luftrening<\/h3>\n<p>Active ION HEPA-filtret tar bort 99,98% av alla luftburna partiklar i din inomhusmilj\u00f6. Det f\u00e5ngar pollen, damm, m\u00f6gelsporer, bakterier och till och med radioaktiva radond\u00f6ttrar. Resultatet blir en omedelbart f\u00f6rb\u00e4ttrad luftkvalitet \u2013 ren och torr p\u00e5 samma g\u00e5ng.  <\/p>\n<h3>Filtrerar ultrafina partiklar<\/h3>\n<p>Filtret kan f\u00e5nga partiklar ner till storleken 0,0003 mm, vilket \u00e4r 50 g\u00e5nger mindre \u00e4n en bakterie. Detta g\u00f6r det till ett av de mest effektiva filtren f\u00f6r hemmabruk. <\/p>\n<h3>Ren och torr luft med l\u00e5g energif\u00f6rbrukning<\/h3>\n<p>I kombination med AD20 och AD30 ger filtret inte bara en h\u00e4lsosam inomhusmilj\u00f6, utan g\u00f6r det ocks\u00e5 energieffektivt och tystg\u00e5ende \u2013 perfekt f\u00f6r vardagsbruk.<\/p>\n<h3>Kompatibilitet<\/h3>\n<p>Wood\u2019s Active ION HEPA-filter \u00e4r anpassat f\u00f6r AD20 och AD30 hybrid luftrenare\/avfuktare.<\/p>\n","protected":false},"excerpt":{"rendered":"<p>Wood\u2019s svensktillverkade Active ION HEPA-filter \u00e4r ett h\u00f6gpresterande filter som passar avfuktarna och luftrenarna AD20 och AD30. Det tar bort 99,98% av alla skadliga partiklar i inomhusluften, inklusive pollen, damm, m\u00f6gelsporer, bakterier och radond\u00f6ttrar. Filtret renar luften samtidigt som den avfuktas, vilket ger en friskare och h\u00e4lsosammare inomhusmilj\u00f6 med l\u00e5g energif\u00f6rbrukning och tyst drift.  <\/p>\n","protected":false},"featured_media":45089,"template":"","meta":{"_acf_changed":false},"product_brand":[],"product_cat":[336,333,4763],"product_tag":[371,2256],"class_list":{"0":"post-45114","1":"product","2":"type-product","3":"status-publish","4":"has-post-thumbnail","6":"product_cat-avfuktare","7":"product_cat-tillbehor","8":"product_cat-tillbehor-avfuktare","9":"product_tag-filter-sv","10":"product_tag-hepa-filter-sv","11":"product_shipping_class-low","12":"splide__slide","14":"first","15":"outofstock","16":"taxable","17":"shipping-taxable","18":"purchasable","19":"product-type-simple"},"acf":[],"_links":{"self":[{"href":"https:\/\/woods.se\/sv\/wp-json\/wp\/v2\/product\/45114","targetHints":{"allow":["GET"]}}],"collection":[{"href":"https:\/\/woods.se\/sv\/wp-json\/wp\/v2\/product"}],"about":[{"href":"https:\/\/woods.se\/sv\/wp-json\/wp\/v2\/types\/product"}],"wp:featuredmedia":[{"embeddable":true,"href":"https:\/\/woods.se\/sv\/wp-json\/wp\/v2\/media\/45089"}],"wp:attachment":[{"href":"https:\/\/woods.se\/sv\/wp-json\/wp\/v2\/media?parent=45114"}],"wp:term":[{"taxonomy":"product_brand","embeddable":true,"href":"https:\/\/woods.se\/sv\/wp-json\/wp\/v2\/product_brand?post=45114"},{"taxonomy":"product_cat","embeddable":true,"href":"https:\/\/woods.se\/sv\/wp-json\/wp\/v2\/product_cat?post=45114"},{"taxonomy":"product_tag","embeddable":true,"href":"https:\/\/woods.se\/sv\/wp-json\/wp\/v2\/product_tag?post=45114"}],"curies":[{"name":"wp","href":"https:\/\/api.w.org\/{rel}","templated":true}]}}