{"id":45081,"date":"2024-12-12T11:31:34","date_gmt":"2024-12-12T10:31:34","guid":{"rendered":"https:\/\/stage.woods.se\/?post_type=product&#038;p=45081"},"modified":"2026-03-05T13:08:58","modified_gmt":"2026-03-05T12:08:58","slug":"woods-tvattbara-permanentfilter","status":"publish","type":"product","link":"https:\/\/woods.se\/sv\/produkter\/avfuktare\/woods-tvattbara-permanentfilter\/","title":{"rendered":"Wood&#8217;s tv\u00e4ttbara permanentfilter"},"content":{"rendered":"<h2>Wood&#8217;s permanentfilter<\/h2>\n<h3>Tv\u00e4ttbart skydd som f\u00f6rl\u00e4nger avfuktarens livsl\u00e4ngd<\/h3>\n<p>F\u00f6r att din avfuktare ska fungera optimalt \u00e4r det viktigt att skydda den mot damm och partiklar. Wood\u2019s permanentfilter \u00e4r tillverkat i slitstark polyester och \u00e4r b\u00e5de tv\u00e4ttbart och \u00e5teranv\u00e4ndbart, vilket g\u00f6r det till ett h\u00e5llbart alternativ till eng\u00e5ngsfilter. <\/p>\n<h3>Effektivt skydd<\/h3>\n<p>Filtret f\u00e5ngar upp damm och partiklar som annars kan tr\u00e4nga in i maskinen, vilket minskar slitage och f\u00f6rl\u00e4nger avfuktarens livsl\u00e4ngd.<\/p>\n<h3>Tv\u00e4ttbart och h\u00e5llbart<\/h3>\n<p>Eftersom filtret \u00e4r permanent kan det enkelt tv\u00e4ttas och anv\u00e4ndas om och om igen. Detta ger en kostnadseffektiv l\u00f6sning som dessutom \u00e4r mer milj\u00f6v\u00e4nlig. <\/p>\n<h3>Kompatibilitet<\/h3>\n<p>Wood&#8217;s permanenta filter passar avfuktarna  <strong>WCD2, WCD3, WCD4 och DSC95P.<\/strong><\/p>\n<h3>Tillverkad i Sverige<\/h3>\n<p>Wood\u2019s permanentfilter \u00e4r utvecklat och tillverkat i Sverige f\u00f6r h\u00f6gsta m\u00f6jliga h\u00e5llbarhet och s\u00e4kerst\u00e4ller l\u00e5ng livsl\u00e4ngd och p\u00e5litlig drift.<\/p>\n","protected":false},"excerpt":{"rendered":"<p>Wood\u2019s permanentfilter i polyester \u00e4r ett tv\u00e4ttbart och \u00e5teranv\u00e4ndbart filter som skyddar din avfuktare mot damm och partiklar. Det f\u00f6rl\u00e4nger maskinens livsl\u00e4ngd och s\u00e4kerst\u00e4ller l\u00e5ngvarig, effektiv drift. Passar avfuktarna WCD2, WCD3, WCD4 samt DSC95P. Tillverkat i Sverige.   Tillverkad i Sverige.<\/p>\n","protected":false},"featured_media":45073,"template":"","meta":{"_acf_changed":false},"product_brand":[],"product_cat":[336,333,4763],"product_tag":[371,2253],"class_list":{"0":"post-45081","1":"product","2":"type-product","3":"status-publish","4":"has-post-thumbnail","6":"product_cat-avfuktare","7":"product_cat-tillbehor","8":"product_cat-tillbehor-avfuktare","9":"product_tag-filter-sv","10":"product_tag-tvattbart","11":"product_shipping_class-low","12":"splide__slide","14":"first","15":"instock","16":"taxable","17":"shipping-taxable","18":"purchasable","19":"product-type-simple"},"acf":[],"_links":{"self":[{"href":"https:\/\/woods.se\/sv\/wp-json\/wp\/v2\/product\/45081","targetHints":{"allow":["GET"]}}],"collection":[{"href":"https:\/\/woods.se\/sv\/wp-json\/wp\/v2\/product"}],"about":[{"href":"https:\/\/woods.se\/sv\/wp-json\/wp\/v2\/types\/product"}],"wp:featuredmedia":[{"embeddable":true,"href":"https:\/\/woods.se\/sv\/wp-json\/wp\/v2\/media\/45073"}],"wp:attachment":[{"href":"https:\/\/woods.se\/sv\/wp-json\/wp\/v2\/media?parent=45081"}],"wp:term":[{"taxonomy":"product_brand","embeddable":true,"href":"https:\/\/woods.se\/sv\/wp-json\/wp\/v2\/product_brand?post=45081"},{"taxonomy":"product_cat","embeddable":true,"href":"https:\/\/woods.se\/sv\/wp-json\/wp\/v2\/product_cat?post=45081"},{"taxonomy":"product_tag","embeddable":true,"href":"https:\/\/woods.se\/sv\/wp-json\/wp\/v2\/product_tag?post=45081"}],"curies":[{"name":"wp","href":"https:\/\/api.w.org\/{rel}","templated":true}]}}