{"id":45051,"date":"2024-12-12T11:32:53","date_gmt":"2024-12-12T10:32:53","guid":{"rendered":"https:\/\/stage.woods.se\/?post_type=product&#038;p=45051"},"modified":"2026-03-05T11:55:51","modified_gmt":"2026-03-05T10:55:51","slug":"woods-smf-filter-5-pack-sw-ld-dsc-ds-dk-ed-tdr","status":"publish","type":"product","link":"https:\/\/woods.se\/sv\/produkter\/avfuktare\/woods-smf-filter-5-pack-sw-ld-dsc-ds-dk-ed-tdr\/","title":{"rendered":"Wood&#8217;s SMF-Filter 5-pack SW\/LD\/DSC\/DS\/DK\/ED\/TDR\/"},"content":{"rendered":"<h2>Wood&#8217;s SMF filter 5-pack<\/h2>\n<h3>F\u00e5 5 SMF-filter men betala f\u00f6r 4.<\/h3>\n<p>Wood\u2019s SMF-filter 5-pack \u00e4r det smarta valet f\u00f6r dig som vill s\u00e4kra b\u00e5de inomhusklimat och garanti. Du f\u00e5r 5 filter men betalar f\u00f6r 4, vilket g\u00f6r det b\u00e5de prisv\u00e4rt och enkelt att planera \u00e5rliga filterbyten. K\u00f6per du detta paket tillsammans med din avfuktare f\u00e5r 6 \u00e5rs garanti p\u00e5 samma kvitto n\u00e4r du registrerar din avfuktare p\u00e5 warranty-woods.com.  <\/p>\n<h3>Wood\u2019s SMF-filter \u2013 Effektivt skydd mot fukt, m\u00f6gel och damm<\/h3>\n<p>N\u00e4r fuktiga utrymmen torkas ut frig\u00f6rs ofta damm, m\u00f6gelsporer och andra skadliga partiklar i luften. Wood\u2019s svensktillverkade SMF-filter \u00e4r ett unikt antim\u00f6gelfilter som renar luften och g\u00f6r ditt inomhusklimat \u00e4nnu friskare. Samtidigt skyddar filtret din avfuktare mot damm och smuts \u2013 s\u00e5 avfuktaren presterar p\u00e5 topp dag efter dag, \u00e5r efter \u00e5r.  <\/p>\n<h3>Renare luft i hemmet<\/h3>\n<p>Filtret f\u00e5ngar effektivt upp pollen, m\u00f6gelsporer, damm och andra partiklar som annars sprids i luften n\u00e4r fukt torkas ut. Resultatet blir ett b\u00e4ttre och h\u00e4lsosammare inomhusklimat. <\/p>\n<h3>Skyddar din avfuktare<\/h3>\n<p>Genom att stoppa damm och smuts f\u00f6rl\u00e4nger SMF-filtret livsl\u00e4ngden p\u00e5 din avfuktare och s\u00e4kerst\u00e4ller drifts\u00e4kerhet \u00e5r efter \u00e5r.<\/p>\n<h3>Dammsug ej filtret<\/h3>\n<p>F\u00f6r att filtret ska beh\u00e5lla sin fulla funktion b\u00f6r det ej dammsugas eller skakas av. Vid dammsugning eller reng\u00f6ring frig\u00f6rs de torra skadliga partiklar i luften och blir l\u00e4ttare att andas in, vilket kan skada din h\u00e4lsa. <\/p>\n<h3>Kompatibilitet<\/h3>\n<p>Passar avfuktare i Wood\u2019s SW-, LD-, DS-, DK-, ED- och TDR-serie samt till DSC50FM.<br \/>\n<strong>OBS! Detta filter passar ej Wood\u2019s DS40FS.<\/strong><\/p>\n<h3>F\u00f6rl\u00e4ngd garanti p\u00e5 din avfuktare<\/h3>\n<p>Har du, inom 90-dagar fr\u00e5n k\u00f6p, registrerat din avfuktare i SW-, LD-, DK-, ED-, TDR-, DS- eller DSC-serien p\u00e5 warranty-woods.com f\u00e5r du f\u00f6rl\u00e4ngd garanti vid \u00e5rligt byte av SMF-filtret. Upp till 10 \u00e5r p\u00e5 LD-serien och 6 \u00e5r p\u00e5 \u00f6vriga serier. K\u00f6per du detta 5-pack samtidigt som avfuktaren slipper du att k\u00f6pa filter varje \u00e5r och f\u00e5r allts\u00e5 6 \u00e5r garanti p\u00e5 samma kvitto. Spara kvittot!   <\/p>\n<h3>Enkelt filterbyte<\/h3>\n<p>SMF-filtret \u00e4r l\u00e4tt att installera och byta ut. F\u00f6r b\u00e4sta resultat rekommenderas ett filterbyte minst en g\u00e5ng per \u00e5r. <\/p>\n","protected":false},"excerpt":{"rendered":"<p>Wood\u2019s svensktillverkade SMF-filter i smart 5-pack (d\u00e4r du betalar f\u00f6r 4). SMF-filtret \u00e4r ett unikt antim\u00f6gelfilter som renar luften fr\u00e5n skadliga partiklar. Filtret f\u00e5ngar pollen, m\u00f6gelsporer, damm och andra luftburna f\u00f6roreningar samtidigt som det skyddar din avfuktare mot smuts och slitage. Genom att byta filtret minst en g\u00e5ng per \u00e5r kan du f\u00f6rl\u00e4nga livsl\u00e4ngden p\u00e5 avfuktaren och ta del av Wood\u2019s garantiprogram med upp till 10 \u00e5rs garanti.   <\/p>\n","protected":false},"featured_media":44980,"template":"","meta":{"_acf_changed":false},"product_brand":[],"product_cat":[336,333,4763,2529],"product_tag":[2209,371],"class_list":{"0":"post-45051","1":"product","2":"type-product","3":"status-publish","4":"has-post-thumbnail","6":"product_cat-avfuktare","7":"product_cat-tillbehor","8":"product_cat-tillbehor-avfuktare","9":"product_cat-villaagarna","10":"product_tag-5-pack-sv","11":"product_tag-filter-sv","12":"product_shipping_class-low","13":"splide__slide","15":"first","16":"instock","17":"taxable","18":"shipping-taxable","19":"purchasable","20":"product-type-simple"},"acf":[],"_links":{"self":[{"href":"https:\/\/woods.se\/sv\/wp-json\/wp\/v2\/product\/45051","targetHints":{"allow":["GET"]}}],"collection":[{"href":"https:\/\/woods.se\/sv\/wp-json\/wp\/v2\/product"}],"about":[{"href":"https:\/\/woods.se\/sv\/wp-json\/wp\/v2\/types\/product"}],"wp:featuredmedia":[{"embeddable":true,"href":"https:\/\/woods.se\/sv\/wp-json\/wp\/v2\/media\/44980"}],"wp:attachment":[{"href":"https:\/\/woods.se\/sv\/wp-json\/wp\/v2\/media?parent=45051"}],"wp:term":[{"taxonomy":"product_brand","embeddable":true,"href":"https:\/\/woods.se\/sv\/wp-json\/wp\/v2\/product_brand?post=45051"},{"taxonomy":"product_cat","embeddable":true,"href":"https:\/\/woods.se\/sv\/wp-json\/wp\/v2\/product_cat?post=45051"},{"taxonomy":"product_tag","embeddable":true,"href":"https:\/\/woods.se\/sv\/wp-json\/wp\/v2\/product_tag?post=45051"}],"curies":[{"name":"wp","href":"https:\/\/api.w.org\/{rel}","templated":true}]}}