{"id":45047,"date":"2024-12-12T11:34:51","date_gmt":"2024-12-12T10:34:51","guid":{"rendered":"https:\/\/stage.woods.se\/?post_type=product&#038;p=45047"},"modified":"2026-03-05T11:51:40","modified_gmt":"2026-03-05T10:51:40","slug":"woods-smf-filter-ds40fs","status":"publish","type":"product","link":"https:\/\/woods.se\/sv\/produkter\/avfuktare\/woods-smf-filter-ds40fs\/","title":{"rendered":"Wood\u2019s SMF-Filter DS40FS"},"content":{"rendered":"<h2>Wood&#8217;s SMF filter f\u00f6r DS40FS<\/h2>\n<h3>Effektivt skydd mot fukt, m\u00f6gel och damm<\/h3>\n<p>N\u00e4r fuktiga utrymmen torkas ut frig\u00f6rs ofta damm, m\u00f6gelsporer och andra skadliga partiklar i luften. Wood\u2019s svensktillverkade SMF-filter \u00e4r ett unikt antim\u00f6gelfilter som renar luften och g\u00f6r ditt inomhusklimat \u00e4nnu friskare. Samtidigt skyddar filtret din avfuktare mot damm och smuts \u2013 s\u00e5 avfuktaren presterar p\u00e5 topp dag efter dag, \u00e5r efter \u00e5r.  <\/p>\n<h3>Renare luft i hemmet<\/h3>\n<p>Filtret f\u00e5ngar effektivt upp pollen, m\u00f6gelsporer, damm och andra partiklar som annars sprids i luften n\u00e4r fukt torkas ut. Resultatet blir ett b\u00e4ttre och h\u00e4lsosammare inomhusklimat. <\/p>\n<h3>Skyddar din avfuktare<\/h3>\n<p>Genom att stoppa damm och smuts f\u00f6rl\u00e4nger SMF-filtret livsl\u00e4ngden p\u00e5 din avfuktare och s\u00e4kerst\u00e4ller drifts\u00e4kerhet \u00e5r efter \u00e5r.<\/p>\n<h3>Dammsug ej filtret<\/h3>\n<p>F\u00f6r att filtret ska beh\u00e5lla sin fulla funktion b\u00f6r det ej dammsugas eller skakas av. Vid dammsugning eller reng\u00f6ring frig\u00f6rs de torra skadliga partiklar i luften och blir l\u00e4ttare att andas in, vilket kan skada din h\u00e4lsa. <\/p>\n<h3>Kompatibilitet<\/h3>\n<p>Detta filter passar endast Wood\u2019s DS40FS.<br \/>\n<strong>OBS! Passar ej andra avfuktare i Wood\u2019s SW-, LD-, DS-, DK-, ED- och TDR-serie eller till DSC50FM. <\/strong><\/p>\n<h3>Enkelt filterbyte<\/h3>\n<p>SMF-filtret \u00e4r l\u00e4tt att installera och byta ut. F\u00f6r b\u00e4sta resultat rekommenderas ett filterbyte minst en g\u00e5ng per \u00e5r. <\/p>\n","protected":false},"excerpt":{"rendered":"<p>Wood\u2019s svensktillverkade SMF-filter f\u00f6r DS40FS \u00e4r ett unikt antim\u00f6gelfilter som inte bara s\u00e4nker luftfuktigheten tillsammans med din avfuktare, utan ocks\u00e5 renar luften fr\u00e5n skadliga partiklar. Filtret f\u00e5ngar pollen, m\u00f6gelsporer, damm och andra luftburna f\u00f6roreningar samtidigt som det skyddar din avfuktare mot smuts och slitage. Genom att byta filtret minst en g\u00e5ng per \u00e5r f\u00f6rl\u00e4nger du livsl\u00e4ngden p\u00e5 avfuktaren.  <\/p>\n","protected":false},"featured_media":45017,"template":"","meta":{"_acf_changed":false},"product_brand":[],"product_cat":[336,333,4763],"product_tag":[371],"class_list":{"0":"post-45047","1":"product","2":"type-product","3":"status-publish","4":"has-post-thumbnail","6":"product_cat-avfuktare","7":"product_cat-tillbehor","8":"product_cat-tillbehor-avfuktare","9":"product_tag-filter-sv","10":"splide__slide","12":"first","13":"instock","14":"taxable","15":"shipping-taxable","16":"purchasable","17":"product-type-simple"},"acf":[],"_links":{"self":[{"href":"https:\/\/woods.se\/sv\/wp-json\/wp\/v2\/product\/45047","targetHints":{"allow":["GET"]}}],"collection":[{"href":"https:\/\/woods.se\/sv\/wp-json\/wp\/v2\/product"}],"about":[{"href":"https:\/\/woods.se\/sv\/wp-json\/wp\/v2\/types\/product"}],"wp:featuredmedia":[{"embeddable":true,"href":"https:\/\/woods.se\/sv\/wp-json\/wp\/v2\/media\/45017"}],"wp:attachment":[{"href":"https:\/\/woods.se\/sv\/wp-json\/wp\/v2\/media?parent=45047"}],"wp:term":[{"taxonomy":"product_brand","embeddable":true,"href":"https:\/\/woods.se\/sv\/wp-json\/wp\/v2\/product_brand?post=45047"},{"taxonomy":"product_cat","embeddable":true,"href":"https:\/\/woods.se\/sv\/wp-json\/wp\/v2\/product_cat?post=45047"},{"taxonomy":"product_tag","embeddable":true,"href":"https:\/\/woods.se\/sv\/wp-json\/wp\/v2\/product_tag?post=45047"}],"curies":[{"name":"wp","href":"https:\/\/api.w.org\/{rel}","templated":true}]}}