{"id":44810,"date":"2024-12-10T13:42:00","date_gmt":"2024-12-10T12:42:00","guid":{"rendered":"https:\/\/stage.woods.se\/?post_type=product&#038;p=44810"},"modified":"2026-03-05T16:07:35","modified_gmt":"2026-03-05T15:07:35","slug":"woods-dsc95p","status":"publish","type":"product","link":"https:\/\/woods.se\/sv\/produkter\/avfuktare\/krypgrund\/woods-dsc95p\/","title":{"rendered":"Wood&#8217;s DSC95P"},"content":{"rendered":"<h2>Wood&#8217;s DSC95P<\/h2>\n<h3>Kraftfull avfuktare f\u00f6r krypgrund, med pump och smart luftf\u00f6rdelning<\/h3>\n<p>Fukt i krypgrunder, k\u00e4llare och liknande utrymmen kan snabbt leda till m\u00f6gel, lukt och skador p\u00e5 byggnadens konstruktion. Skador som kan bli mycket dyra att renovera. Wood\u2019s DSC95P \u00e4r utvecklad f\u00f6r att effektivt skydda dessa utsatta utrymmen genom att avl\u00e4gsna stora m\u00e4ngder fukt och samtidigt skapa en j\u00e4mn luftcirkulation. Med kanalanslutningen leds den torra, varma luften dit den beh\u00f6vs b\u00e4st, vilket s\u00e4kerst\u00e4ller att hela utrymmet avfuktas \u2013 inte bara avfuktarens n\u00e4rmilj\u00f6.   <\/p>\n<h3>H\u00f6g kapacitet och luftfl\u00f6de f\u00f6r effektiv cirkulation<\/h3>\n<p>DSC95P har en kapacitet p\u00e5 hela 42 liter per dygn och ett kraftfullt luftfl\u00f6de p\u00e5 upp till 300 m\u00b3\/h. Tillsammans med den medf\u00f6ljande kanalslangen s\u00e4kerst\u00e4ller det att stora utrymmen h\u00e5lls fria fr\u00e5n fukt, \u00e4ven om det \u00e4r uppdelat i flera rum. <\/p>\n<h3>Viktiga egenskaper:<\/h3>\n\n<h3>S\u00e4ker drift med m\u00e5nga m\u00f6jligheter<\/h3>\n<p>Tillverkad i Sverige, med stadiga ben och kraftig konstruktion av rostfri metall \u00e4r DSC95P byggd f\u00f6r att h\u00e5lla l\u00e4nge. Du styr den enkelt, \u00f6vervakar luftfuktigheten och temperatur med den externa kontrollpanelen. Den \u00e4r kopplad till en 2 meters kabel (ing\u00e5r och kan f\u00f6rl\u00e4ngas vid behov) vilket g\u00f6r att du slipper ta dig in i krypgrunden. Kondensvattnet leds automatiskt bort utan vattentank via den medf\u00f6ljande dr\u00e4neringslangen och den inbyggda pumpen klarar att lyfta vattnet upp till 10 meter, vilket ger stor flexibilitet vid installation. DSC95P startar om automatiskt efter str\u00f6mavbrott och s\u00e4kerst\u00e4ller en torr trygg milj\u00f6 dygnet runt \u00e5ret om.    <\/p>\n<h3>Enkel installation och l\u00e5ga driftskostnader<\/h3>\n<p>Wood\u2019s DSC95P \u00e4r en kondensavfuktare som kombinerar h\u00e5llbarhet och avancerad teknik. Den \u00e4r utrustad med Wood\u2019s patenterade i-EcoDefrost, ett intelligent avfrostningssystem som maximerar energieffektiviteten och s\u00e4kerst\u00e4ller j\u00e4mn och p\u00e5litlig avfuktning, \u00e4ven vid temperaturer s\u00e5 l\u00e5ga som +2\u00b0C. N\u00e5got m\u00e5nga andra kondensavfuktare inte hanterar. Till skillnad fr\u00e5n sorptionsavfuktare (som \u00e4r vanligt i krypgrunder) \u00e4r den betydligt mer energieffektiv, har mycket l\u00e4gre drifts- och ink\u00f6pskostnad samt kr\u00e4ver mindre underh\u00e5ll. En annan viktig f\u00f6rdel \u00e4r att det inte kr\u00e4vs n\u00e5gon dyr installation eller kr\u00e5ngliga r\u00f6rdragningar mer \u00e4n att leda kondensvattnet till ett befintligt avlopp eller att enkelt gr\u00e4va en stenkista.    <\/p>\n<h3>Installationstips f\u00f6r krypgrundsavfuktaren DSC95P<\/h3>\n<p>1. T\u00e4ta ventilerna och l\u00e4gg med f\u00f6rdel ut en markduk f\u00f6r att undvika on\u00f6digt infl\u00f6de av fuktig luft.<br \/>\n2. Placera avfuktaren centralt i krypgrunden f\u00f6r b\u00e4sta luftspridning<br \/>\n3. Led bort kondensvattnet med den medf\u00f6ljande dr\u00e4neringsslangen. Om avlopp saknas kan du gr\u00e4va en enkel stenkista (20\u201330 cm djup, fylld med makadam) och leda ner slangen.<br \/>\n4. Anslut kanalslangen f\u00f6r att sprida torr luft till avl\u00e4gsna delar av grunden eller skapa b\u00e4ttre cirkulation.<br \/>\n5. Placera kontrollpanelen n\u00e4r ing\u00e5ngen\/\u00f6ppningen f\u00f6r att enkelt kunna f\u00f6lja fuktighetsniv\u00e5n utan att beh\u00f6va g\u00e5 in i krypgrunden.<br \/>\nMed DSC95P f\u00e5r du en kraftfull avfuktare med pump. Utvecklad f\u00f6r att under l\u00e5ng tid s\u00e4kerst\u00e4lla en fuktfri, s\u00e4ker milj\u00f6 i din krypgrund eller andra liknande utrymmen.  <\/p>\n<p><iframe loading=\"lazy\" title=\"Wood&#039;s dehumidifier DSC95P \u2013 Versatile Crawl Space and Whole House Dehumidifier\" width=\"500\" height=\"281\" src=\"https:\/\/www.youtube.com\/embed\/D-mBb3X2tuM?feature=oembed\" frameborder=\"0\" allow=\"accelerometer; autoplay; clipboard-write; encrypted-media; gyroscope; picture-in-picture; web-share\" referrerpolicy=\"strict-origin-when-cross-origin\" allowfullscreen><\/iframe><\/p>\n","protected":false},"excerpt":{"rendered":"<p>Wood\u2019s DSC95P \u00e4r en svensktillverkad multifunktionsavfuktare, s\u00e4rskilt utvecklad f\u00f6r krypgrunder och st\u00f6rre k\u00e4llare. Med kraftfull kapacitet p\u00e5 42 liter\/dygn, inbyggd pump som pumpar kondensvatten upp till 10 meter och m\u00f6jlighet att kanalisera den torra luften dit den beh\u00f6vs mest, f\u00e5r du p\u00e5litlig fuktkontroll i hela utrymmet. Den har digital styrning med extern kontrollpanel, energieffektiv drift och levereras med 6 \u00e5rs garanti.  <\/p>\n","protected":false},"featured_media":44774,"template":"","meta":{"_acf_changed":false},"product_brand":[],"product_cat":[336,4757],"product_tag":[357],"class_list":{"0":"post-44810","1":"product","2":"type-product","3":"status-publish","4":"has-post-thumbnail","6":"product_cat-avfuktare","7":"product_cat-krypgrund","8":"product_tag-krypgrund","9":"product_shipping_class-very-high","10":"splide__slide","12":"first","13":"outofstock","14":"taxable","15":"shipping-taxable","16":"purchasable","17":"product-type-simple"},"acf":[],"_links":{"self":[{"href":"https:\/\/woods.se\/sv\/wp-json\/wp\/v2\/product\/44810","targetHints":{"allow":["GET"]}}],"collection":[{"href":"https:\/\/woods.se\/sv\/wp-json\/wp\/v2\/product"}],"about":[{"href":"https:\/\/woods.se\/sv\/wp-json\/wp\/v2\/types\/product"}],"wp:featuredmedia":[{"embeddable":true,"href":"https:\/\/woods.se\/sv\/wp-json\/wp\/v2\/media\/44774"}],"wp:attachment":[{"href":"https:\/\/woods.se\/sv\/wp-json\/wp\/v2\/media?parent=44810"}],"wp:term":[{"taxonomy":"product_brand","embeddable":true,"href":"https:\/\/woods.se\/sv\/wp-json\/wp\/v2\/product_brand?post=44810"},{"taxonomy":"product_cat","embeddable":true,"href":"https:\/\/woods.se\/sv\/wp-json\/wp\/v2\/product_cat?post=44810"},{"taxonomy":"product_tag","embeddable":true,"href":"https:\/\/woods.se\/sv\/wp-json\/wp\/v2\/product_tag?post=44810"}],"curies":[{"name":"wp","href":"https:\/\/api.w.org\/{rel}","templated":true}]}}