{"id":44758,"date":"2024-12-10T14:00:30","date_gmt":"2024-12-10T13:00:30","guid":{"rendered":"https:\/\/stage.woods.se\/?post_type=product&#038;p=44758"},"modified":"2026-04-24T12:08:28","modified_gmt":"2026-04-24T10:08:28","slug":"woods-wld1","status":"publish","type":"product","link":"https:\/\/woods.se\/sv\/produkter\/avfuktare\/woods-wld1\/","title":{"rendered":"Wood&#8217;s WLD1"},"content":{"rendered":"<h2>Wood&#8217;s WLD1<\/h2>\n<h3>Framtidens energieffektiva torkrumsavfuktare \u00e4r h\u00e4r.<\/h3>\n<p>Att torka tv\u00e4tt p\u00e5 kort tid \u00e4r dyrt d\u00e5 det ofta beh\u00f6ver tillf\u00f6ras v\u00e4rme som drar mycket energi. Det blir extra m\u00e4rkbart i flerfamiljshus d\u00e4r tv\u00e4ttstugan anv\u00e4nds stora delar av dygnet. <\/p>\n<p>Wood\u2019s torkrumsavfuktare WLD1 \u00e4r speciellt utvecklad f\u00f6r fastighets\u00e4gare som vill s\u00e4nka energikostnaderna utan att tumma p\u00e5 torktiden. Den monteras s\u00e5 den starka fl\u00e4kten skonsamt bl\u00e5ser tv\u00e4tten torr underifr\u00e5n d\u00e4r den \u00e4r som mest bl\u00f6t. Det energieffektiva och milj\u00f6v\u00e4nliga kylmediet (R290) g\u00f6r dessutom avfuktningskapaciteten s\u00e5 h\u00f6g att det inte beh\u00f6vs lika mycket v\u00e4rmetillf\u00f6rsel som i m\u00e5nga andra l\u00f6sningar. WLD1 \u00e4r upp till 8,5 g\u00e5nger mer energieffektiv \u00e4n torkrumsavfuktare med tillsatsv\u00e4rme. Det g\u00f6r Wood\u2019s WLD1 till det sj\u00e4lvklara valet f\u00f6r alla fastighets\u00e4gare som vill s\u00e4nka kostnaderna och enklare n\u00e5 sina h\u00e5llbarhetsm\u00e5l genom att kontinuerligt minska m\u00e4ngden k\u00f6pt energi.    <\/p>\n<h3>R\u00e4kneexempel \u2013 S\u00e5 mycket kan du spara<\/h3>\n<p>Effekt p\u00e5 nuvarande torksystem 6 kW minus WLD1 0,7 kW: 5,3 kWh<br \/>\nUppskattad antagen drifttid per dygn 10 timmar: 53 kWh<br \/>\n53 kWh x 30 dagar: 1 590 kWh\/m\u00e5n<br \/>\n1 590 kWh x 12 m\u00e5nader: 19 080 kWh<\/p>\n<p><strong>Besparing av energi:<\/strong><br \/>\n1 590 kWh\/m\u00e5nad: 19 080 kWh\/\u00e5r<\/p>\n<p><strong>Besparing i pengar: <\/strong><br \/>\nElpris 1kr\/kWh spara: 19 080 kr\/\u00e5r<br \/>\nElpris 1,5kr\/kWh spara: 28 620 kr\/\u00e5r<br \/>\nElpris 2,5kr\/KWh spara: 47 700 kr\/\u00e5r<br \/>\nElpris 3,5kr\/KWh spara: 66 780 kr\/\u00e5r<\/p>\n<h3>Rekommenderade anv\u00e4ndningsomr\u00e5den:<\/h3>\n<p><strong>Torkrum i fastigheter: <\/strong>WLD1 \u00e4r ett p\u00e5litligt och kraftfullt val f\u00f6r st\u00f6rre fastigheter, s\u00e4rskilt i flerfamiljshus d\u00e4r torkrum anv\u00e4nds frekvent. Genom att installera WLD1 s\u00e4kerst\u00e4ller du en snabb och j\u00e4mn torkprocess som minskar risken f\u00f6r kondens, fuktskador och d\u00e5lig lukt \u2013 vilket i sin tur f\u00f6rl\u00e4nger byggnadens livsl\u00e4ngd.<br \/>\n<strong>Gym och liknande lokaler: <\/strong>I milj\u00f6er d\u00e4r fuktniv\u00e5erna ofta blir h\u00f6ga, som i gym, tr\u00e4ningsanl\u00e4ggningar eller andra st\u00f6rre lokaler, \u00e4r WLD1 en mycket effektiv l\u00f6sning. Den h\u00e5ller luften frisk och torr, vilket skapar en mer behaglig och hygienisk milj\u00f6 f\u00f6r b\u00e5de bes\u00f6kare och utrustning. <\/p>\n<h3>H\u00f6g kapacitet och luftfl\u00f6de f\u00f6r effektiv cirkulation<\/h3>\n<p>Med en avfuktningskapacitet p\u00e5 upp till 48 liter per dygn och ett luftfl\u00f6de p\u00e5 upp till 800 m\u00b3\/h hanterar WLD1 stora m\u00e4ngder tv\u00e4tt och fukt p\u00e5 ett effektivt s\u00e4tt. Att bl\u00e5sa tv\u00e4tten torr med en avfuktare \u00e4r, f\u00f6rutom v\u00e4ldigt energieffektivt, ocks\u00e5 skonsamt mot kl\u00e4derna. Den kraftiga fl\u00e4kten har fyra justerbara hastigheter torkar kl\u00e4derna underifr\u00e5n d\u00e4r de \u00e4r som bl\u00f6tast. H\u00e4ngs tv\u00e4tten r\u00e4tt, torkar den ocks\u00e5 snabbare. Bl\u00f6ta tunga kl\u00e4der, som jeans, h\u00e4ngs n\u00e4rmast avfuktaren och mindre tunnare kl\u00e4der h\u00e4ngs l\u00e4ngst bort. H\u00e4ngs tv\u00e4tten dessutom \u00f6ver dubbla tv\u00e4ttlinor g\u00e5r torkningen \u00e4nnu snabbare.     <\/p>\n<h3>Effektiv \u00e5ret runt, \u00e4ven vid l\u00e5ga temperaturer<\/h3>\n<p>Wood\u2019s WLD1 \u00e4r byggd f\u00f6r att arbeta effektivt \u00e4ven vid l\u00e5ga temperaturer, med ett arbetsomr\u00e5de fr\u00e5n +2 \u00b0C till +35 \u00b0C. Den milj\u00f6v\u00e4nliga k\u00f6ldmediegasen R290 bidrar till en avfuktningskapacitet utan att v\u00e4rmetillf\u00f6rsel beh\u00f6vs, vilket minskar energif\u00f6rbrukningen i j\u00e4mf\u00f6relse med traditionella l\u00f6sningar. D\u00e5 varm luft p\u00e5skyndar torktiden och b\u00e4r mer fukt rekommenderas att byggnadens v\u00e4rmesystem \u00e4r inkopplat i utrymmet.  <\/p>\n<h3>Smart installation ger b\u00e4ttre resultat<\/h3>\n<p>WLD1 monteras s\u00e5 utbl\u00e5set riktas l\u00e4ngs med tv\u00e4ttlinorna och tv\u00e4tten. F\u00f6r b\u00e4sta torkeffekt monteras det medf\u00f6ljande v\u00e4ggf\u00e4stet n\u00e4ra tv\u00e4ttlinorna. Den levereras \u00e4ven med ett avtagbart displayskydd, vilket g\u00f6r det m\u00f6jligt att v\u00e4lja om boenden ska kunna \u00e4ndra inst\u00e4llningar eller om torkningen ska ske genom f\u00f6rinst\u00e4llda inst\u00e4llningar fr\u00e5n fastighets\u00e4garen. WLD1 levereras utan stickpropp och beh\u00f6ver installeras av beh\u00f6rig elektriker. F\u00f6r enklast m\u00f6jliga anv\u00e4ndning kopplas den med f\u00f6rdel till en timer som styr l\u00e4ngden p\u00e5 torktiden.    <\/p>\n<h3>Byggd f\u00f6r att h\u00e5lla<\/h3>\n<p>Tillverkad i Sverige med ett t\u00e5ligt metallh\u00f6lje och slitstarka komponenter \u00e4r WLD1 konstruerad f\u00f6r l\u00e5ng livsl\u00e4ngd och minimal service. Det reng\u00f6ringsbara nylonfiltret skyddar avfuktaren genom att f\u00e5nga upp damm och partiklar fr\u00e5n tv\u00e4tt, och det h\u00f6gkvalitativa SMF-filtret som ing\u00e5r skyddar maskinen fr\u00e5n mindre partiklar och m\u00f6gel, vilket s\u00e4kerst\u00e4ller optimal prestanda \u00f6ver tid. <\/p>\n<h3>L\u00e5ng garanti p\u00e5 upp till 6 \u00e5r<\/h3>\n<p>Wood&#8217;s WLD1 levereras med upp till 6 \u00e5rs garanti, f\u00f6rutsatt att filtret byts en g\u00e5ng per \u00e5r och att enheten registreras p\u00e5 warranty-woods.com. Genom att registrera dig f\u00e5r du ocks\u00e5 p\u00e5minnelser n\u00e4r det \u00e4r dags att byta filter, vilket underl\u00e4ttar underh\u00e5llet och s\u00e4kerst\u00e4ller att maskinen fungerar optimalt. <\/p>\n<h3>En l\u00e5ngsiktig och effektiv l\u00f6sning f\u00f6r torkrum och fastigheter<\/h3>\n<p>Genom att anv\u00e4nda WLD1 f\u00e5r du en avfuktare som inte bara s\u00e4nker energikostnaderna utan \u00e4ven g\u00f6r torkprocessen mer skonsam f\u00f6r b\u00e5de tv\u00e4tt och byggnadens struktur. Med enkel installation och anv\u00e4ndning \u00e4r WLD1 ett naturligt val f\u00f6r fastighets\u00e4gare som str\u00e4var efter energieffektivitet och en h\u00e5llbar framtid. <\/p>\n","protected":false},"excerpt":{"rendered":"<p>Wood\u2019s smarta torkrumsavfuktare WLD1 \u00e4r speciellt utvecklad f\u00f6r fastighets\u00e4gare som kraftigt vill s\u00e4nka energikostnaderna utan att tumma p\u00e5 torktiden. Med en stark fl\u00e4kt och h\u00f6g avfuktningskapacitet bl\u00e5ser WLD1 tv\u00e4tten torr utan tillsatsv\u00e4rme, vilket minskar energikostnaderna och hj\u00e4lper till att uppfylla h\u00e5llbarhetsm\u00e5len. Tack vare enkel installation och slitstarka material \u00e4r WLD1 en l\u00e5ngsiktig och p\u00e5litlig l\u00f6sning f\u00f6r alla torkrum. Tillverkad i Sverige med upp till 6 \u00e5rs garanti.   <\/p>\n","protected":false},"featured_media":44463,"template":"","meta":{"_acf_changed":false},"product_brand":[],"product_cat":[336,4760,339],"product_tag":[2069,2104,2103],"class_list":{"0":"post-44758","1":"product","2":"type-product","3":"status-publish","4":"has-post-thumbnail","6":"product_cat-avfuktare","7":"product_cat-professionell","8":"product_cat-professional","9":"product_tag-fastighetsagare","10":"product_tag-stora-tvattstugor","11":"product_tag-torkrum","12":"splide__slide","14":"first","15":"instock","16":"taxable","17":"shipping-taxable","18":"purchasable","19":"product-type-simple"},"acf":[],"_links":{"self":[{"href":"https:\/\/woods.se\/sv\/wp-json\/wp\/v2\/product\/44758","targetHints":{"allow":["GET"]}}],"collection":[{"href":"https:\/\/woods.se\/sv\/wp-json\/wp\/v2\/product"}],"about":[{"href":"https:\/\/woods.se\/sv\/wp-json\/wp\/v2\/types\/product"}],"wp:featuredmedia":[{"embeddable":true,"href":"https:\/\/woods.se\/sv\/wp-json\/wp\/v2\/media\/44463"}],"wp:attachment":[{"href":"https:\/\/woods.se\/sv\/wp-json\/wp\/v2\/media?parent=44758"}],"wp:term":[{"taxonomy":"product_brand","embeddable":true,"href":"https:\/\/woods.se\/sv\/wp-json\/wp\/v2\/product_brand?post=44758"},{"taxonomy":"product_cat","embeddable":true,"href":"https:\/\/woods.se\/sv\/wp-json\/wp\/v2\/product_cat?post=44758"},{"taxonomy":"product_tag","embeddable":true,"href":"https:\/\/woods.se\/sv\/wp-json\/wp\/v2\/product_tag?post=44758"}],"curies":[{"name":"wp","href":"https:\/\/api.w.org\/{rel}","templated":true}]}}