{"id":44755,"date":"2024-12-10T13:58:31","date_gmt":"2024-12-10T12:58:31","guid":{"rendered":"https:\/\/stage.woods.se\/?post_type=product&#038;p=44755"},"modified":"2026-03-05T14:41:49","modified_gmt":"2026-03-05T13:41:49","slug":"woods-wcd8hg-pro","status":"publish","type":"product","link":"https:\/\/woods.se\/sv\/produkter\/avfuktare\/woods-wcd8hg-pro\/","title":{"rendered":"Wood&#8217;s WCD8HG Pro"},"content":{"rendered":"<h2>Wood&#8217;s WCD8HG Pro<\/h2>\n<h3>Kraftfull avfuktare f\u00f6r lagerlokaler och industrier<\/h3>\n<p>Wood\u2019s WCD8HG Pro \u00e4r en robust och h\u00f6gpresterande avfuktare som \u00e4r s\u00e4rskilt designad f\u00f6r att kontrollera fukt i stora utrymmen som lagerlokaler, industrier och andra omfattande lokaler. Med mycket h\u00f6g kapacitet och h\u00f6gt luftfl\u00f6de ger den maximal effektivitet i tuffa milj\u00f6er och s\u00e4kerst\u00e4ller en stabil luftfuktighet \u00e4ven vid l\u00e5ga temperatur. <\/p>\n<h3>Rekommenderade anv\u00e4ndningsomr\u00e5den<\/h3>\n<p><strong>Lager och industrier:<\/strong> Kontinuerlig fuktkontroll i stora lokaler d\u00e4r stabil drift och s\u00e4kerhet \u00e4r avg\u00f6rande.<br \/>\n<strong>Kyrkor och produktionsytor: <\/strong>Skyddar byggnader, maskiner och inventarier fr\u00e5n fuktskador.<\/p>\n<h3>H\u00f6g kapacitet och luftfl\u00f6de f\u00f6r effektiv cirkulation<\/h3>\n<p>Med en avfuktningskapacitet anpassad f\u00f6r industriellt bruk kan WCD8HG Pro hantera stora m\u00e4ngder fukt, upp till 49 liter per dygn. Det h\u00f6ga luftfl\u00f6det p\u00e5 300 m\u00b3\/h s\u00e4kerst\u00e4ller att luften cirkulerar effektivt och uppr\u00e4tth\u00e5ller optimala fuktighetsniv\u00e5er \u00e4ven i mycket stora lokaler. <\/p>\n<h3>Enkel anv\u00e4ndning och anpassningsbar funktion<\/h3>\n<p>Den stora vattenbeh\u00e5llaren samt m\u00f6jlighet att koppla till en kondensvattenpump g\u00f6r WCD8HG Pro till en flexibel l\u00f6sning f\u00f6r stora arbetsytor. De robusta hjulen och det uppf\u00e4llbara handtaget g\u00f6r den enkel att transportera mellan olika utrymmen, vilket g\u00f6r den perfekt \u00e4ven f\u00f6r uthyrning eller anv\u00e4ndning p\u00e5 arbetsplatser med skiftande behov. <\/p>\n<h3>Effektiv \u00e5ret runt, \u00e4ven vid l\u00e5ga och h\u00f6ga temperaturer<\/h3>\n<p>Wood\u2019s egenutvecklade i-EcoDefrost-system \u00e4r ett smart avfrostningssystem som anpassar sig efter omgivningens temperatur och luftfuktighet. Detta m\u00f6jligg\u00f6r h\u00f6g och energieffektiv avfuktningskapacitet \u00e4ven i s\u00e5 l\u00e5ga temperaturer som +2 \u00b0C och \u00e4nda upp till +40\u00b0C intermittent funktion (35\u00b0C utan begr\u00e4nsningar). <\/p>\n<h3>Byggd f\u00f6r att klara tuffa milj\u00f6er<\/h3>\n<p>WCD8HG Pro \u00e4r en investering i l\u00e5ngvarig fuktkontroll och \u00e4r byggd f\u00f6r kontinuerlig drift, vilket g\u00f6r att den kan st\u00e5 p\u00e5 dygnet runt utan att f\u00f6rlora prestanda. Den robusta konstruktionen och de t\u00e5liga komponenterna \u00e4r anpassade f\u00f6r anv\u00e4ndning i aggressiv milj\u00f6. Det g\u00f6r att den tryggt kan hantera de mest kr\u00e4vande milj\u00f6erna med bibeh\u00e5llen effektivitet, vilket g\u00f6r den perfekt f\u00f6r stora industriutrymmen som kr\u00e4ver stabil och konstant fuktkontroll.  <\/p>\n<h3>Tillverkad i Sverige F\u00f6r h\u00e5llbar anv\u00e4ndning.<\/h3>\n<p>kylmedia (R-290) och ett tv\u00e4ttbart filter \u00e4r denna avfuktare b\u00e5de ekonomisk och milj\u00f6v\u00e4nlig, perfekt f\u00f6r alla som vill ha en l\u00e5ngsiktig l\u00f6sning f\u00f6r att skydda sina lokaler, maskiner, inventarier och varor mot fukt och skador. <\/p>\n","protected":false},"excerpt":{"rendered":"<p>Wood\u2019s WCD8HG Pro \u00e4r en industriklassad avfuktare, utvecklad och tillverkad i Sverige f\u00f6r effektiv fuktkontroll i mycket stora utrymmen som lager och industrier. Med en kapacitet att avfukta upp till 49 liter fukt per dygn, sin robusta design, och m\u00f6jligheten att arbeta i temperaturer ner till +2\u00b0C \u00e4r den idealisk f\u00f6r kr\u00e4vande milj\u00f6er. Dess effektivitet och milj\u00f6v\u00e4nliga kylmedia (R-290) g\u00f6r den till en h\u00e5llbar och energisn\u00e5l l\u00f6sning f\u00f6r alla stora lokaler med fuktproblem.  <\/p>\n","protected":false},"featured_media":44288,"template":"","meta":{"_acf_changed":false},"product_brand":[],"product_cat":[336,4760,339],"product_tag":[2089,2087,363,2088],"class_list":{"0":"post-44755","1":"product","2":"type-product","3":"status-publish","4":"has-post-thumbnail","6":"product_cat-avfuktare","7":"product_cat-professionell","8":"product_cat-professional","9":"product_tag-industrier","10":"product_tag-kyrkor","11":"product_tag-lagerlokal","12":"product_tag-produktionsytor","13":"product_shipping_class-sweden-very-high","14":"splide__slide","16":"first","17":"instock","18":"taxable","19":"shipping-taxable","20":"purchasable","21":"product-type-simple"},"acf":[],"_links":{"self":[{"href":"https:\/\/woods.se\/sv\/wp-json\/wp\/v2\/product\/44755","targetHints":{"allow":["GET"]}}],"collection":[{"href":"https:\/\/woods.se\/sv\/wp-json\/wp\/v2\/product"}],"about":[{"href":"https:\/\/woods.se\/sv\/wp-json\/wp\/v2\/types\/product"}],"wp:featuredmedia":[{"embeddable":true,"href":"https:\/\/woods.se\/sv\/wp-json\/wp\/v2\/media\/44288"}],"wp:attachment":[{"href":"https:\/\/woods.se\/sv\/wp-json\/wp\/v2\/media?parent=44755"}],"wp:term":[{"taxonomy":"product_brand","embeddable":true,"href":"https:\/\/woods.se\/sv\/wp-json\/wp\/v2\/product_brand?post=44755"},{"taxonomy":"product_cat","embeddable":true,"href":"https:\/\/woods.se\/sv\/wp-json\/wp\/v2\/product_cat?post=44755"},{"taxonomy":"product_tag","embeddable":true,"href":"https:\/\/woods.se\/sv\/wp-json\/wp\/v2\/product_tag?post=44755"}],"curies":[{"name":"wp","href":"https:\/\/api.w.org\/{rel}","templated":true}]}}