{"id":44754,"date":"2024-12-10T13:56:44","date_gmt":"2024-12-10T12:56:44","guid":{"rendered":"https:\/\/stage.woods.se\/?post_type=product&#038;p=44754"},"modified":"2026-03-05T14:50:30","modified_gmt":"2026-03-05T13:50:30","slug":"woods-wcd4pro","status":"publish","type":"product","link":"https:\/\/woods.se\/sv\/produkter\/avfuktare\/woods-wcd4pro\/","title":{"rendered":"Wood&#8217;s WCD4Pro"},"content":{"rendered":"<h2>Wood&#8217;s WCD4PRO<\/h2>\n<h3>En av marknadens mest effektiva professionella avfuktare<\/h3>\n<p>Wood\u2019s WCD4Pro \u00e4r en kraftfull och p\u00e5litlig proffsavfuktare, designad f\u00f6r att m\u00f6ta de tuffaste kraven inom bygg, sanering och uthyrning. Den levererar mycket h\u00f6g kapacitet \u00e4ven i kalla och fuktiga milj\u00f6er, tack vare ett arbetsintervall fr\u00e5n +2 \u00b0C till +35 \u00b0C och Wood\u2019s intelligenta avfrostningssystem i-EcoDefrost. Detta g\u00f6r avfuktningen b\u00e5de effektiv och energisn\u00e5l.  <\/p>\n<p>Den robusta konstruktionen med f\u00f6rst\u00e4rkt chassi, stapelbar design, stora hjul och uppf\u00e4llbart handtag g\u00f6r WCD4Pro enkel att transportera och anv\u00e4nda i kr\u00e4vande milj\u00f6er. Utrustad med drifttimr\u00e4knare blir den dessutom idealisk f\u00f6r uthyrning och saneringsf\u00f6retag som beh\u00f6ver dokumentera anv\u00e4ndning och prestanda. <\/p>\n<h3>Rekommenderade anv\u00e4ndningsomr\u00e5den:<\/h3>\n<p><strong>Bygg- och fastighetsbranschen:<\/strong> Snabbar p\u00e5 torktider och ger s\u00e4ker avfuktning i stora utrymmen.<br \/>\n<strong>Sanering av vattenskador:<\/strong> Effektiv, trygg och snabb avfuktning f\u00f6r att hantera akuta fuktskador.<br \/>\n<strong>Uthyrningsf\u00f6retag: <\/strong>Med drifttimr\u00e4knare och robust design \u00e4r den perfekt f\u00f6r uthyrning, d\u00e4r h\u00e5llbarhet och p\u00e5litlighet \u00e4r avg\u00f6rande.<\/p>\n<p>Wood\u2019s WCD4Pro anv\u00e4nder milj\u00f6v\u00e4nligt och energieffektivt k\u00f6ldmedium (R-290) och \u00e4r utrustad med tv\u00e4ttbart filter f\u00f6r l\u00e5ng livsl\u00e4ngd och s\u00e4ker drift. Den \u00e4r utvecklad och tillverkad i Sverige, vilket garanterar h\u00f6g kvalitet och drifts\u00e4kerhet i varje detalj. <\/p>\n<p>Oavsett om behovet g\u00e4ller att snabbt torka ut en byggarbetsplats, hantera en vattenskada eller erbjuda uthyrning av professionell utrustning \u00e4r WCD4Pro ett av de b\u00e4sta valen p\u00e5 marknaden.<\/p>\n","protected":false},"excerpt":{"rendered":"<p>Wood\u2019s WCD4Pro \u00e4r en av marknadens mest effektiva professionella avfuktare. Den \u00e4r s\u00e4rskilt framtagen f\u00f6r byggarbetsplatser, saneringsarbeten och uthyrning d\u00e4r p\u00e5litlig fuktkontroll \u00e4r avg\u00f6rande. Med kapacitet p\u00e5 41 liter\/dygn, robust konstruktion, stapelbar design och drifttimr\u00e4knare \u00e4r WCD4Pro en optimal l\u00f6sning f\u00f6r stora utrymmen och tuffa milj\u00f6er.  <\/p>\n","protected":false},"featured_media":44176,"template":"","meta":{"_acf_changed":false},"product_brand":[],"product_cat":[336,4760,339],"product_tag":[2067,2069,2070,2068],"class_list":{"0":"post-44754","1":"product","2":"type-product","3":"status-publish","4":"has-post-thumbnail","6":"product_cat-avfuktare","7":"product_cat-professionell","8":"product_cat-professional","9":"product_tag-byggbranschen","10":"product_tag-fastighetsagare","11":"product_tag-sanering","12":"product_tag-uthyrning","13":"product_shipping_class-sweden-very-high","14":"splide__slide","16":"first","17":"instock","18":"taxable","19":"shipping-taxable","20":"purchasable","21":"product-type-simple"},"acf":[],"_links":{"self":[{"href":"https:\/\/woods.se\/sv\/wp-json\/wp\/v2\/product\/44754","targetHints":{"allow":["GET"]}}],"collection":[{"href":"https:\/\/woods.se\/sv\/wp-json\/wp\/v2\/product"}],"about":[{"href":"https:\/\/woods.se\/sv\/wp-json\/wp\/v2\/types\/product"}],"wp:featuredmedia":[{"embeddable":true,"href":"https:\/\/woods.se\/sv\/wp-json\/wp\/v2\/media\/44176"}],"wp:attachment":[{"href":"https:\/\/woods.se\/sv\/wp-json\/wp\/v2\/media?parent=44754"}],"wp:term":[{"taxonomy":"product_brand","embeddable":true,"href":"https:\/\/woods.se\/sv\/wp-json\/wp\/v2\/product_brand?post=44754"},{"taxonomy":"product_cat","embeddable":true,"href":"https:\/\/woods.se\/sv\/wp-json\/wp\/v2\/product_cat?post=44754"},{"taxonomy":"product_tag","embeddable":true,"href":"https:\/\/woods.se\/sv\/wp-json\/wp\/v2\/product_tag?post=44754"}],"curies":[{"name":"wp","href":"https:\/\/api.w.org\/{rel}","templated":true}]}}