{"id":44752,"date":"2024-12-10T13:56:01","date_gmt":"2024-12-10T12:56:01","guid":{"rendered":"https:\/\/stage.woods.se\/?post_type=product&#038;p=44752"},"modified":"2026-03-05T14:52:30","modified_gmt":"2026-03-05T13:52:30","slug":"woods-wcd3pro","status":"publish","type":"product","link":"https:\/\/woods.se\/sv\/produkter\/avfuktare\/woods-wcd3pro\/","title":{"rendered":"Wood&#8217;s WCD3PRO"},"content":{"rendered":"<h2>Wood&#8217;s WCD3PRO<\/h2>\n<h3>Kraftfull avfuktare f\u00f6r bygg, sanering och uthyrning<\/h3>\n<p>Wood\u2019s WCD3Pro \u00e4r en p\u00e5litlig och kraftfulla avfuktare, framtagen f\u00f6r att klara de tuffaste utmaningarna inom bygg, sanering och uthyrning. Den \u00e4r konstruerad f\u00f6r att leverera h\u00f6g prestanda \u00e4ven i kalla och fuktiga milj\u00f6er, med en arbetskapacitet fr\u00e5n +2 \u00b0C upp till +35 \u00b0C. Det \u00e4r m\u00f6jligt tack vare Wood\u2019s egenutvecklade intelligenta avfrostningssystem i-EcoDefrost vilket ocks\u00e5 g\u00f6r avfuktningen mer energieffektiv.  <\/p>\n<p>Med sitt f\u00f6rst\u00e4rkta chassi, stapelbara design, robusta hjul och uppf\u00e4llbara handtag \u00e4r WCD3Pro enkel att transportera och hantera p\u00e5 olika arbetsplatser. Den \u00e4r utrustad med en drifttimr\u00e4knare som g\u00f6r den perfekt f\u00f6r uthyrningsf\u00f6retag och saneringsbolag som beh\u00f6ver f\u00f6lja upp anv\u00e4ndning och effektivitet. <\/p>\n<h3>Rekommenderade anv\u00e4ndningsomr\u00e5den:<\/h3>\n<p><strong>Bygg- och fastighetsbranschen:<\/strong> Snabbar p\u00e5 torktider av material och \u00e4r perfekt f\u00f6r s\u00e4ker avfuktning i stora utrymmen som kr\u00e4ver p\u00e5litlig och effektiv fuktborttagning.<br \/>\n<strong>Sanering av vattenskador: <\/strong>WCD3Pro \u00e4r den idealiska l\u00f6sningen f\u00f6r att s\u00e4kert, snabbt och effektivt hantera saneringsarbeten.<br \/>\n<strong>Uthyrningsf\u00f6retag: <\/strong>Med sin drifttimr\u00e4knare och robusta design \u00e4r den perfekt f\u00f6r uthyrningssyfte, d\u00e4r h\u00e5llbarhet och prestanda \u00e4r avg\u00f6rande.<\/p>\n<p>Wood\u2019s WCD3Pro anv\u00e4nder energieffektivt och milj\u00f6v\u00e4nligt k\u00f6ldmedium (R-290) och \u00e4r utrustad med tv\u00e4ttbart filter f\u00f6r l\u00e5ng livsl\u00e4ngd och v\u00e4ldigt s\u00e4ker drift. Maskinen \u00e4r utvecklad och tillverkad i Sverige, vilket garanterar h\u00f6g kvalitet och drifts\u00e4kerhet. <\/p>\n<p>Oavsett om det g\u00e4ller att snabbt torka ut en byggarbetsplats, sanera efter en vattenskada eller erbjuda uthyrning av professionell utrustning \u00e4r WCD3Pro det sj\u00e4lvklara valet.<\/p>\n","protected":false},"excerpt":{"rendered":"<p>Wood\u2019s WCD3Pro \u00e4r en kraftfull professionell avfuktare f\u00f6r byggarbetsplatser, sanering av vattenskador och uthyrning. Den avfuktar effektivt \u00e4ven vid l\u00e5ga temperaturer (\u00e4nda ner till +2\u00b0C) och kombinerar h\u00f6g avfuktningskapacitet, robust konstruktion och energieffektiv drift. Med sitt uppf\u00e4llbara handtag, robusta hjul, stapelbar design och drifttimr\u00e4knare \u00e4r den perfekt f\u00f6r stora utrymmen och kr\u00e4vande milj\u00f6er d\u00e4r p\u00e5litlig fuktborttagning \u00e4r avg\u00f6rande.  <\/p>\n","protected":false},"featured_media":44141,"template":"","meta":{"_acf_changed":false},"product_brand":[],"product_cat":[336,4760,339],"product_tag":[2067,2069,2070,2068],"class_list":{"0":"post-44752","1":"product","2":"type-product","3":"status-publish","4":"has-post-thumbnail","6":"product_cat-avfuktare","7":"product_cat-professionell","8":"product_cat-professional","9":"product_tag-byggbranschen","10":"product_tag-fastighetsagare","11":"product_tag-sanering","12":"product_tag-uthyrning","13":"product_shipping_class-sweden-very-high","14":"splide__slide","16":"first","17":"instock","18":"taxable","19":"shipping-taxable","20":"purchasable","21":"product-type-simple"},"acf":[],"_links":{"self":[{"href":"https:\/\/woods.se\/sv\/wp-json\/wp\/v2\/product\/44752","targetHints":{"allow":["GET"]}}],"collection":[{"href":"https:\/\/woods.se\/sv\/wp-json\/wp\/v2\/product"}],"about":[{"href":"https:\/\/woods.se\/sv\/wp-json\/wp\/v2\/types\/product"}],"wp:featuredmedia":[{"embeddable":true,"href":"https:\/\/woods.se\/sv\/wp-json\/wp\/v2\/media\/44141"}],"wp:attachment":[{"href":"https:\/\/woods.se\/sv\/wp-json\/wp\/v2\/media?parent=44752"}],"wp:term":[{"taxonomy":"product_brand","embeddable":true,"href":"https:\/\/woods.se\/sv\/wp-json\/wp\/v2\/product_brand?post=44752"},{"taxonomy":"product_cat","embeddable":true,"href":"https:\/\/woods.se\/sv\/wp-json\/wp\/v2\/product_cat?post=44752"},{"taxonomy":"product_tag","embeddable":true,"href":"https:\/\/woods.se\/sv\/wp-json\/wp\/v2\/product_tag?post=44752"}],"curies":[{"name":"wp","href":"https:\/\/api.w.org\/{rel}","templated":true}]}}