{"id":44750,"date":"2024-12-10T13:55:27","date_gmt":"2024-12-10T12:55:27","guid":{"rendered":"https:\/\/stage.woods.se\/?post_type=product&#038;p=44750"},"modified":"2026-03-05T14:55:37","modified_gmt":"2026-03-05T13:55:37","slug":"woods-wcd2pro","status":"publish","type":"product","link":"https:\/\/woods.se\/sv\/produkter\/avfuktare\/woods-wcd2pro\/","title":{"rendered":"Wood&#8217;s WCD2Pro"},"content":{"rendered":"<h2>Wood&#8217;s WCD2PRO<\/h2>\n<h3>Professionell avfuktare f\u00f6r bygg, sanering och uthyrning<\/h3>\n<p>Wood\u2019s WCD2Pro \u00e4r en drifts\u00e4ker och effektiv avfuktare som utvecklats f\u00f6r att klara tuffa f\u00f6rh\u00e5llanden inom bygg, sanering och uthyrning. Den levererar stabil prestanda \u00e4ven i kalla och fuktiga milj\u00f6er, med arbetsintervall fr\u00e5n +2 \u00b0C upp till +35 \u00b0C. Tack vare Wood\u2019s egenutvecklade intelligenta avfrostningssystem i-EcoDefrost sker avfuktningen p\u00e5 ett energieffektivt s\u00e4tt.  <\/p>\n<p>Med sin f\u00f6rst\u00e4rkta design, stapelbara form, robusta hjul och uppf\u00e4llbara handtag \u00e4r WCD2Pro enkel att flytta och hantera p\u00e5 olika arbetsplatser. Den \u00e4r utrustad med en drifttimr\u00e4knare, vilket g\u00f6r den optimal f\u00f6r uthyrningsf\u00f6retag och saneringsbolag som beh\u00f6ver p\u00e5litlig drift och enkel uppf\u00f6ljning. <\/p>\n<h3>Rekommenderade anv\u00e4ndningsomr\u00e5den:<\/h3>\n<p><strong>Bygg- och fastighetsbranschen: <\/strong>F\u00f6rkortar torktider av byggmaterial och ger s\u00e4ker avfuktning i stora utrymmen.<br \/>\n<strong>Sanering av vattenskador: <\/strong>En trygg och effektiv l\u00f6sning f\u00f6r snabb fuktkontroll i akuta situationer.<br \/>\n<strong>Uthyrningsf\u00f6retag: <\/strong>Robust konstruktion och drifttimr\u00e4knare g\u00f6r den v\u00e4l anpassad f\u00f6r uthyrning d\u00e4r b\u00e5de h\u00e5llbarhet och prestanda \u00e4r avg\u00f6rande.<\/p>\n<p>WooWood\u2019s WCD2Pro anv\u00e4nder milj\u00f6v\u00e4nligt och energieffektivt k\u00f6ldmedium (R-290) och har ett tv\u00e4ttbart filter f\u00f6r l\u00e5ng livsl\u00e4ngd och s\u00e4ker drift. Maskinen \u00e4r utvecklad och tillverkad i Sverige, vilket borgar f\u00f6r h\u00f6g kvalitet och tillf\u00f6rlitlighet. <\/p>\n<p>Oavsett om det g\u00e4ller att torka ut en byggarbetsplats, sanera efter en vattenskada eller erbjuda uthyrning av professionell utrustning \u00e4r WCD2Pro ett sj\u00e4lvklart val.<\/p>\n","protected":false},"excerpt":{"rendered":"<p>Wood\u2019s WCD2Pro \u00e4r en professionell avfuktare f\u00f6r byggarbetsplatser, saneringsarbeten och uthyrning. Den arbetar effektivt \u00e4ven vid l\u00e5ga temperaturer (ner till +2\u00b0C) och kombinerar h\u00f6g drifts\u00e4kerhet, energieffektivitet och robust design. Med uppf\u00e4llbart handtag, slitstarka hjul, stapelbar konstruktion och drifttimr\u00e4knare \u00e4r den idealisk f\u00f6r stora utrymmen och tuffa milj\u00f6er d\u00e4r p\u00e5litlig fuktkontroll kr\u00e4vs.  <\/p>\n","protected":false},"featured_media":44099,"template":"","meta":{"_acf_changed":false},"product_brand":[],"product_cat":[336,4760,339],"product_tag":[2067,2069,2070,2068],"class_list":{"0":"post-44750","1":"product","2":"type-product","3":"status-publish","4":"has-post-thumbnail","6":"product_cat-avfuktare","7":"product_cat-professionell","8":"product_cat-professional","9":"product_tag-byggbranschen","10":"product_tag-fastighetsagare","11":"product_tag-sanering","12":"product_tag-uthyrning","13":"product_shipping_class-sweden-very-high","14":"splide__slide","16":"first","17":"instock","18":"taxable","19":"shipping-taxable","20":"purchasable","21":"product-type-simple"},"acf":[],"_links":{"self":[{"href":"https:\/\/woods.se\/sv\/wp-json\/wp\/v2\/product\/44750","targetHints":{"allow":["GET"]}}],"collection":[{"href":"https:\/\/woods.se\/sv\/wp-json\/wp\/v2\/product"}],"about":[{"href":"https:\/\/woods.se\/sv\/wp-json\/wp\/v2\/types\/product"}],"wp:featuredmedia":[{"embeddable":true,"href":"https:\/\/woods.se\/sv\/wp-json\/wp\/v2\/media\/44099"}],"wp:attachment":[{"href":"https:\/\/woods.se\/sv\/wp-json\/wp\/v2\/media?parent=44750"}],"wp:term":[{"taxonomy":"product_brand","embeddable":true,"href":"https:\/\/woods.se\/sv\/wp-json\/wp\/v2\/product_brand?post=44750"},{"taxonomy":"product_cat","embeddable":true,"href":"https:\/\/woods.se\/sv\/wp-json\/wp\/v2\/product_cat?post=44750"},{"taxonomy":"product_tag","embeddable":true,"href":"https:\/\/woods.se\/sv\/wp-json\/wp\/v2\/product_tag?post=44750"}],"curies":[{"name":"wp","href":"https:\/\/api.w.org\/{rel}","templated":true}]}}