{"id":44748,"date":"2024-12-10T13:41:32","date_gmt":"2024-12-10T12:41:32","guid":{"rendered":"https:\/\/stage.woods.se\/?post_type=product&#038;p=44748"},"modified":"2026-03-05T16:03:32","modified_gmt":"2026-03-05T15:03:32","slug":"woods-dsc50fm","status":"publish","type":"product","link":"https:\/\/woods.se\/sv\/produkter\/avfuktare\/krypgrund\/woods-dsc50fm\/","title":{"rendered":"Wood&#8217;s DSC50FM"},"content":{"rendered":"<h2>Wood&#8217;s DSC50FM<\/h2>\n<h3>Effektiv avfuktare f\u00f6r krypgrunden<\/h3>\n<p>Krypgrunden \u00e4r en vanlig k\u00e4lla till fuktproblem som kan p\u00e5verka hela husets konstruktion och funktion vilket kan leda till stora renoveringskostnader. Wood\u2019s DSC50FM \u00e4r s\u00e4rskilt utvecklad f\u00f6r att skydda krypgrunden mot fukt, lukt och m\u00f6gel och har blivit utn\u00e4mnd till &#8221;B\u00e4st i Test&#8221; ett flertal g\u00e5nger. DSC50FM \u00e4r en h\u00e5llbar och l\u00e5ngsiktig l\u00f6sning f\u00f6r stabil fuktkontroll i utsatta utrymmen. Med DSC50FM kan du lita p\u00e5 att din krypgrund \u00e4r torr och s\u00e4ker \u00e5ret runt.   <\/p>\n<h3>Viktiga egenskaper:<\/h3>\n\n<h3>Enkel installation, s\u00e4ker drift och l\u00e5ga kostnader<\/h3>\n<p>Wood\u2019s DSC50FM \u00e4r en kondensavfuktare som kombinerar h\u00e5llbarhet och avancerad teknik. Den \u00e4r utrustad med Wood\u2019s patenterade i-EcoDefrost, ett intelligent avfrostningssystem som maximerar energieffektiviteten och s\u00e4kerst\u00e4ller j\u00e4mn och p\u00e5litlig avfuktning, \u00e4ven vid temperaturer s\u00e5 l\u00e5ga som +2\u00b0C. N\u00e5got m\u00e5nga andra kondensavfuktare inte hanterar. Till skillnad fr\u00e5n sorptionsavfuktare (som \u00e4r vanligt i krypgrunder) \u00e4r den betydligt mer energieffektiv, har mycket l\u00e4gre drifts- och ink\u00f6pskostnad samt kr\u00e4ver mindre underh\u00e5ll. En annan viktig f\u00f6rdel \u00e4r att det inte kr\u00e4vs n\u00e5gon dyr installation eller kr\u00e5ngliga r\u00f6rdragningar mer \u00e4n att leda kondensvattnet till ett befintligt avlopp eller att enkelt gr\u00e4va en stenkista.    <\/p>\n<h3>H\u00f6g kapacitet och luftfl\u00f6de f\u00f6r effektiv cirkulation<\/h3>\n<p>DSC50FM har en kapacitet p\u00e5 upp till 13,5 liter per dygn och ett kraftfullt luftfl\u00f6de p\u00e5 upp till 350 m\u00b3\/h, vilket s\u00e4kerst\u00e4ller att luften cirkuleras optimalt och fukten snabbt avl\u00e4gsnas. Se till att utrymmet \u00e4r s\u00e5 t\u00e4t som m\u00f6jligt s\u00e5 tar DSC50FM hand om fukten. <\/p>\n<h3>Effektiv \u00e5ret runt, \u00e4ven vid l\u00e5ga temperaturer<\/h3>\n<p>Avfuktaren \u00e4r byggd i rostfri metall f\u00f6r att klara kr\u00e4vande f\u00f6rh\u00e5llanden och fungerar effektivt i temperaturer mellan +2\u00b0C och +35\u00b0C. Detta g\u00f6r den till en p\u00e5litlig l\u00f6sning f\u00f6r fuktbek\u00e4mpning under alla \u00e5rstider och kan arbeta s\u00e4kert dygnet runt utan att f\u00f6rlora sin effektivitet. <\/p>\n<h3>Smart m\u00f6gel- och dammfilter<\/h3>\n<p>DSC50FM \u00e4r utrustad med Woods SMF-filter som effektivt f\u00e5ngar upp damm och m\u00f6gelpartiklar i luften, vilket skyddar avfuktaren och f\u00f6rl\u00e4nger dess livsl\u00e4ngd. Den h\u00e5ller din krypgrund fri fr\u00e5n fukt, m\u00f6gel och lukter \u00e5ret om, vilket g\u00f6r den till en s\u00e4ker och l\u00e5ngsiktig l\u00f6sning. <\/p>\n<h3>S\u00e4ker konstruktion \u2013 byggd f\u00f6r att h\u00e5lla<\/h3>\n<p>Tillverkad i Sverige med robust konstruktion, fasta ben och smidiga handtag \u00e4r DSC50FM b\u00e5de h\u00e5llbar och enkel att placera. Du kopplar enkelt p\u00e5 slangen via en vanlig tr\u00e4dg\u00e5rdsslangskoppling. Obs! Slangl\u00e4ngd anpassas efter behov och k\u00f6ps till separat.  <\/p>\n<h3>L\u00e5ng garanti och enkel h\u00e5llbar anv\u00e4ndning<\/h3>\n<p>F\u00f6r att s\u00e4kerst\u00e4lla b\u00e4sta prestanda rekommenderas att byta filter en g\u00e5ng per \u00e5r. Genom att g\u00f6ra det och registrera din avfuktare p\u00e5 <a href=\"https:\/\/warranty-woods.com\/\">warranty.woods.com <\/a>kan du f\u00e5 upp till 6 \u00e5rs f\u00f6rl\u00e4ngd garanti. Du f\u00e5r ocks\u00e5 praktiska filterp\u00e5minnelser, vilket bidrar till att DSC50FM forts\u00e4tter att leverera optimala resultat under l\u00e5ng tid.  <\/p>\n<h3>Installationsinstruktioner f\u00f6r krypgrundsavfuktaren DSC50FM<\/h3>\n<p>F\u00f6lj dessa steg f\u00f6r att installera din krypgrundsavfuktare och optimera skyddet mot fukt.<br \/>\nT\u00e4ta ventiler och \u00f6ppningar f\u00f6r att h\u00e5lla ute fukt F\u00f6r att avfuktaren ska fungera effektivt b\u00f6r utrymmet vara s\u00e5 t\u00e4tt som m\u00f6jligt. Markduk och t\u00e4tning av ventilations\u00f6ppningar och andra fuktinsl\u00e4pp hindrar fukt fr\u00e5n att komma in, vilket g\u00f6r att avfuktaren endast beh\u00f6ver hantera fukten som redan finns i krypgrunden. Eftersom krypgrunden inte \u00e4r ett utrymme vi vistas i, kan den t\u00e4tas rej\u00e4lt utan problem.   <\/p>\n<p>Placera avfuktaren centralt F\u00f6r optimal cirkulation av luft rekommenderas att du placerar avfuktaren s\u00e5 centralt som m\u00f6jligt. Detta ger b\u00e4sta spridning av den torra luften och hj\u00e4lper enheten att effektivt hantera fukt i hela krypgrunden.  <\/p>\n<p>Led vattnet till ett avlopp eller gr\u00e4v en stenkista f\u00f6r dr\u00e4nering Finns inget avlopp eller brunn kan du gr\u00e4va en enkel stenkista. Gr\u00e4v ett h\u00e5l p\u00e5 n\u00e5gra decimeter, fyll det med makadam, och s\u00e4nk ner slangen innan du t\u00e4cker \u00f6ver. Detta fungerar som ett naturligt dr\u00e4neringssystem och tar hand om den m\u00e4ngd vatten som avfuktaren producerar, utan att riskera att vatten tr\u00e4nger upp igen.<br \/>\n\u00d6vervaka fuktniv\u00e5n med en hygrometer F\u00f6r att enkelt kunna h\u00e5lla koll p\u00e5 fuktniv\u00e5n i krypgrunden rekommenderas att du placerar en hygrometer vid ing\u00e5ngen till krypgrunden. P\u00e5 s\u00e5 s\u00e4tt kan du s\u00e4kerst\u00e4lla att avfuktningen fungerar och att fuktniv\u00e5n h\u00e5lls stabil \u00f6ver tid.     <\/p>\n<p>Genom att f\u00f6lja dessa steg skapar du en h\u00e5llbar och effektiv installation som skyddar din krypgrund fr\u00e5n fuktskador, m\u00f6gel och s\u00e4kra ditt hem.<\/p>\n","protected":false},"excerpt":{"rendered":"<p>Wood\u2019s DSC50FM \u00e4r en kraftfull avfuktare, s\u00e4rskilt utformad f\u00f6r att effektivt skydda krypgrunder mot fukt, m\u00f6gel och d\u00e5lig lukt. Den har utn\u00e4mnts till b\u00e4sta krypgrundsavfuktaren vid ett flertal tillf\u00e4llen bland annat av testat.nu. Med avancerad i-EcoDefrost-teknik fungerar DSC50FM energieffektivt \u00e4ven vid l\u00e5ga temperaturer och ger en p\u00e5litlig avfuktning \u00e5ret runt. DSC50FM \u00e4r mycket enkel att installera, utvecklad och tillverkad i Sverige och har upp till 6 \u00e5r garanti.   <\/p>\n","protected":false},"featured_media":44712,"template":"","meta":{"_acf_changed":false},"product_brand":[],"product_cat":[336,4757],"product_tag":[357],"class_list":{"0":"post-44748","1":"product","2":"type-product","3":"status-publish","4":"has-post-thumbnail","6":"product_cat-avfuktare","7":"product_cat-krypgrund","8":"product_tag-krypgrund","9":"product_shipping_class-very-high","10":"splide__slide","12":"first","13":"instock","14":"taxable","15":"shipping-taxable","16":"purchasable","17":"product-type-simple"},"acf":[],"_links":{"self":[{"href":"https:\/\/woods.se\/sv\/wp-json\/wp\/v2\/product\/44748","targetHints":{"allow":["GET"]}}],"collection":[{"href":"https:\/\/woods.se\/sv\/wp-json\/wp\/v2\/product"}],"about":[{"href":"https:\/\/woods.se\/sv\/wp-json\/wp\/v2\/types\/product"}],"wp:featuredmedia":[{"embeddable":true,"href":"https:\/\/woods.se\/sv\/wp-json\/wp\/v2\/media\/44712"}],"wp:attachment":[{"href":"https:\/\/woods.se\/sv\/wp-json\/wp\/v2\/media?parent=44748"}],"wp:term":[{"taxonomy":"product_brand","embeddable":true,"href":"https:\/\/woods.se\/sv\/wp-json\/wp\/v2\/product_brand?post=44748"},{"taxonomy":"product_cat","embeddable":true,"href":"https:\/\/woods.se\/sv\/wp-json\/wp\/v2\/product_cat?post=44748"},{"taxonomy":"product_tag","embeddable":true,"href":"https:\/\/woods.se\/sv\/wp-json\/wp\/v2\/product_tag?post=44748"}],"curies":[{"name":"wp","href":"https:\/\/api.w.org\/{rel}","templated":true}]}}