{"id":43987,"date":"2025-08-22T14:09:33","date_gmt":"2025-08-22T12:09:33","guid":{"rendered":"https:\/\/stage.woods.se\/?post_type=product&#038;p=43987"},"modified":"2026-03-04T11:01:46","modified_gmt":"2026-03-04T10:01:46","slug":"woods-wbd10","status":"publish","type":"product","link":"https:\/\/woods.se\/sv\/produkter\/avfuktare\/badrum\/woods-wbd10\/","title":{"rendered":"Wood&#8217;s WBD10"},"content":{"rendered":"<h2>Wood&#8217;s WBD10<\/h2>\n<h3>Optimal l\u00f6sning f\u00f6r badrum och sm\u00e5 utrymmen<\/h3>\n<p>Wood\u2019s WBD10 \u00e4r den idealiska avfuktaren f\u00f6r mindre utrymmen som badrum, b\u00e5tar, husvagnar och sommarstugor. Med en avfuktningskapacitet p\u00e5 upp till 10 liter per dygn h\u00e5ller den effektivt fuktniv\u00e5erna nere och skapar ett friskare inomhusklimat. Det kompakta formatet g\u00f6r den enkel att placera \u00e4ven d\u00e4r utrymmet \u00e4r begr\u00e4nsat, och dess topputbl\u00e5s fungerar som en praktisk \u201cf\u00f6neffekt\u201d f\u00f6r att torka handdukar och tv\u00e4tt.  <\/p>\n<h3>Viktiga egenskaper:<\/h3>\n\n<h3>Anv\u00e4ndarv\u00e4nlig och flexibel<\/h3>\n<p>WBD10 \u00e4r enkel att hantera tack vare det integrerade handtaget som g\u00f6r den l\u00e4tt att flytta mellan olika utrymmen. Med en 2 liters tank och m\u00f6jlighet till slanganslutning \u00e4r den smidig att t\u00f6mma och kan \u00e4ven k\u00f6ras kontinuerligt. Det tv\u00e4ttbara luftfiltret renar effektivt luften och bidrar till b\u00e4ttre luftkvalitet under avfuktningen.  <\/p>\n<h3>Energieffektiv och milj\u00f6v\u00e4nlig<\/h3>\n<p>Med k\u00f6ldmediet R290 kombinerar WBD10 energieffektiv drift med milj\u00f6v\u00e4nliga egenskaper. Den l\u00e5ga energif\u00f6rbrukningen g\u00f6r att avfuktningen sker effektivt utan on\u00f6dig str\u00f6mf\u00f6rbrukning. <\/p>\n<h3>S\u00e4ker och p\u00e5litlig<\/h3>\n<p>WBD10 \u00e4r byggd f\u00f6r s\u00e4ker drift i mindre utrymmen. Den st\u00e4nger av sig automatiskt n\u00e4r tanken \u00e4r full och arbetar med l\u00e5g ljudniv\u00e5, vilket g\u00f6r att den kan anv\u00e4ndas \u00e4ven i hemmets mest stillsamma rum. <\/p>\n<h3>F\u00f6rl\u00e4ng din garanti<\/h3>\n<p>Registrera WBD10 p\u00e5<a href=\"https:\/\/warranty-woods.com\/\"> warranty-woods.com<\/a> och f\u00f6rl\u00e4ng garantin fr\u00e5n 2 till 3 \u00e5r.<\/p>\n<p>WBD10 \u00e4r det perfekta valet f\u00f6r badrum, b\u00e5tar, husvagnar och andra sm\u00e5 utrymmen som beh\u00f6ver h\u00e5llas torra och fria fr\u00e5n fuktproblem.<\/p>\n","protected":false},"excerpt":{"rendered":"<p>Wood\u2019s WBD10 \u00e4r en kompakt och effektiv avfuktare, perfekt f\u00f6r badrum, sommarstugor, b\u00e5tar och husvagnar. Den tar bort upp till 10 liter fukt per dygn och bidrar till en friskare inomhusmilj\u00f6 genom att minska risken f\u00f6r m\u00f6gel och d\u00e5lig lukt. Med sitt topputbl\u00e5s torkar den \u00e4ven handdukar och mindre m\u00e4ngder tv\u00e4tt. Tack vare tv\u00e4ttbart filter och energieffektiv drift \u00e4r WBD10 en p\u00e5litlig och smidig l\u00f6sning f\u00f6r mindre utrymmen.   <\/p>\n","protected":false},"featured_media":43757,"template":"","meta":{"_acf_changed":false},"product_brand":[],"product_cat":[336,4755],"product_tag":[1352,1238],"class_list":{"0":"post-43987","1":"product","2":"type-product","3":"status-publish","4":"has-post-thumbnail","6":"product_cat-avfuktare","7":"product_cat-badrum","8":"product_tag-badrum","9":"product_tag-mindre-utrymmen","10":"splide__slide","12":"first","13":"instock","14":"taxable","15":"shipping-taxable","16":"product-type-simple"},"acf":[],"_links":{"self":[{"href":"https:\/\/woods.se\/sv\/wp-json\/wp\/v2\/product\/43987","targetHints":{"allow":["GET"]}}],"collection":[{"href":"https:\/\/woods.se\/sv\/wp-json\/wp\/v2\/product"}],"about":[{"href":"https:\/\/woods.se\/sv\/wp-json\/wp\/v2\/types\/product"}],"wp:featuredmedia":[{"embeddable":true,"href":"https:\/\/woods.se\/sv\/wp-json\/wp\/v2\/media\/43757"}],"wp:attachment":[{"href":"https:\/\/woods.se\/sv\/wp-json\/wp\/v2\/media?parent=43987"}],"wp:term":[{"taxonomy":"product_brand","embeddable":true,"href":"https:\/\/woods.se\/sv\/wp-json\/wp\/v2\/product_brand?post=43987"},{"taxonomy":"product_cat","embeddable":true,"href":"https:\/\/woods.se\/sv\/wp-json\/wp\/v2\/product_cat?post=43987"},{"taxonomy":"product_tag","embeddable":true,"href":"https:\/\/woods.se\/sv\/wp-json\/wp\/v2\/product_tag?post=43987"}],"curies":[{"name":"wp","href":"https:\/\/api.w.org\/{rel}","templated":true}]}}