{"id":43644,"date":"2024-12-10T13:48:13","date_gmt":"2024-12-10T12:48:13","guid":{"rendered":"https:\/\/stage.woods.se\/?post_type=product&#038;p=43644"},"modified":"2026-03-06T14:54:20","modified_gmt":"2026-03-06T13:54:20","slug":"woods-mdk26","status":"publish","type":"product","link":"https:\/\/woods.se\/sv\/produkter\/avfuktare\/sov-och-vardagsrum\/woods-mdk26\/","title":{"rendered":"Wood&#8217;s MDK26"},"content":{"rendered":"<h2>Wood&#8217;s MDK26<\/h2>\n<h3>Optimal avfuktning f\u00f6r hemmilj\u00f6<\/h3>\n<p>Wood\u2019s MDK26 \u00e4r en h\u00f6gpresterande avfuktare som effektivt hj\u00e4lper dig att h\u00e5lla r\u00e4tt luftfuktighet i vardagsrum, sovrum och l\u00e4genheter. Med topputbl\u00e5s och en kapacitet p\u00e5 upp till 25 liter fukt per dag skapar den en fr\u00e4sch inomhusmilj\u00f6 fri fr\u00e5n d\u00e5lig lukt och m\u00f6gelrisk. Dessutom torkar den tv\u00e4tt skonsamt och effektivt.  <\/p>\n<h3>Viktiga egenskaper:<\/h3>\n\n<h3>Anv\u00e4ndarv\u00e4nlig och flexibel<\/h3>\n<p>MDK26 \u00e4r enkel att anv\u00e4nda tack vare sin tydliga touch-kontrollpanel, d\u00e4r du kan st\u00e4lla in \u00f6nskad luftfuktighet. Med den programmerbara timern anpassar du enkelt avfuktningen efter dina behov. <\/p>\n<h3>Energieffektiv och milj\u00f6v\u00e4nlig<\/h3>\n<p>Med k\u00f6ldmediet R290 kombinerar MDK26 h\u00f6g energieffektivitet med milj\u00f6v\u00e4nlig drift. Automatisk avfrostning och indikator f\u00f6r full vattentank g\u00f6r att enheten alltid arbetar p\u00e5 b\u00e4sta s\u00e4tt. <\/p>\n<h3>S\u00e4ker och p\u00e5litlig<\/h3>\n<p>Avfuktaren st\u00e4nger av sig automatiskt n\u00e4r vattentanken \u00e4r full. Den inbyggda hydrometern \u00f6vervakar luftfuktigheten och s\u00e4kerst\u00e4ller ett j\u00e4mnt klimat. Tv\u00e4ttbart dammfilter och m\u00f6jlighet till kontinuerlig dr\u00e4nering g\u00f6r MDK26 b\u00e5de s\u00e4ker och l\u00e4tt att underh\u00e5lla.  <\/p>\n<h3>F\u00f6rl\u00e4ng din garanti<\/h3>\n<p>Registrera MDK26 p\u00e5 <a href=\"https:\/\/warranty-woods.com\/\">warranty-woods.com<\/a> och f\u00f6rl\u00e4ng garantin fr\u00e5n 2 till 3 \u00e5r.<\/p>\n<p>MDK26 \u00e4r ett perfekt val f\u00f6r alla uppv\u00e4rmda rum i hemmet och s\u00e4kerst\u00e4ller en frisk, torr och behaglig inomhusmilj\u00f6 \u00e5ret runt.<\/p>\n<p><iframe loading=\"lazy\" title=\"Instruction video - Wood&#039;s MDK26 (English)\" width=\"500\" height=\"281\" src=\"https:\/\/www.youtube.com\/embed\/4BgX9MdCg20?feature=oembed\" frameborder=\"0\" allow=\"accelerometer; autoplay; clipboard-write; encrypted-media; gyroscope; picture-in-picture; web-share\" referrerpolicy=\"strict-origin-when-cross-origin\" allowfullscreen><\/iframe><\/p>\n","protected":false},"excerpt":{"rendered":"<p>Wood\u2019s MDK26 \u00e4r en kraftfull avfuktare f\u00f6r uppv\u00e4rmda boytor som vardagsrum, sovrum och l\u00e4genheter. Med en kapacitet p\u00e5 25 liter per dag och topputbl\u00e5s f\u00f6rb\u00e4ttrar den snabbt inomhusluften och skapar ett friskt och behagligt klimat. Den har en tydlig touch-kontrollpanel f\u00f6r enkel anv\u00e4ndning, och tack vare automatisk avfrostning \u00e4r den en p\u00e5litlig l\u00f6sning mot fukt \u00e5ret runt.  <\/p>\n","protected":false},"featured_media":43721,"template":"","meta":{"_acf_changed":false},"product_brand":[],"product_cat":[336,4759],"product_tag":[1372,342,453,348],"class_list":{"0":"post-43644","1":"product","2":"type-product","3":"status-publish","4":"has-post-thumbnail","6":"product_cat-avfuktare","7":"product_cat-sov-och-vardagsrum","8":"product_tag-lagenhet","9":"product_tag-sovrum","10":"product_tag-vardagsrum-sv","11":"product_tag-vardagsrum","12":"product_shipping_class-high","13":"splide__slide","15":"first","16":"instock","17":"taxable","18":"shipping-taxable","19":"purchasable","20":"product-type-simple"},"acf":[],"_links":{"self":[{"href":"https:\/\/woods.se\/sv\/wp-json\/wp\/v2\/product\/43644","targetHints":{"allow":["GET"]}}],"collection":[{"href":"https:\/\/woods.se\/sv\/wp-json\/wp\/v2\/product"}],"about":[{"href":"https:\/\/woods.se\/sv\/wp-json\/wp\/v2\/types\/product"}],"wp:featuredmedia":[{"embeddable":true,"href":"https:\/\/woods.se\/sv\/wp-json\/wp\/v2\/media\/43721"}],"wp:attachment":[{"href":"https:\/\/woods.se\/sv\/wp-json\/wp\/v2\/media?parent=43644"}],"wp:term":[{"taxonomy":"product_brand","embeddable":true,"href":"https:\/\/woods.se\/sv\/wp-json\/wp\/v2\/product_brand?post=43644"},{"taxonomy":"product_cat","embeddable":true,"href":"https:\/\/woods.se\/sv\/wp-json\/wp\/v2\/product_cat?post=43644"},{"taxonomy":"product_tag","embeddable":true,"href":"https:\/\/woods.se\/sv\/wp-json\/wp\/v2\/product_tag?post=43644"}],"curies":[{"name":"wp","href":"https:\/\/api.w.org\/{rel}","templated":true}]}}