{"id":43640,"date":"2024-12-10T13:47:45","date_gmt":"2024-12-10T12:47:45","guid":{"rendered":"https:\/\/stage.woods.se\/?post_type=product&#038;p=43640"},"modified":"2026-03-06T14:51:32","modified_gmt":"2026-03-06T13:51:32","slug":"woods-mdk21","status":"publish","type":"product","link":"https:\/\/woods.se\/sv\/produkter\/avfuktare\/sov-och-vardagsrum\/woods-mdk21\/","title":{"rendered":"Wood&#8217;s MDK21"},"content":{"rendered":"<h2>Wood&#8217;s MDK21<\/h2>\n<h3>Optimal avfuktning f\u00f6r hemmilj\u00f6<\/h3>\n<p>Wood\u2019s MDK21 \u00e4r en kraftfull avfuktare som hj\u00e4lper dig att h\u00e5lla en behaglig luftfuktighet i vardagsrum, sovrum och l\u00e4genheter. Med topputbl\u00e5s och h\u00f6g kapacitet hanterar den upp till 20 liter fukt per dag och skapar ett friskt inomhusklimat utan risk f\u00f6r m\u00f6gel och d\u00e5lig lukt. Den torkar dessutom effektivt och skonsamt din tv\u00e4tt.  <\/p>\n<h3>Viktiga egenskaper:<\/h3>\n\n<h3>Anv\u00e4ndarv\u00e4nlig och flexibel<\/h3>\n<p>MDK21 \u00e4r enkel att anv\u00e4nda med en tydlig touch-kontrollpanel d\u00e4r du st\u00e4ller in \u00f6nskad luftfuktighet. Den programmerbara timern g\u00f6r det l\u00e4tt att anpassa avfuktningen efter dina behov. <\/p>\n<h3>Energieffektiv och milj\u00f6v\u00e4nlig<\/h3>\n<p>Med k\u00f6ldmediet R290 \u00e4r MDK21 en milj\u00f6v\u00e4nlig l\u00f6sning med l\u00e5g energif\u00f6rbrukning och h\u00f6g prestanda. Automatisk avfrostning och indikator f\u00f6r full vattentank g\u00f6r att enheten alltid arbetar optimalt. <\/p>\n<h3>S\u00e4ker och p\u00e5litlig<\/h3>\n<p>Automatisk avst\u00e4ngning aktiveras n\u00e4r vattentanken \u00e4r full, och den inbyggda hydrometern ser till att luftfuktigheten h\u00e5lls p\u00e5 \u00f6nskad niv\u00e5. Det tv\u00e4ttbara dammfiltret och m\u00f6jligheten att koppla p\u00e5 slang f\u00f6r kontinuerlig dr\u00e4nering g\u00f6r MDK21 mycket enkel att anv\u00e4nda. <\/p>\n<h2>F\u00f6rl\u00e4ng din garanti<\/h2>\n<p>Registrera MDK21 p\u00e5 <a href=\"https:\/\/warranty-woods.com\/\">warranty-woods.com<\/a> och f\u00f6rl\u00e4ng garantin fr\u00e5n 2 till 3 \u00e5r.<br \/>\nMDK21 \u00e4r ett perfekt val f\u00f6r alla uppv\u00e4rmda rum i hemmet och ser effektivt till att ditt hem f\u00f6rblir utan fukt, lukter och m\u00f6gel.<\/p>\n<p><iframe loading=\"lazy\" title=\"Instruction video - Wood&#039;s MDK21 (English)\" width=\"500\" height=\"281\" src=\"https:\/\/www.youtube.com\/embed\/fv-eTVHKLcM?feature=oembed\" frameborder=\"0\" allow=\"accelerometer; autoplay; clipboard-write; encrypted-media; gyroscope; picture-in-picture; web-share\" referrerpolicy=\"strict-origin-when-cross-origin\" allowfullscreen><\/iframe><\/p>\n","protected":false},"excerpt":{"rendered":"<p>Wood\u2019s MDK21 \u00e4r en effektiv avfuktare f\u00f6r vardagsrum, sovrum och andra uppv\u00e4rmda boytor. Med en kapacitet p\u00e5 20 liter per dag och topputbl\u00e5s skapas snabbt en behaglig och frisk inomhusluft. Den tydliga touch-kontrollpanelen g\u00f6r avfuktaren l\u00e4tt att anv\u00e4nda, och i kombination med automatisk avfrostning blir den en s\u00e4ker och drifts\u00e4ker l\u00f6sning mot fukt.  <\/p>\n","protected":false},"featured_media":43721,"template":"","meta":{"_acf_changed":false},"product_brand":[],"product_cat":[336,4759],"product_tag":[1372,342,348,453],"class_list":{"0":"post-43640","1":"product","2":"type-product","3":"status-publish","4":"has-post-thumbnail","6":"product_cat-avfuktare","7":"product_cat-sov-och-vardagsrum","8":"product_tag-lagenhet","9":"product_tag-sovrum","10":"product_tag-vardagsrum","11":"product_tag-vardagsrum-sv","12":"product_shipping_class-high","13":"splide__slide","15":"first","16":"instock","17":"taxable","18":"shipping-taxable","19":"purchasable","20":"product-type-simple"},"acf":[],"_links":{"self":[{"href":"https:\/\/woods.se\/sv\/wp-json\/wp\/v2\/product\/43640","targetHints":{"allow":["GET"]}}],"collection":[{"href":"https:\/\/woods.se\/sv\/wp-json\/wp\/v2\/product"}],"about":[{"href":"https:\/\/woods.se\/sv\/wp-json\/wp\/v2\/types\/product"}],"wp:featuredmedia":[{"embeddable":true,"href":"https:\/\/woods.se\/sv\/wp-json\/wp\/v2\/media\/43721"}],"wp:attachment":[{"href":"https:\/\/woods.se\/sv\/wp-json\/wp\/v2\/media?parent=43640"}],"wp:term":[{"taxonomy":"product_brand","embeddable":true,"href":"https:\/\/woods.se\/sv\/wp-json\/wp\/v2\/product_brand?post=43640"},{"taxonomy":"product_cat","embeddable":true,"href":"https:\/\/woods.se\/sv\/wp-json\/wp\/v2\/product_cat?post=43640"},{"taxonomy":"product_tag","embeddable":true,"href":"https:\/\/woods.se\/sv\/wp-json\/wp\/v2\/product_tag?post=43640"}],"curies":[{"name":"wp","href":"https:\/\/api.w.org\/{rel}","templated":true}]}}