{"id":43354,"date":"2024-12-10T13:47:12","date_gmt":"2024-12-10T12:47:12","guid":{"rendered":"https:\/\/stage.woods.se\/?post_type=product&#038;p=43354"},"modified":"2026-03-06T14:48:43","modified_gmt":"2026-03-06T13:48:43","slug":"woods-mdk13","status":"publish","type":"product","link":"https:\/\/woods.se\/sv\/produkter\/avfuktare\/badrum\/woods-mdk13\/","title":{"rendered":"Wood&#8217;s MDK13"},"content":{"rendered":"<h2>Wood&#8217;s MDK13<\/h2>\n<h3>Effektiv avfuktning f\u00f6r badrum<\/h3>\n<p>Wood\u2019s MDK13 \u00e4r en kompakt och effektiv avfuktare, utvecklad f\u00f6r mindre utrymmen som badrum. Med sin n\u00e4tta design \u00e4r den enkel att flytta och ta fram vid behov. MDK13 hj\u00e4lper dig att h\u00e5lla en frisk inomhusmilj\u00f6 fri fr\u00e5n fukt och m\u00f6gel. Topputbl\u00e5set g\u00f6r att handdukarna h\u00e5ller sig fr\u00e4scha l\u00e4ngre och den torkar effektivt mindre m\u00e4ngder tv\u00e4tt.   <\/p>\n<h3>Viktiga egenskaper:<\/h3>\n\n<h3>Anv\u00e4ndarv\u00e4nlig och flexibel styrning<\/h3>\n<p>MDK13 \u00e4r utrustad med en l\u00e4ttsk\u00f6tta och tydliga knappar, vilket g\u00f6r det enkelt att st\u00e4lla in \u00f6nskad luftfuktighetsniv\u00e5, timer och andra funktioner. Timern l\u00e5ter dig dessutom st\u00e4lla in exakt hur l\u00e4nge avfuktaren ska vara aktiv, vilket ger dig full kontroll \u00f6ver luftfuktigheten utan att du beh\u00f6ver \u00f6vervaka processen. Den har en tystg\u00e5ende drift som g\u00f6r den diskret, perfekt f\u00f6r utrymmen d\u00e4r l\u00e5g ljudniv\u00e5 \u00e4r viktig.  <\/p>\n<h3>Energieffektiv och milj\u00f6v\u00e4nlig<\/h3>\n<p>MDK13 anv\u00e4nder k\u00f6ldmedia, R290, vilket \u00e4r ett energieffektivt och ett mer klimatv\u00e4nligt alternativ. P\u00e5 s\u00e5 vis uppfyller Wood\u2019s MDK13 framtida milj\u00f6direktiv och ger en gr\u00f6nare l\u00f6sning f\u00f6r effektiv avfuktning. <\/p>\n<h3>P\u00e5litlig och s\u00e4ker drift f\u00f6r mindre ytor<\/h3>\n<p>Med h\u00f6g kapacitet f\u00f6r sin storlek, sin kompakta storlek, l\u00e5ga energif\u00f6rbrukning och automatiska avst\u00e4ngning n\u00e4r vattentanken \u00e4r full (eller luftfuktigheten \u00e4r optimal), \u00e4r MDK13 ett s\u00e4kert och bekv\u00e4mt val f\u00f6r hemmet.<\/p>\n<h3>F\u00f6rl\u00e4ng din garanti<\/h3>\n<p>Genom att registrera MDK13 p\u00e5 <a href=\"https:\/\/warranty-woods.com\">warranty-woods.com<\/a> f\u00f6rl\u00e4nger du garantin fr\u00e5n 2 till 3 \u00e5r.<\/p>\n<p>&nbsp;<\/p>\n","protected":false},"excerpt":{"rendered":"<p>Wood\u2019s MDK13 \u00e4r en kompakt och l\u00e4ttsk\u00f6tt avfuktare, perfekt f\u00f6r mindre utrymmen som till exempel badrum. Den tar effektivt hand om \u00f6verfl\u00f6dig fukt, minskar risken f\u00f6r m\u00f6gel och f\u00f6rb\u00e4ttrar inomhusluften. Med topputbl\u00e5set torkar MDK13 handdukar och mindre m\u00e4ngder tv\u00e4tt, perfekt f\u00f6r utrymmen d\u00e4r det \u00e4r ont om plats. Enkel att anv\u00e4nda med en tydlig l\u00e4ttsk\u00f6tt knappdisplay och m\u00f6jlighet till kontinuerlig dr\u00e4nering, g\u00f6r MDK13 till ett smart val f\u00f6r en h\u00e4lsosammare och fr\u00e4schare milj\u00f6.   <\/p>\n","protected":false},"featured_media":43212,"template":"","meta":{"_acf_changed":false},"product_brand":[],"product_cat":[336,4755],"product_tag":[1352,1238],"class_list":{"0":"post-43354","1":"product","2":"type-product","3":"status-publish","4":"has-post-thumbnail","6":"product_cat-avfuktare","7":"product_cat-badrum","8":"product_tag-badrum","9":"product_tag-mindre-utrymmen","10":"product_shipping_class-high","11":"splide__slide","13":"first","14":"instock","15":"taxable","16":"shipping-taxable","17":"purchasable","18":"product-type-simple"},"acf":[],"_links":{"self":[{"href":"https:\/\/woods.se\/sv\/wp-json\/wp\/v2\/product\/43354","targetHints":{"allow":["GET"]}}],"collection":[{"href":"https:\/\/woods.se\/sv\/wp-json\/wp\/v2\/product"}],"about":[{"href":"https:\/\/woods.se\/sv\/wp-json\/wp\/v2\/types\/product"}],"wp:featuredmedia":[{"embeddable":true,"href":"https:\/\/woods.se\/sv\/wp-json\/wp\/v2\/media\/43212"}],"wp:attachment":[{"href":"https:\/\/woods.se\/sv\/wp-json\/wp\/v2\/media?parent=43354"}],"wp:term":[{"taxonomy":"product_brand","embeddable":true,"href":"https:\/\/woods.se\/sv\/wp-json\/wp\/v2\/product_brand?post=43354"},{"taxonomy":"product_cat","embeddable":true,"href":"https:\/\/woods.se\/sv\/wp-json\/wp\/v2\/product_cat?post=43354"},{"taxonomy":"product_tag","embeddable":true,"href":"https:\/\/woods.se\/sv\/wp-json\/wp\/v2\/product_tag?post=43354"}],"curies":[{"name":"wp","href":"https:\/\/api.w.org\/{rel}","templated":true}]}}