{"id":42809,"date":"2024-12-10T13:39:34","date_gmt":"2024-12-10T12:39:34","guid":{"rendered":"https:\/\/stage.woods.se\/?post_type=product&#038;p=42809"},"modified":"2026-03-06T15:42:00","modified_gmt":"2026-03-06T14:42:00","slug":"woods-ad20","status":"publish","type":"product","link":"https:\/\/woods.se\/sv\/produkter\/avfuktare\/sov-och-vardagsrum\/woods-ad20\/","title":{"rendered":"Wood&#8217;s AD20"},"content":{"rendered":"<h2>Wood&#8217;s AD20<\/h2>\n<h3>Kombinerad avfuktare och luftrenare f\u00f6r friskare inomhusmilj\u00f6<\/h3>\n<p>Uppt\u00e4ck Wood\u2019s AD20, den perfekta kombinationen av avfuktare och luftrenare, s\u00e4rskilt designad f\u00f6r l\u00e4genheter, sovrum och vardagsrum. AD20 hj\u00e4lper dig skapa ett h\u00e4lsosamt och bekv\u00e4mt inomhusklimat, oavsett \u00e5rstid. Den avl\u00e4gsnar effektivt \u00f6verfl\u00f6dig fukt och renar effektivt luften fr\u00e5n skadliga partiklar, vilket bidrar till att f\u00f6rhindra m\u00f6gel, d\u00e5lig lukt och d\u00e5lig luftkvalitet.  <\/p>\n<h3>Viktiga egenskaper:<\/h3>\n\n<h3>H\u00e4lsosam luft i sovrummet<\/h3>\n<p>Wood&#8217;s AD20 \u00e4r idealisk f\u00f6r sovrum, d\u00e4r den arbetar tyst och effektivt f\u00f6r att s\u00e4kerst\u00e4lla att du sover i en fr\u00e4sch och ren milj\u00f6. Den l\u00e5ga ljudniv\u00e5n garanterar att din natts\u00f6mn inte st\u00f6rs, medan enheten kontinuerligt \u00f6vervakar och justerar luftfuktigheten och luftkvaliteten. Med AD20 skapar du optimala f\u00f6rh\u00e5llanden f\u00f6r b\u00e4ttre s\u00f6mn och en fr\u00e4sch start p\u00e5 dagen.  <\/p>\n<h3>Balanserad luft i vardagsrummet<\/h3>\n<p>AD20 \u00e4r ocks\u00e5 perfekt f\u00f6r vardagsrum d\u00e4r vi tillbringar mycket tid. Genom att rena luften och avl\u00e4gsna fukt s\u00e4kerst\u00e4ller AD20 en balanserad inomhusmilj\u00f6 som \u00e4r fri fr\u00e5n damm, allergener och m\u00f6gel. Det patenterade och svensktillverkade Active ION HEPA-filtret f\u00e5ngar upp till 99,98 % av skadliga partiklar och f\u00f6roreningar, vilket f\u00f6rb\u00e4ttrar b\u00e5de din luftkvalitet och ditt v\u00e4lbefinnande.  <\/p>\n<h3>Flexibel och l\u00e4ttanv\u00e4nd<\/h3>\n<p>AD20 \u00e4r inte bara en kombinerad avfuktare och luftrenare \u2013 du kan ocks\u00e5 anv\u00e4nda den som en dedikerad luftrenare n\u00e4r behovet av avfuktning inte finns. Den \u00e4r utrustad med en luftsensor som automatiskt justerar sin aktivitet baserat p\u00e5 luftfuktigheten och partikelhalten i rummet, vilket g\u00f6r den b\u00e5de energieffektiv och l\u00e4ttanv\u00e4nd. AD20 \u00e4r \u00e4ven utrustad med ett kraftfullt utbl\u00e5s p\u00e5 ovansidan vilket g\u00f6r den optimal att anv\u00e4nda till att torka tv\u00e4tt. Perfekt om du bor i en l\u00e4genhet och beh\u00f6ver torka tv\u00e4tten i badrummet, vardagsrummet eller sovrummet.<br \/>\n<br \/>F\u00f6r extra bekv\u00e4mlighet \u00e4r AD20 utrustad med en stor vattentank och m\u00f6jlighet till slanganslutning f\u00f6r direkt dr\u00e4nering. Dessutom kan enheten starta om automatiskt efter ett str\u00f6mavbrott och \u00e5terg\u00e5 till sina senaste inst\u00e4llningar, vilket s\u00e4kerst\u00e4ller kontinuerlig drift och underh\u00e5llsfri anv\u00e4ndning.    <\/p>\n<h3>H\u00e5llbar prestanda och l\u00e5ng garanti<\/h3>\n<p>Wood\u2019s AD20 \u00e4r byggd f\u00f6r att h\u00e5lla och med upp till 6 \u00e5rs garanti kan du k\u00e4nna dig trygg med din investering. Genom att registrera din AD20 p\u00e5 <a href=\"https:\/\/warranty-woods.com\/\">warranty.woods.com<\/a> och \u00e5rligen byta filter kan du f\u00f6rl\u00e4nga garantin upp till 6 \u00e5r. Du f\u00e5r ocks\u00e5 smarta p\u00e5minnelser om filterbyte, vilket hj\u00e4lper till att f\u00f6rl\u00e4nga livsl\u00e4ngden och uppr\u00e4tth\u00e5lla optimal prestanda.  <\/p>\n<p>V\u00e4lj Wood\u2019s AD20 f\u00f6r en renare, friskare och mer behaglig inomhusmilj\u00f6 \u2013 en l\u00f6sning som skyddar ditt hem och din h\u00e4lsa \u00e5ret runt.<\/p>\n<p><iframe loading=\"lazy\" title=\"Instruction video - Wood&#039;s AD20 (English)\" width=\"500\" height=\"281\" src=\"https:\/\/www.youtube.com\/embed\/vyT4kheSrno?feature=oembed\" frameborder=\"0\" allow=\"accelerometer; autoplay; clipboard-write; encrypted-media; gyroscope; picture-in-picture; web-share\" referrerpolicy=\"strict-origin-when-cross-origin\" allowfullscreen><\/iframe><\/p>\n","protected":false},"excerpt":{"rendered":"<p>Wood\u2019s AD20 \u00e4r den perfekta kombinationen av avfuktare och luftrenare, designad f\u00f6r sovrum, vardagsrum och l\u00e4genheter. Med HEPA-filter renar den luften fr\u00e5n 99,98% av alla skadliga partiklar, samtidigt som den extremt tyst och effektivt tar bort \u00f6verfl\u00f6dig fukt. AD20 \u00e4r utformad med ett utbl\u00e5s p\u00e5 ovansidan vilket g\u00f6r att den effektivt och skonsamt f\u00f6nar din tv\u00e4tt torr. AD20 skapar ett optimalt inomhusklimat d\u00e4r du spenderar mest tid.   <\/p>\n","protected":false},"featured_media":43406,"template":"","meta":{"_acf_changed":false},"product_brand":[],"product_cat":[336,4759],"product_tag":[1372,342,348,453],"class_list":{"0":"post-42809","1":"product","2":"type-product","3":"status-publish","4":"has-post-thumbnail","6":"product_cat-avfuktare","7":"product_cat-sov-och-vardagsrum","8":"product_tag-lagenhet","9":"product_tag-sovrum","10":"product_tag-vardagsrum","11":"product_tag-vardagsrum-sv","12":"product_shipping_class-high","13":"splide__slide","15":"first","16":"instock","17":"taxable","18":"shipping-taxable","19":"purchasable","20":"product-type-simple"},"acf":[],"_links":{"self":[{"href":"https:\/\/woods.se\/sv\/wp-json\/wp\/v2\/product\/42809","targetHints":{"allow":["GET"]}}],"collection":[{"href":"https:\/\/woods.se\/sv\/wp-json\/wp\/v2\/product"}],"about":[{"href":"https:\/\/woods.se\/sv\/wp-json\/wp\/v2\/types\/product"}],"wp:featuredmedia":[{"embeddable":true,"href":"https:\/\/woods.se\/sv\/wp-json\/wp\/v2\/media\/43406"}],"wp:attachment":[{"href":"https:\/\/woods.se\/sv\/wp-json\/wp\/v2\/media?parent=42809"}],"wp:term":[{"taxonomy":"product_brand","embeddable":true,"href":"https:\/\/woods.se\/sv\/wp-json\/wp\/v2\/product_brand?post=42809"},{"taxonomy":"product_cat","embeddable":true,"href":"https:\/\/woods.se\/sv\/wp-json\/wp\/v2\/product_cat?post=42809"},{"taxonomy":"product_tag","embeddable":true,"href":"https:\/\/woods.se\/sv\/wp-json\/wp\/v2\/product_tag?post=42809"}],"curies":[{"name":"wp","href":"https:\/\/api.w.org\/{rel}","templated":true}]}}