{"id":42793,"date":"2024-12-10T13:52:07","date_gmt":"2024-12-10T12:52:07","guid":{"rendered":"https:\/\/stage.woods.se\/?post_type=product&#038;p=42793"},"modified":"2026-04-28T07:44:50","modified_gmt":"2026-04-28T05:44:50","slug":"woods-mrd20gw","status":"publish","type":"product","link":"https:\/\/woods.se\/sv\/produkter\/avfuktare\/sov-och-vardagsrum\/woods-mrd20gw\/","title":{"rendered":"Wood&#8217;s MRD20GW"},"content":{"rendered":"<h2>Wood&#8217;s MRD20GW<\/h2>\n<h3>Optimal avfuktning f\u00f6r hemmilj\u00f6<\/h3>\n<p>Wood\u2019s MRD20GW \u00e4r en kraftfull avfuktare som hj\u00e4lper dig att h\u00e5lla en behaglig luftfuktighet i vardagsrum, sovrum och l\u00e4genheter. Med topputbl\u00e5s, h\u00f6g kapacitet och inbyggt WiFi hanterar den upp till 20 liter fukt per dag och kan styras och \u00f6vervakas direkt fr\u00e5n din mobil. Det ger dig full kontroll och g\u00f6r det enkelt att anpassa avfuktningen efter dina behov, \u00e4ven n\u00e4r du inte \u00e4r hemma. Den skapar ett friskt inomhusklimat utan risk f\u00f6r m\u00f6gel och d\u00e5lig lukt. Den torkar dessutom effektivt och skonsamt din tv\u00e4tt.    <\/p>\n<h3>Viktiga egenskaper:<\/h3>\n\n<h3>Anv\u00e4ndarv\u00e4nlig och flexibel<\/h3>\n<p>MRD20GW \u00e4r enkel att anv\u00e4nda med en tydlig touch-kontrollpanel och WiFi-uppkoppling som g\u00f6r att du kan st\u00e4lla in och justera luftfuktigheten p\u00e5 distans. Den programmerbara timern g\u00f6r det l\u00e4tt att anpassa avfuktningen efter dina behov. <\/p>\n<h3>Energieffektiv och milj\u00f6v\u00e4nlig<\/h3>\n<p>Med k\u00f6ldmediet R290 \u00e4r MRD20GW en milj\u00f6v\u00e4nlig l\u00f6sning med l\u00e5g energif\u00f6rbrukning och h\u00f6g prestanda. Automatisk avfrostning och indikator f\u00f6r full vattentank g\u00f6r att enheten alltid arbetar optimalt. <\/p>\n<h3>S\u00e4ker och p\u00e5litlig<\/h3>\n<p>Automatisk avst\u00e4ngning aktiveras n\u00e4r vattentanken \u00e4r full, och den inbyggda hydrometern ser till att luftfuktigheten h\u00e5lls p\u00e5 \u00f6nskad niv\u00e5.<\/p>\n<h3>F\u00f6rl\u00e4ng din garanti<\/h3>\n<p>Registrera MRD20GW p\u00e5 <a href=\"https:\/\/warranty-woods.com\/\">warranty-woods.com<\/a> och f\u00f6rl\u00e4ng garantin fr\u00e5n 2 till 3 \u00e5r.<\/p>\n<p>MRD20GW \u00e4r ett perfekt val f\u00f6r hemmet och ser effektivt till att ditt hem f\u00f6rblir utan fukt, lukter och m\u00f6gel dessutom med WiFi f\u00f6r extra bekv\u00e4mlighet och kontroll.<\/p>\n","protected":false},"excerpt":{"rendered":"<p>Wood\u2019s MRD20GW \u00e4r en effektiv avfuktare f\u00f6r vardagsrum, sovrum och andra uppv\u00e4rmda boytor. Med en kapacitet p\u00e5 20 liter per dag, topputbl\u00e5s och WiFi skapar den snabbt en behaglig och frisk inomhusluft som du kan kontrollera p\u00e5 distans. Den \u00e4r enkel att anv\u00e4nda, har automatisk avfrostning och flera smarta funktioner som g\u00f6r den till en p\u00e5litlig l\u00f6sning mot fukt.  <\/p>\n","protected":false},"featured_media":43651,"template":"","meta":{"_acf_changed":false},"product_brand":[],"product_cat":[336,4759],"product_tag":[342,453,348,365],"class_list":{"0":"post-42793","1":"product","2":"type-product","3":"status-publish","4":"has-post-thumbnail","6":"product_cat-avfuktare","7":"product_cat-sov-och-vardagsrum","8":"product_tag-sovrum","9":"product_tag-vardagsrum-sv","10":"product_tag-vardagsrum","11":"product_tag-wifi-sv","12":"product_shipping_class-high","13":"splide__slide","15":"first","16":"outofstock","17":"taxable","18":"shipping-taxable","19":"purchasable","20":"product-type-simple"},"acf":[],"_links":{"self":[{"href":"https:\/\/woods.se\/sv\/wp-json\/wp\/v2\/product\/42793","targetHints":{"allow":["GET"]}}],"collection":[{"href":"https:\/\/woods.se\/sv\/wp-json\/wp\/v2\/product"}],"about":[{"href":"https:\/\/woods.se\/sv\/wp-json\/wp\/v2\/types\/product"}],"wp:featuredmedia":[{"embeddable":true,"href":"https:\/\/woods.se\/sv\/wp-json\/wp\/v2\/media\/43651"}],"wp:attachment":[{"href":"https:\/\/woods.se\/sv\/wp-json\/wp\/v2\/media?parent=42793"}],"wp:term":[{"taxonomy":"product_brand","embeddable":true,"href":"https:\/\/woods.se\/sv\/wp-json\/wp\/v2\/product_brand?post=42793"},{"taxonomy":"product_cat","embeddable":true,"href":"https:\/\/woods.se\/sv\/wp-json\/wp\/v2\/product_cat?post=42793"},{"taxonomy":"product_tag","embeddable":true,"href":"https:\/\/woods.se\/sv\/wp-json\/wp\/v2\/product_tag?post=42793"}],"curies":[{"name":"wp","href":"https:\/\/api.w.org\/{rel}","templated":true}]}}