{"id":42792,"date":"2024-12-10T13:53:48","date_gmt":"2024-12-10T12:53:48","guid":{"rendered":"https:\/\/stage.woods.se\/?post_type=product&#038;p=42792"},"modified":"2026-03-05T15:03:21","modified_gmt":"2026-03-05T14:03:21","slug":"woods-mrd25g","status":"publish","type":"product","link":"https:\/\/woods.se\/sv\/produkter\/avfuktare\/torka-tvatt\/woods-mrd25g\/","title":{"rendered":"Wood&#8217;s MRD25G"},"content":{"rendered":"<h2>Wood&#8217;s MRD25G<\/h2>\n<h3>Optimal l\u00f6sning f\u00f6r att torka tv\u00e4tt<\/h3>\n<p>Wood\u2019s MRD25G \u00e4r den perfekta avfuktaren f\u00f6r tv\u00e4ttstugor och andra fuktiga utrymmen. Med sitt kraftiga topputbl\u00e5s och speciella torkl\u00e4ge kan MRD25G korta ner torktiden avsev\u00e4rt och torka tv\u00e4tten p\u00e5 ett skonsamt s\u00e4tt, vilket bidrar till att dina kl\u00e4der beh\u00e5ller kvaliteten l\u00e4ngre. MRD25G hanterar upp till 25 liter fukt per dag, vilket effektivt skapar en fr\u00e4sch och behaglig inomhusmilj\u00f6 utan fukt och risk f\u00f6r m\u00f6gel.  <\/p>\n<h3>Viktiga egenskaper:<\/h3>\n\n<h3>Anv\u00e4ndarv\u00e4nlig och flexibel<\/h3>\n<p>MRD25G \u00e4r designad f\u00f6r att vara enkel och smidig i anv\u00e4ndningen. Med en tydlig touch-kontrollpanel kan du enkelt st\u00e4lla in \u00f6nskad luftfuktighet och l\u00e5ta enheten bibeh\u00e5lla dessa niv\u00e5er. Enheten har ocks\u00e5 en programmerbar timer f\u00f6r att automatiskt starta och st\u00e4nga av avfuktningen enligt dina behov, vilket g\u00f6r den l\u00e4tt att anpassa efter din vardag.  <\/p>\n<h3>Energieffektiv och milj\u00f6v\u00e4nlig<\/h3>\n<p>Med k\u00f6ldmediet R290 \u00e4r MRD25GW en milj\u00f6v\u00e4nlig l\u00f6sning med l\u00e5g energif\u00f6rbrukning och optimal prestanda. Den avfuktar mycket effektivt i uppv\u00e4rmda utrymmen och har automatisk avfrostningsfunktion med en indikator som visar n\u00e4r vattenbeh\u00e5llaren p\u00e5 3,8 liter \u00e4r full. Det s\u00e4kerst\u00e4ller att den arbetar effektivt och f\u00f6rhindrar on\u00f6dig energif\u00f6rbrukning.  <\/p>\n<h3>S\u00e4ker och p\u00e5litlig f\u00f6r tv\u00e4ttstugan<\/h3>\n<p>Wood\u2019s MRD25G \u00e4r en p\u00e5litlig och s\u00e4ker avfuktare. Den automatiska avst\u00e4ngningsfunktionen aktiveras n\u00e4r vattenbeh\u00e5llaren \u00e4r full, och en hydrometer s\u00e4kerst\u00e4ller att luftfuktigheten h\u00e5lls p\u00e5 den \u00f6nskade niv\u00e5n. <\/p>\n<h3>F\u00f6rl\u00e4ng din garanti<\/h3>\n<p>Genom att registrera MRD25 p\u00e5 <a href=\"https:\/\/warranty-woods.com\/\">warranty-woods.com<\/a> f\u00f6rl\u00e4nger du garantin fr\u00e5n 2 till 3 \u00e5r.<\/p>\n<p>MRD25G \u00e4r ett tryggt val f\u00f6r hemmet, och \u00e4r s\u00e4rskilt anv\u00e4ndbar i tv\u00e4ttstugor d\u00e4r dess tv\u00e4ttl\u00e4ge och effektiva avfuktning g\u00f6r den till en ov\u00e4rderlig hj\u00e4lp i vardagen.<\/p>\n","protected":false},"excerpt":{"rendered":"<p>Wood\u2019s MRD25G \u00e4r en effektiv avfuktare, perfekt f\u00f6r tv\u00e4ttstugor och andra uppv\u00e4rmda, fuktiga utrymmen. Med en kapacitet p\u00e5 20 liter per dag och ett topputbl\u00e5s torkar den snabbt tv\u00e4tten och h\u00e5ller b\u00e5de luften och kl\u00e4derna fr\u00e4scha. Den \u00e4r enkel att anv\u00e4nda och den har m\u00e5nga anv\u00e4ndbara och smarta funktioner som \u00e4r anpassade f\u00f6r att p\u00e5skynda att tv\u00e4tten torkar. MRD25G \u00e4r utrustad med automatisk avfrostning och s\u00e4kerhetsfunktioner som g\u00f6r den till en p\u00e5litlig l\u00f6sning f\u00f6r att effektivt hantera fukt.   <\/p>\n","protected":false},"featured_media":43651,"template":"","meta":{"_acf_changed":false},"product_brand":[],"product_cat":[336,4758],"product_tag":[344,346],"class_list":{"0":"post-42792","1":"product","2":"type-product","3":"status-publish","4":"has-post-thumbnail","6":"product_cat-avfuktare","7":"product_cat-torka-tvatt","8":"product_tag-torka-tvatt","9":"product_tag-torka-tvatt-i-tvattstuga","10":"splide__slide","12":"first","13":"outofstock","14":"taxable","15":"shipping-taxable","16":"product-type-simple"},"acf":[],"_links":{"self":[{"href":"https:\/\/woods.se\/sv\/wp-json\/wp\/v2\/product\/42792","targetHints":{"allow":["GET"]}}],"collection":[{"href":"https:\/\/woods.se\/sv\/wp-json\/wp\/v2\/product"}],"about":[{"href":"https:\/\/woods.se\/sv\/wp-json\/wp\/v2\/types\/product"}],"wp:featuredmedia":[{"embeddable":true,"href":"https:\/\/woods.se\/sv\/wp-json\/wp\/v2\/media\/43651"}],"wp:attachment":[{"href":"https:\/\/woods.se\/sv\/wp-json\/wp\/v2\/media?parent=42792"}],"wp:term":[{"taxonomy":"product_brand","embeddable":true,"href":"https:\/\/woods.se\/sv\/wp-json\/wp\/v2\/product_brand?post=42792"},{"taxonomy":"product_cat","embeddable":true,"href":"https:\/\/woods.se\/sv\/wp-json\/wp\/v2\/product_cat?post=42792"},{"taxonomy":"product_tag","embeddable":true,"href":"https:\/\/woods.se\/sv\/wp-json\/wp\/v2\/product_tag?post=42792"}],"curies":[{"name":"wp","href":"https:\/\/api.w.org\/{rel}","templated":true}]}}