{"id":42788,"date":"2024-12-10T13:50:22","date_gmt":"2024-12-10T12:50:22","guid":{"rendered":"https:\/\/stage.woods.se\/?post_type=product&#038;p=42788"},"modified":"2026-04-24T09:26:38","modified_gmt":"2026-04-24T07:26:38","slug":"woods-mrd12","status":"publish","type":"product","link":"https:\/\/woods.se\/sv\/produkter\/avfuktare\/badrum\/woods-mrd12\/","title":{"rendered":"Wood&#8217;s MRD12"},"content":{"rendered":"<h2>Wood&#8217;s MRD12<\/h2>\n<h3>Optimal l\u00f6sning f\u00f6r badrum och andra sm\u00e5 utrymmen<\/h3>\n<p>Wood&#8217;s MRD12 \u00e4r en kompakt och smidig avfuktare som passar perfekt f\u00f6r badrum och mindre uppv\u00e4rmda utrymmen. Med en kapacitet att avl\u00e4gsna upp till 10 liter vatten per dag skapar MRD12 ett fr\u00e4scht och h\u00e4lsosamt inomhusklimat och minskar risken f\u00f6r m\u00f6gel och obehagliga lukter. Avfuktaren \u00e4r idealisk f\u00f6r badrum d\u00e4r fukt snabbt kan bli ett problem, och tack vare topputsuget kan den \u00e4ven anv\u00e4ndas f\u00f6r att torka handdukar och mindre m\u00e4ngder tv\u00e4tt.  <\/p>\n<h3>Viktiga egenskaper:<\/h3>\n\n<h3>Anv\u00e4ndarv\u00e4nlig och flexibel<\/h3>\n<p>MRD12 \u00e4r utformad f\u00f6r enkel anv\u00e4ndning med en digital touchpanel som visar aktuell luftfuktighet, s\u00e5 att du har full kontroll \u00f6ver klimatet i rummet. Med ett tv\u00e4ttbart luftfilter och en l\u00e4tt\u00e5tkomlig vattentank med m\u00f6jlighet till slanganslutning f\u00f6r kontinuerlig dr\u00e4nering \u00e4r underh\u00e5llet enkelt och smidigt. De inf\u00e4llda b\u00e4rhandtagen g\u00f6r dessutom att MRD12 enkelt kan flyttas dit den beh\u00f6vs som mest.  <\/p>\n<h3>Energieffektiv och milj\u00f6v\u00e4nlig<\/h3>\n<p>Wood&#8217;s MRD12 anv\u00e4nder det milj\u00f6v\u00e4nliga k\u00f6ldmediet R290, vilket ger \u00f6verl\u00e4gsen energieffektivitet och l\u00e4gre klimatp\u00e5verkan j\u00e4mf\u00f6rt med \u00e4ldre kylmedier. Detta g\u00f6r MRD12 till ett h\u00e5llbart val som hj\u00e4lper dig s\u00e4nka energif\u00f6rbrukningen utan att kompromissa med prestanda. <\/p>\n<h3>S\u00e4ker och p\u00e5litlig f\u00f6r sm\u00e5 uppv\u00e4rmda utrymmen<\/h3>\n<p>MRD12 \u00e4r utrustad med automatisk avfrostning och automatisk avst\u00e4ngning vid den inst\u00e4llda luftfuktighetsniv\u00e5n, vilket s\u00e4kerst\u00e4ller s\u00e4ker drift \u00e4ven i svalare milj\u00f6er. MRD12 har en l\u00e5g ljudniv\u00e5 vilket g\u00f6r att man inte st\u00f6rs n\u00e4r man befinner sig i rummet. Avfuktaren \u00e4r dessutom kompakt och l\u00e4tt att hantera, vilket g\u00f6r den till en trygg och p\u00e5litlig l\u00f6sning f\u00f6r mindre fuktiga utrymmen \u00e5ret runt.  <\/p>\n<h3>F\u00f6rl\u00e4ng din garanti<\/h3>\n<p>Genom att registrera MRD12 p\u00e5 <a href=\"https:\/\/warranty-woods.com\/\">warranty-woods.com<\/a> f\u00f6rl\u00e4nger du garantin fr\u00e5n 2 till 3 \u00e5r.<\/p>\n<p><iframe loading=\"lazy\" title=\"Instruction video - Wood&#039;s MRD12 (English)\" width=\"500\" height=\"281\" src=\"https:\/\/www.youtube.com\/embed\/R0yUWce75O8?feature=oembed\" frameborder=\"0\" allow=\"accelerometer; autoplay; clipboard-write; encrypted-media; gyroscope; picture-in-picture; web-share\" referrerpolicy=\"strict-origin-when-cross-origin\" allowfullscreen><\/iframe><\/p>\n","protected":false},"excerpt":{"rendered":"<p>Wood\u2019s MRD12 \u00e4r den perfekta avfuktaren f\u00f6r badrum och andra uppv\u00e4rmda sm\u00e5 utrymmen. Den avl\u00e4gsnar upp till 10 liter fukt per dygn och bidrar till en fr\u00e4sch och h\u00e4lsosam milj\u00f6 genom att h\u00e5lla luftfuktigheten p\u00e5 optimal niv\u00e5. Med sin intuitiva touchpanel, topputbl\u00e5s och m\u00f6jligheten till kontinuerlig dr\u00e4nering \u00e4r den b\u00e5de enkel att anv\u00e4nda och effektiv. Den kompakta designen och det praktiska b\u00e4rhandtaget g\u00f6r den smidig att flytta mellan olika utrymmen \u2013 en smart och flexibel l\u00f6sning f\u00f6r att f\u00f6rhindra d\u00e5lig lukt och fukt.   <\/p>\n","protected":false},"featured_media":43838,"template":"","meta":{"_acf_changed":false},"product_brand":[],"product_cat":[336,4755],"product_tag":[1352,1238],"class_list":{"0":"post-42788","1":"product","2":"type-product","3":"status-publish","4":"has-post-thumbnail","6":"product_cat-avfuktare","7":"product_cat-badrum","8":"product_tag-badrum","9":"product_tag-mindre-utrymmen","10":"splide__slide","12":"first","13":"instock","14":"taxable","15":"shipping-taxable","16":"purchasable","17":"product-type-simple"},"acf":[],"_links":{"self":[{"href":"https:\/\/woods.se\/sv\/wp-json\/wp\/v2\/product\/42788","targetHints":{"allow":["GET"]}}],"collection":[{"href":"https:\/\/woods.se\/sv\/wp-json\/wp\/v2\/product"}],"about":[{"href":"https:\/\/woods.se\/sv\/wp-json\/wp\/v2\/types\/product"}],"wp:featuredmedia":[{"embeddable":true,"href":"https:\/\/woods.se\/sv\/wp-json\/wp\/v2\/media\/43838"}],"wp:attachment":[{"href":"https:\/\/woods.se\/sv\/wp-json\/wp\/v2\/media?parent=42788"}],"wp:term":[{"taxonomy":"product_brand","embeddable":true,"href":"https:\/\/woods.se\/sv\/wp-json\/wp\/v2\/product_brand?post=42788"},{"taxonomy":"product_cat","embeddable":true,"href":"https:\/\/woods.se\/sv\/wp-json\/wp\/v2\/product_cat?post=42788"},{"taxonomy":"product_tag","embeddable":true,"href":"https:\/\/woods.se\/sv\/wp-json\/wp\/v2\/product_tag?post=42788"}],"curies":[{"name":"wp","href":"https:\/\/api.w.org\/{rel}","templated":true}]}}