{"id":42787,"date":"2024-12-10T13:49:56","date_gmt":"2024-12-10T12:49:56","guid":{"rendered":"https:\/\/stage.woods.se\/?post_type=product&#038;p=42787"},"modified":"2026-03-06T15:10:50","modified_gmt":"2026-03-06T14:10:50","slug":"woods-mrd10","status":"publish","type":"product","link":"https:\/\/woods.se\/sv\/produkter\/avfuktare\/badrum\/woods-mrd10\/","title":{"rendered":"Wood&#8217;s MRD10"},"content":{"rendered":"<h2>Wood&#8217;s MRD10<\/h2>\n<h3>Optimal l\u00f6sning f\u00f6r badrum och andra sm\u00e5 utrymmen<\/h3>\n<p>Wood\u2019s MRD10 \u00e4r den idealiska avfuktaren f\u00f6r mindre utrymmen som badrum, sommarstugor, b\u00e5tar och husvagnar. Med en avfuktningseffekt p\u00e5 upp till 10 liter per dygn hanterar MRD10 effektivt \u00f6verfl\u00f6dig fukt och bidrar till en friskare inomhusmilj\u00f6. Det kompakta formatet g\u00f6r att den l\u00e4tt placeras \u00e4ven d\u00e4r utrymmet \u00e4r begr\u00e4nsat, och dess topputbl\u00e5s ger en praktisk \u201cf\u00f6neffekt\u201d som g\u00f6r att mindre m\u00e4ngder tv\u00e4tt och handdukar torkar snabbt.  <\/p>\n<h3>Viktiga egenskaper:<\/h3>\n\n<h3>Anv\u00e4ndarv\u00e4nlig och flexibel<\/h3>\n<p>MRD10 \u00e4r enkel att anv\u00e4nda med sitt intuitiva handtag som g\u00f6r den l\u00e4tt att flytta mellan olika utrymmen. Tack vare den smidiga tanken p\u00e5 2 liter och m\u00f6jlighet till slanganslutning \u00e4r den l\u00e4tt att t\u00f6mma och kan \u00e4ven k\u00f6ras kontinuerligt i perioder. Dess tv\u00e4ttbara luftfilter renar effektivt luften under avfuktning och bidrar till b\u00e4ttre luftkvalitet.  <\/p>\n<h3>Energieffektiv och milj\u00f6v\u00e4nlig<\/h3>\n<p>Med sitt energieffektiva k\u00f6ldmedium R290 \u00e4r MRD10 ett milj\u00f6v\u00e4nligt val f\u00f6r mindre utrymmen. Den l\u00e5ga energif\u00f6rbrukningen inneb\u00e4r att den ger en effektiv avfuktning utan att dra on\u00f6dig str\u00f6m. <\/p>\n<h3>S\u00e4ker och p\u00e5litlig f\u00f6r sm\u00e5 uppv\u00e4rmda utrymmen<\/h3>\n<p>MRD10 \u00e4r byggd f\u00f6r s\u00e4ker drift i fuktiga milj\u00f6er, med IPX4-klassning som skyddar mot vattenst\u00e4nk \u00e4r den perfekt f\u00f6r badrum och andra mindre utrymmen som \u00e4r fuktutsatta. MRD14 ger b\u00e4st effekt i uppv\u00e4rmda utrymmen och st\u00e4nger av automatiskt n\u00e4r tanken \u00e4r full. Med en ljudniv\u00e5 p\u00e5 under 43 dB kan MRD10 anv\u00e4ndas i hemmets lugnaste utrymmen utan att st\u00f6ra.  <\/p>\n<h3>F\u00f6rl\u00e4ng din garanti<\/h3>\n<p>Genom att registrera MRD10 p\u00e5<a href=\"https:\/\/warranty-woods.com\/\"> warranty-woods.com<\/a> f\u00f6rl\u00e4nger du garantin fr\u00e5n 2 till 3 \u00e5r.<\/p>\n<p>V\u00e4lj Wood\u2019s MRD10 f\u00f6r en bekv\u00e4m och s\u00e4ker l\u00f6sning som h\u00e5ller sm\u00e5 utrymmen torra och fr\u00e4scha \u00e5ret runt.<\/p>\n","protected":false},"excerpt":{"rendered":"<p>Wood\u2019s MRD10 \u00e4r en kompakt och effektiv avfuktare, perfekt f\u00f6r badrum, b\u00e5tar och husvagnar. Den tar bort upp till 10 liter fukt per dygn och bidrar till en friskare inomhusmilj\u00f6 genom att effektivt minska risken f\u00f6r m\u00f6gel och d\u00e5lig lukt. Tack vare sitt praktiska topputbl\u00e5s torkar den \u00e4ven mindre m\u00e4ngder tv\u00e4tt och h\u00e5ller handdukar fr\u00e4scha l\u00e4ngre. Med l\u00e5g energif\u00f6rbrukning och tv\u00e4ttbart filter \u00e4r MRD10 b\u00e5de milj\u00f6v\u00e4nlig och enkel att underh\u00e5lla, en p\u00e5litlig l\u00f6sning f\u00f6r mindre utrymmen som ofta \u00e4r utsatta f\u00f6r fukt.   <\/p>\n","protected":false},"featured_media":42898,"template":"","meta":{"_acf_changed":false},"product_brand":[],"product_cat":[336,4755],"product_tag":[1352,1238],"class_list":{"0":"post-42787","1":"product","2":"type-product","3":"status-publish","4":"has-post-thumbnail","6":"product_cat-avfuktare","7":"product_cat-badrum","8":"product_tag-badrum","9":"product_tag-mindre-utrymmen","10":"product_shipping_class-high","11":"splide__slide","13":"first","14":"instock","15":"taxable","16":"shipping-taxable","17":"purchasable","18":"product-type-simple"},"acf":[],"_links":{"self":[{"href":"https:\/\/woods.se\/sv\/wp-json\/wp\/v2\/product\/42787","targetHints":{"allow":["GET"]}}],"collection":[{"href":"https:\/\/woods.se\/sv\/wp-json\/wp\/v2\/product"}],"about":[{"href":"https:\/\/woods.se\/sv\/wp-json\/wp\/v2\/types\/product"}],"wp:featuredmedia":[{"embeddable":true,"href":"https:\/\/woods.se\/sv\/wp-json\/wp\/v2\/media\/42898"}],"wp:attachment":[{"href":"https:\/\/woods.se\/sv\/wp-json\/wp\/v2\/media?parent=42787"}],"wp:term":[{"taxonomy":"product_brand","embeddable":true,"href":"https:\/\/woods.se\/sv\/wp-json\/wp\/v2\/product_brand?post=42787"},{"taxonomy":"product_cat","embeddable":true,"href":"https:\/\/woods.se\/sv\/wp-json\/wp\/v2\/product_cat?post=42787"},{"taxonomy":"product_tag","embeddable":true,"href":"https:\/\/woods.se\/sv\/wp-json\/wp\/v2\/product_tag?post=42787"}],"curies":[{"name":"wp","href":"https:\/\/api.w.org\/{rel}","templated":true}]}}