{"id":42785,"date":"2024-12-10T13:51:10","date_gmt":"2024-12-10T12:51:10","guid":{"rendered":"https:\/\/stage.woods.se\/?post_type=product&#038;p=42785"},"modified":"2026-03-05T15:36:43","modified_gmt":"2026-03-05T14:36:43","slug":"woods-mrd14","status":"publish","type":"product","link":"https:\/\/woods.se\/sv\/produkter\/avfuktare\/badrum\/woods-mrd14\/","title":{"rendered":"Wood&#8217;s MRD14"},"content":{"rendered":"<h2>Wood&#8217;s MRD14<\/h2>\n<h3>Optimal l\u00f6sning f\u00f6r badrum och andra sm\u00e5 utrymmen<\/h3>\n<p>Wood\u2019s MRD14 \u00e4r en kompakt, h\u00f6gpresterande avfuktare, s\u00e4rskilt anpassad f\u00f6r badrum och sm\u00e5 utrymmen som b\u00e5tar och husvagnar. Med IPX4-klassning har den ett h\u00f6gt skydd mot vatten, vilket g\u00f6r den s\u00e4ker att anv\u00e4nda i fuktiga milj\u00f6er. MRD14 kan snabbt s\u00e4nka luftfuktigheten och bl\u00e5ser ut torr luft fr\u00e5n ovansidan, vilket g\u00f6r den perfekt f\u00f6r att snabbt och skonsamt torka handdukar och mindre m\u00e4ngder tv\u00e4tt.  <\/p>\n<h3>Viktiga egenskaper:<\/h3>\n\n<h3>Anv\u00e4ndarv\u00e4nlig och flexibel<\/h3>\n<p>MRD14 \u00e4r enkel att anv\u00e4nda med en tydlig kontrollpanel och fyra f\u00f6rinst\u00e4llda v\u00e4rden f\u00f6r enkel justering av luftfuktigheten. Den kompakta designen g\u00f6r att den f\u00e5r plats \u00e4ven d\u00e4r utrymmet \u00e4r begr\u00e4nsat och det praktiska b\u00e4rhandtaget g\u00f6r den smidig att flytta till olika utrymmen efter behov. <\/p>\n<h3>Energieffektiv och milj\u00f6v\u00e4nlig<\/h3>\n<p>Utrustad med k\u00f6ldmediet R290, som \u00e4r milj\u00f6v\u00e4nligt och energieffektivt, levererar MRD14 utm\u00e4rkt prestanda utan att belasta milj\u00f6n. Med en kapacitet p\u00e5 12 liter per dag och en maximal str\u00f6mf\u00f6rbrukning p\u00e5 230W \u00e4r den ett energisn\u00e5lt val som h\u00e5ller luftkvaliteten optimal. <\/p>\n<h3>S\u00e4ker och p\u00e5litlig f\u00f6r sm\u00e5 uppv\u00e4rmda utrymmen<\/h3>\n<p>MRD14 \u00e4r byggd f\u00f6r s\u00e4ker drift i fuktiga milj\u00f6er, med IPX4-klassning som skyddar mot vattenst\u00e4nk \u00e4r den perfekt f\u00f6r badrum och andra mindre utrymmen som \u00e4r fuktutsatta. MRD14 ger b\u00e4st effekt i uppv\u00e4rmda utrymmen och st\u00e4nger av automatiskt n\u00e4r tanken \u00e4r full. Med en ljudniv\u00e5 p\u00e5 under 44 dB kan MRD14 anv\u00e4ndas i hemmets lugnaste utrymmen utan att st\u00f6ra.  <\/p>\n<h3>F\u00f6rl\u00e4ng din garanti<\/h3>\n<p>BGenom att registrera MRD14 p\u00e5 <a href=\"https:\/\/warranty-woods.com\/\">warranty-woods.com<\/a> f\u00f6rl\u00e4nger du garantin fr\u00e5n 2 till 3 \u00e5r.<\/p>\n<p>V\u00e4lj Wood\u2019s MRD14 f\u00f6r ett h\u00e5llbart, effektivt och bekv\u00e4mt s\u00e4tt att kontrollera luftfuktigheten i sm\u00e5 och fuktiga utrymmen!<\/p>\n","protected":false},"excerpt":{"rendered":"<p>Wood\u2019s MRD14 \u00e4r en kompakt och effektiv avfuktare, perfekt f\u00f6r badrum och sm\u00e5 utrymmen som husvagnar, b\u00e5tar och fritidshus. Den minskar snabbt fuktniv\u00e5n, motverkar d\u00e5lig lukt och har topputbl\u00e5s f\u00f6r att skonsamt torka handdukar och mindre m\u00e4ngder tv\u00e4tt. Med IPX4-klassning \u00e4r MRD14 s\u00e4ker i fuktiga milj\u00f6er och l\u00e4tt att flytta med sitt praktiska b\u00e4rhandtag. Energieffektiv och milj\u00f6v\u00e4nlig, \u00e4r denna avfuktare ett p\u00e5litligt val f\u00f6r att f\u00f6rb\u00e4ttra luftkvaliteten i sm\u00e5 utrymmen.   <\/p>\n","protected":false},"featured_media":42898,"template":"","meta":{"_acf_changed":false},"product_brand":[],"product_cat":[336,4755],"product_tag":[1352,1238],"class_list":{"0":"post-42785","1":"product","2":"type-product","3":"status-publish","4":"has-post-thumbnail","6":"product_cat-avfuktare","7":"product_cat-badrum","8":"product_tag-badrum","9":"product_tag-mindre-utrymmen","10":"product_shipping_class-high","11":"splide__slide","13":"first","14":"instock","15":"taxable","16":"shipping-taxable","17":"purchasable","18":"product-type-simple"},"acf":[],"_links":{"self":[{"href":"https:\/\/woods.se\/sv\/wp-json\/wp\/v2\/product\/42785","targetHints":{"allow":["GET"]}}],"collection":[{"href":"https:\/\/woods.se\/sv\/wp-json\/wp\/v2\/product"}],"about":[{"href":"https:\/\/woods.se\/sv\/wp-json\/wp\/v2\/types\/product"}],"wp:featuredmedia":[{"embeddable":true,"href":"https:\/\/woods.se\/sv\/wp-json\/wp\/v2\/media\/42898"}],"wp:attachment":[{"href":"https:\/\/woods.se\/sv\/wp-json\/wp\/v2\/media?parent=42785"}],"wp:term":[{"taxonomy":"product_brand","embeddable":true,"href":"https:\/\/woods.se\/sv\/wp-json\/wp\/v2\/product_brand?post=42785"},{"taxonomy":"product_cat","embeddable":true,"href":"https:\/\/woods.se\/sv\/wp-json\/wp\/v2\/product_cat?post=42785"},{"taxonomy":"product_tag","embeddable":true,"href":"https:\/\/woods.se\/sv\/wp-json\/wp\/v2\/product_tag?post=42785"}],"curies":[{"name":"wp","href":"https:\/\/api.w.org\/{rel}","templated":true}]}}