{"id":42550,"date":"2024-10-16T11:14:38","date_gmt":"2024-10-16T09:14:38","guid":{"rendered":"https:\/\/stage.woods.se\/?post_type=product&#038;p=42550"},"modified":"2026-04-28T10:40:24","modified_gmt":"2026-04-28T08:40:24","slug":"woods-mdx20p","status":"publish","type":"product","link":"https:\/\/woods.se\/sv\/produkter\/avfuktare\/torka-tvatt\/woods-mdx20p\/","title":{"rendered":"Wood&#8217;s MDX20P"},"content":{"rendered":"<h2>Wood&#8217;s MDX20P<\/h2>\n<h3>Kraftfull och tyst avfuktare med pump som effektivt torkar din tv\u00e4tt<\/h3>\n<p>N\u00e4r tv\u00e4ttade kl\u00e4der h\u00e4ngs upp blir luften fuktig. Ofta s\u00e5 fuktig att det k\u00e4nns som en evighet innan kl\u00e4derna torkar, vilket ger dem en karakteristisk d\u00e5lig lukt. Woods avfuktare MDX20P l\u00f6ser problemet genom att energieffektivt f\u00f6na tv\u00e4tten torr och snabbt s\u00e4nka luftfuktigheten vilket f\u00f6rhindrar problem med fukt, m\u00f6gel och d\u00e5lig lukt. Den automatiska pumpfunktionen g\u00f6r dessutom att du inte beh\u00f6ver t\u00e4nka p\u00e5 om det finns en golvbrunn.   <\/p>\n<h3>Rekommenderade anv\u00e4ndningsomr\u00e5den:<\/h3>\n<p><strong>Tv\u00e4ttstuga:<\/strong> Effektiv torkning med h\u00f6gt luftfl\u00f6de och automatisk pump \u2013 inget behov av att t\u00f6mma beh\u00e5llaren eller ha avlopp i golvet.<br \/>\n<strong>Sovrum:<\/strong> Tyst drift, barnl\u00e5s och timer g\u00f6r den perfekt f\u00f6r rum d\u00e4r du sover eller vistas mycket. F\u00f6rhindrar fuktproblem utan att st\u00f6ra.<br \/>\n<strong>L\u00e4genheter: <\/strong>Energieffektiv drift och kompakt format \u2013 idealisk f\u00f6r moderna hem med behov av smidig avfuktning.<\/p>\n\n<h3>H\u00f6g avfuktning och h\u00f6gt luftfl\u00f6de<\/h3>\n<p>Wood\u2019s MDX20P avfuktar upp till 20 liter vatten per dygn och \u00e4r utvecklad f\u00f6r, och mest effektiv i, uppv\u00e4rmda milj\u00f6er s\u00e5 som l\u00e4genheter, sov- och vardagsrum. Samtidigt som den tar hand om fukten bl\u00e5ser det kraftiga luftfl\u00f6det ut varm, torr luft p\u00e5 ovansidan som riktas mot tv\u00e4tten och f\u00f6nar den torr och l\u00e4mnar den med en fr\u00e4sch doft. <\/p>\n<h3>Automatisk pumpfunktion<\/h3>\n<p>Wood\u2019s avfuktare MDX20P har en stor beh\u00e5llare p\u00e5 6 liter. Du kan \u00e4ven l\u00e4tt att ansluta slang f\u00f6r att slippa t\u00e4nka p\u00e5 att t\u00f6mma beh\u00e5llaren. Dessutom har Wood\u2019s MDX20P en kraftfull inbyggd automatisk pump som kan pumpa vattnet vertikalt s\u00e5 h\u00f6gt som 10\u201315 meter, vilket g\u00f6r att du inte beh\u00f6ver en golvbrunn i anslutning till enheten utan kan leda det \u00f6verblivna vattnet till valfritt avlopp.  <\/p>\n<h3>Tyst och energieffektiv<\/h3>\n<p>MDX20P har utvecklats f\u00f6r att vara s\u00e5 tystg\u00e5ende att den kan anv\u00e4ndas utan att st\u00f6ra n\u00e5gon som befinner sig i samma rum.<br \/>\nMest anm\u00e4rkningsv\u00e4rt \u00e4r dock hur energieffektiv den \u00e4r. Dessutom f\u00e5r du tillbaka 780 W ren v\u00e4rmeenergi f\u00f6r varje liter avfuktat vatten som produceras! <\/p>\n<h3>Timer, barnl\u00e5s och autostart<\/h3>\n<p>Wood\u2019s MDX20P \u00e4r utrustad med timer, s\u00e5 du kan anpassa driften efter hur l\u00e5ng tid det tar att torka tv\u00e4tten.<br \/>\nF\u00f6r s\u00e4ker drift \u00e4r den \u00e4ven utrustad med barnl\u00e5s, s\u00e5 nyfikna barn inte kan \u00e4nda inst\u00e4llningarna. Skulle str\u00f6mmen brytas startas maskinen automatiskt med samma inst\u00e4llningar n\u00e4r str\u00f6mmen kommer tillbaka igen. <\/p>\n<h3>Tv\u00e4ttbart filter<\/h3>\n<p>Wood\u2019s avfuktare MDX20P har ett avtagbart filter som skyddar avfuktaren mot att damm och smuts tr\u00e4nger in i maskinen, vilket f\u00f6rl\u00e4nger dess livsl\u00e4ngd. Dammsug f\u00f6rsiktigt av filtret d\u00e5 och d\u00e5 och om det \u00e4r mycket smuts kan du torka av det med en fuktad trasa eller sk\u00f6lja av det f\u00f6rsiktigt med ljummet vatten. <\/p>\n<h3>Registering f\u00f6r f\u00f6rl\u00e4ngd garanti<\/h3>\n<p>Wood&#8217;s avfuktare MDX20P har 2 \u00e5rs garanti. F\u00f6r att f\u00e5 3 \u00e5rs garanti beh\u00f6ver du bara registrera din avfuktare p\u00e5<br \/>\n<a href=\"https:\/\/warranty-woods.com\">warranty-woods.com<\/a>. Gl\u00f6m inte att spara kvittot. <\/p>\n","protected":false},"excerpt":{"rendered":"<p>Wood&#8217;s avfuktare MDX20P \u00e4r utvecklad f\u00f6r sm\u00e5 torkrum och andra boytor utan golvbrunn. Den avfuktar energieffektivt upp till 20 liter vatten per dygn och har en kraftfull inbyggd pump f\u00f6r enkel dr\u00e4nering. Det justerbara utbl\u00e5set p\u00e5 ovansidan torkar effektivt din tv\u00e4tt och den tysta driften g\u00f6r den perfekt \u00e4ven f\u00f6r rum d\u00e4r du ofta vistas i. Wood\u2019s MDX20P har ett tv\u00e4ttbart filter, timer, barnl\u00e5s och \u00e5terstartar efter eventuellt str\u00f6mavbrott. Registrerar du maskinen f\u00e5r du 3 \u00e5rs garanti.    <\/p>\n","protected":false},"featured_media":35969,"template":"","meta":{"_acf_changed":false},"product_brand":[],"product_cat":[336,4758],"product_tag":[1372,342,1371,348],"class_list":{"0":"post-42550","1":"product","2":"type-product","3":"status-publish","4":"has-post-thumbnail","6":"product_cat-avfuktare","7":"product_cat-torka-tvatt","8":"product_tag-lagenhet","9":"product_tag-sovrum","10":"product_tag-torka-tvatt-sv","11":"product_tag-vardagsrum","12":"product_shipping_class-high","13":"splide__slide","15":"first","16":"instock","17":"taxable","18":"shipping-taxable","19":"purchasable","20":"product-type-simple"},"acf":[],"_links":{"self":[{"href":"https:\/\/woods.se\/sv\/wp-json\/wp\/v2\/product\/42550","targetHints":{"allow":["GET"]}}],"collection":[{"href":"https:\/\/woods.se\/sv\/wp-json\/wp\/v2\/product"}],"about":[{"href":"https:\/\/woods.se\/sv\/wp-json\/wp\/v2\/types\/product"}],"wp:featuredmedia":[{"embeddable":true,"href":"https:\/\/woods.se\/sv\/wp-json\/wp\/v2\/media\/35969"}],"wp:attachment":[{"href":"https:\/\/woods.se\/sv\/wp-json\/wp\/v2\/media?parent=42550"}],"wp:term":[{"taxonomy":"product_brand","embeddable":true,"href":"https:\/\/woods.se\/sv\/wp-json\/wp\/v2\/product_brand?post=42550"},{"taxonomy":"product_cat","embeddable":true,"href":"https:\/\/woods.se\/sv\/wp-json\/wp\/v2\/product_cat?post=42550"},{"taxonomy":"product_tag","embeddable":true,"href":"https:\/\/woods.se\/sv\/wp-json\/wp\/v2\/product_tag?post=42550"}],"curies":[{"name":"wp","href":"https:\/\/api.w.org\/{rel}","templated":true}]}}