{"id":42328,"date":"2024-12-10T13:48:51","date_gmt":"2024-12-10T12:48:51","guid":{"rendered":"https:\/\/stage.woods.se\/?post_type=product&#038;p=42328"},"modified":"2026-03-06T14:57:50","modified_gmt":"2026-03-06T13:57:50","slug":"woods-mdx14","status":"publish","type":"product","link":"https:\/\/woods.se\/sv\/produkter\/avfuktare\/badrum\/woods-mdx14\/","title":{"rendered":"Wood&#8217;s MDX14"},"content":{"rendered":"<h2>Wood&#8217;s MDX14<\/h2>\n<h3>Optimal l\u00f6sning f\u00f6r badrum och andra sm\u00e5 utrymmen<\/h3>\n<p>Badrum med dusch \u00e4r det mest fuktutsatta utrymmet i hemmet och det kan l\u00e4tt orsaka d\u00e5lig lukt och m\u00f6gelp\u00e5v\u00e4xt. Wood\u2019s MDX14 arbetar tyst och effektivt f\u00f6r att bibeh\u00e5lla en optimal luftfuktighet, vilket minskar risken f\u00f6r m\u00f6gelskador, lukter och f\u00f6rb\u00e4ttrar luftkvaliteten. Tack vare sitt topputbl\u00e5s kan MDX14 \u00e4ven torka mindre m\u00e4ngder tv\u00e4tt och h\u00e5lla handdukar torra och fr\u00e4scha och \u00e4r perfekt f\u00f6r badrum d\u00e4r utrymmet ofta \u00e4r begr\u00e4nsat. Den smidiga storleken, den l\u00e4tta vikten och den l\u00e5ga ljudniv\u00e5n g\u00f6r den perfekt \u00e4ven f\u00f6r andra sm\u00e5 fuktiga utrymmen som husvagn, husbil eller mindre sovrum.   <\/p>\n<h3>Viktiga egenskaper:<\/h3>\n\n<h3>Anv\u00e4ndarv\u00e4nlig och flexibel<\/h3>\n<p>MDX14 \u00e4r enkel att hantera med intuitiva kontroller och flera driftsl\u00e4gen som l\u00e5ter dig anpassa avfuktningen efter behov. Den \u00e4r utrustad med en 1,5-liters vattentank med m\u00f6jlighet till slanganslutning f\u00f6r kontinuerlig dr\u00e4nering, vilket g\u00f6r underh\u00e5llet smidigt. Den \u00e4r ocks\u00e5 v\u00e4ldigt l\u00e4tt att flytta runt tack vare sin smidiga storlek och det praktiska handtaget.  <\/p>\n<h3>Energieffektiv och milj\u00f6v\u00e4nlig<\/h3>\n<p>Wood\u2019s MDX14 har k\u00f6ldmediet R290, vilket \u00e4r milj\u00f6v\u00e4nligt och energieffektivt. Det s\u00e4kerst\u00e4ller l\u00e5g energif\u00f6rbrukning utan att kompromissa med prestanda. <\/p>\n<h3>Smidig och p\u00e5litlig<\/h3>\n<p>Avfuktaren arbetar till inst\u00e4lld fuktniv\u00e5 och st\u00e4nger automatiskt av sig vid temperaturer under 5\u00b0C. Med MDX14 f\u00e5r du en kompakt, effektiv och l\u00e4ttsk\u00f6tt l\u00f6sning som passar perfekt f\u00f6r att h\u00e5lla badrum och andra mindre utrymmen fr\u00e4scha och fria fr\u00e5n fukt \u00e5ret runt. <\/p>\n<h3>F\u00f6rl\u00e4ng din garanti<\/h3>\n<p>Genom att registrera MDX14 p\u00e5 <a href=\"https:\/\/warranty-woods.com\">warranty-woods.com<\/a> f\u00f6rl\u00e4nger du garantin fr\u00e5n 2 till 3 \u00e5r.<\/p>\n<p>V\u00e4lj Wood\u2019s MDX14 f\u00f6r en smidig och p\u00e5litlig l\u00f6sning till ditt badrum eller andra sm\u00e5 utrymmen och skydda ditt hem och njut av ett b\u00e4ttre inomhusklimat!<\/p>\n","protected":false},"excerpt":{"rendered":"<p>Wood\u2019s MDX14 \u00e4r en kompakt, effektiv och tyst avfuktare, perfekt f\u00f6r badrum och andra sm\u00e5 utrymmen. Den h\u00e5ller ditt badrum fritt fr\u00e5n fukt, minskar m\u00f6gelrisk och h\u00e5ller luftkvaliteten p\u00e5 topp. Tack vare topputbl\u00e5set kan MDX14 \u00e4ven torka handdukar och mindre m\u00e4ngder tv\u00e4tt, och \u00e4r idealisk d\u00e4r utrymmet \u00e4r begr\u00e4nsat. Anv\u00e4ndarv\u00e4nlig med intuitiva kontroller och m\u00f6jligheten till kontinuerlig dr\u00e4nering \u00e4r MDX14 det perfekta valet f\u00f6r ett fr\u00e4schare hem.   <\/p>\n","protected":false},"featured_media":42018,"template":"","meta":{"_acf_changed":false},"product_brand":[],"product_cat":[336,4755],"product_tag":[1352,1238],"class_list":{"0":"post-42328","1":"product","2":"type-product","3":"status-publish","4":"has-post-thumbnail","6":"product_cat-avfuktare","7":"product_cat-badrum","8":"product_tag-badrum","9":"product_tag-mindre-utrymmen","10":"product_shipping_class-high","11":"splide__slide","13":"first","14":"outofstock","15":"taxable","16":"shipping-taxable","17":"purchasable","18":"product-type-simple"},"acf":[],"_links":{"self":[{"href":"https:\/\/woods.se\/sv\/wp-json\/wp\/v2\/product\/42328","targetHints":{"allow":["GET"]}}],"collection":[{"href":"https:\/\/woods.se\/sv\/wp-json\/wp\/v2\/product"}],"about":[{"href":"https:\/\/woods.se\/sv\/wp-json\/wp\/v2\/types\/product"}],"wp:featuredmedia":[{"embeddable":true,"href":"https:\/\/woods.se\/sv\/wp-json\/wp\/v2\/media\/42018"}],"wp:attachment":[{"href":"https:\/\/woods.se\/sv\/wp-json\/wp\/v2\/media?parent=42328"}],"wp:term":[{"taxonomy":"product_brand","embeddable":true,"href":"https:\/\/woods.se\/sv\/wp-json\/wp\/v2\/product_brand?post=42328"},{"taxonomy":"product_cat","embeddable":true,"href":"https:\/\/woods.se\/sv\/wp-json\/wp\/v2\/product_cat?post=42328"},{"taxonomy":"product_tag","embeddable":true,"href":"https:\/\/woods.se\/sv\/wp-json\/wp\/v2\/product_tag?post=42328"}],"curies":[{"name":"wp","href":"https:\/\/api.w.org\/{rel}","templated":true}]}}