{"id":41540,"date":"2024-12-10T15:03:27","date_gmt":"2024-12-10T14:03:27","guid":{"rendered":"https:\/\/stage.woods.se\/?post_type=product&#038;p=41540"},"modified":"2026-04-21T14:37:42","modified_gmt":"2026-04-21T12:37:42","slug":"woos-al310","status":"publish","type":"product","link":"https:\/\/woods.se\/sv\/produkter\/luftrenare\/woos-al310\/","title":{"rendered":"Wood&#8217;s AL 310"},"content":{"rendered":"<h2>Wood&#8217;s AL 310<\/h2>\n<h3>Utn\u00e4mnd till b\u00e4sta luftrenaren 2025<\/h3>\n<p>Wood&#8217;s AL 310 \u00e4r inte bara en luftrenare, det \u00e4r en l\u00f6sning f\u00f6r en h\u00e4lsosammare inomhusmilj\u00f6. Den \u00e4r perfekt f\u00f6r dig som lider av allergier och astma eller helt enkelt vill andas renare luft. Den h\u00e4r modellen har utsetts till b\u00e4st i test av RISE p\u00e5 uppdrag av Villalivet och fick h\u00f6gsta betyg i kategorierna b\u00e4sta reningskapacitet, l\u00e5g energif\u00f6rbrukning och tyst drift. AL 310 renar snabbt och tyst luften i ditt hem utan att p\u00e5verka din elr\u00e4kning. Det patenterade HEPA-filtret bidrar till en reningsgrad p\u00e5 99,97% och avl\u00e4gsnar effektivt partiklar som pollen, damm, m\u00f6gelsporer och andra allergener.    <\/p>\n<h3>N\u00e4r beh\u00f6ver du en luftrenare?<\/h3>\n<p>Luften i v\u00e5ra hem \u00e4r ofta mycket mer f\u00f6rorenad \u00e4n luften utanf\u00f6r. Det beror p\u00e5 att vi tar med oss luftburna partiklar som pollen, avgaser och damm in i v\u00e5ra hem, d\u00e4r de sedan cirkulerar. Med tanke p\u00e5 att de flesta m\u00e4nniskor tillbringar 90% av sin tid inomhus p\u00e5verkas v\u00e5rt v\u00e4lbefinnande av v\u00e5r inomhusluft, vilket inneb\u00e4r att alla verkligen beh\u00f6ver en luftrenare i sitt hem.  <\/p>\n<h3>Rekommenderade anv\u00e4ndningsomr\u00e5den:<\/h3>\n<p><strong>Luftrenare minskar pollenallergier och ger lindring dygnet runt: <\/strong>Pollenallergier kan g\u00f6ra vardagen sv\u00e5r, s\u00e4rskilt inomhus d\u00e4r luftburna allergener ansamlas och f\u00f6rv\u00e4rrar symtomen. Wood&#8217;s AL 310 f\u00e5ngar effektivt upp pollen och andra allergener, vilket skapar en partikelfri zon i ditt hem. Genom att anv\u00e4nda en luftrenare i sovrummet eller p\u00e5 platser d\u00e4r vi tillbringar mest tid f\u00e5r kroppen tid att \u00e5terh\u00e4mta sig, vilket lindrar allergiska symtom p\u00e5 kort sikt och f\u00f6rdr\u00f6jer dem dagen efter.<strong><br \/>\nDen perfekta luftrenaren f\u00f6r kontor och arbetsplatser<\/strong>: D\u00e5lig luftkvalitet kan p\u00e5verka koncentrationen och minska effektiviteten med upp till 15% p\u00e5 arbetsplatser. Genom att anv\u00e4nda en luftrenare p\u00e5 kontoret minskar du risken f\u00f6r huvudv\u00e4rk, tr\u00f6tthet och sjukfr\u00e5nvaro genom att filtrera bort damm, pollen och andra skadliga luftf\u00f6roreningar.<br \/>\n<strong>En luftrenare skyddar barns k\u00e4nsliga luftv\u00e4gar:<\/strong> Barn har k\u00e4nsligare lungor och ett outvecklat immunf\u00f6rsvar, vilket g\u00f6r dem mer mottagliga f\u00f6r skadliga partiklar. F\u00f6r barnfamiljer kan en luftrenare som Wood&#8217;s AL 310 g\u00f6ra stor skillnad genom att eliminera skadliga luftburna partiklar. <\/p>\n<h3>Hur fungerar en luftrenare fr\u00e5n Wood\u2019s?<\/h3>\n<p>En luftrenare fr\u00e5n Wood\u2019s anv\u00e4nder avancerad joniseringsteknik och h\u00f6gpresterande HEPA-filter f\u00f6r att effektivt rena luften fr\u00e5n skadliga partiklar som pollen, damm och allergener.<\/p>\n<p><img loading=\"lazy\" decoding=\"async\" class=\"alignnone wp-image-40680 size-medium\" src=\"https:\/\/woods.se\/wp-content\/uploads\/2024\/12\/illustration-400px-249x300.jpeg\" alt=\"\" width=\"249\" height=\"300\" srcset=\"https:\/\/woods.se\/wp-content\/uploads\/2024\/12\/illustration-400px-249x300.jpeg 249w, https:\/\/woods.se\/wp-content\/uploads\/2024\/12\/illustration-400px-374x450.jpeg 374w, https:\/\/woods.se\/wp-content\/uploads\/2024\/12\/illustration-400px.jpeg 400w\" sizes=\"auto, (max-width: 249px) 100vw, 249px\" \/><\/p>\n<h3><strong>Jonisering g\u00f6r partiklarna l\u00e4ttare att f\u00e5nga<\/strong><\/h3>\n<p>\u2013 Luften sugs in genom en tyst och energisn\u00e5l fl\u00e4kt.<br \/>\n\u2013 Luftpartiklarna f\u00e5r en svag positiv laddning, vilket g\u00f6r att de klumpar ihop sig och dras till filtret som en magnet, d\u00e5 det \u00e4r negativt laddat.<\/p>\n<p><img loading=\"lazy\" decoding=\"async\" class=\"alignnone wp-image-40687 size-medium\" src=\"https:\/\/woods.se\/wp-content\/uploads\/2024\/12\/activeionhepa_400px2-300x300.jpeg\" alt=\"\" width=\"300\" height=\"300\" srcset=\"https:\/\/woods.se\/wp-content\/uploads\/2024\/12\/activeionhepa_400px2-300x300.jpeg 300w, https:\/\/woods.se\/wp-content\/uploads\/2024\/12\/activeionhepa_400px2-150x150.jpeg 150w, https:\/\/woods.se\/wp-content\/uploads\/2024\/12\/activeionhepa_400px2-100x100.jpeg 100w, https:\/\/woods.se\/wp-content\/uploads\/2024\/12\/activeionhepa_400px2.jpeg 400w\" sizes=\"auto, (max-width: 300px) 100vw, 300px\" \/><\/p>\n<h3><strong>Patenterad och svensktillverkad Active ION HEPA-filter<\/strong><\/h3>\n<p>\u2013 Tack vare den patenterade tekniken kan Active ION HEPA filtren vara glesare \u00e4n traditionella HEPA filter och \u00e4nd\u00e5 uppn\u00e5 samma h\u00f6ga reningsgrad.<br \/>\n\u2013 Filtret \u00e4r konstruerat av m\u00e5nga lager veckat filtermedia. Det ger en v\u00e4ldigt stor total filterarea och en exceptionell filtreringskapacitet.<br \/>\n&#8211; Denna teknik g\u00f6r att all luft renas, ingen luft riskerar att passera ofiltrerad.<\/p>\n<h3>Wood&#8217;s AL 310 avl\u00e4gsnar snabbt och effektivt pollenpartiklar<\/h3>\n<p>Wood&#8217;s AL 310 kombinerar h\u00f6g prestanda med energieffektivitet f\u00f6r att ge dig renare luft p\u00e5 ett smart och h\u00e5llbart s\u00e4tt. Wood&#8217;s AL 310 har en Clean Air Delivery Rate (CADR) p\u00e5 274 m\u00b3\/h f\u00f6r pollen, vilket inneb\u00e4r att den effektivt renar 274 kubikmeter luft per timme fr\u00e5n pollenpartiklar, vilket \u00e4r en stor f\u00f6rdel f\u00f6r allergiker.<br \/>\nF\u00f6rutom sin kraftfulla rening \u00e4r AL 310 ocks\u00e5 energieffektiv med en CADR\/Watt p\u00e5 13,0, vilket inneb\u00e4r att du f\u00e5r maximalt med ren luft per f\u00f6rbrukad watt energi. Det g\u00f6r den till ett smart val f\u00f6r b\u00e5de milj\u00f6n och din pl\u00e5nbok. Kombinationen av h\u00f6g reningskapacitet och l\u00e5g energif\u00f6rbrukning g\u00f6r AL 310 till en optimal luftrenare f\u00f6r allergiker, barnfamiljer och alla som vill ha en sundare inomhusmilj\u00f6.   <\/p>\n<p><img loading=\"lazy\" decoding=\"async\" class=\"alignnone wp-image-40673 size-medium\" src=\"https:\/\/woods.se\/wp-content\/uploads\/2024\/12\/aham-intertek-300x120.jpeg\" alt=\"\" width=\"300\" height=\"120\" srcset=\"https:\/\/woods.se\/wp-content\/uploads\/2024\/12\/aham-intertek-300x120.jpeg 300w, https:\/\/woods.se\/wp-content\/uploads\/2024\/12\/aham-intertek-1024x410.jpeg 1024w, https:\/\/woods.se\/wp-content\/uploads\/2024\/12\/aham-intertek-768x307.jpeg 768w, https:\/\/woods.se\/wp-content\/uploads\/2024\/12\/aham-intertek-500x200.jpeg 500w, https:\/\/woods.se\/wp-content\/uploads\/2024\/12\/aham-intertek-1400x560.jpeg 1400w, https:\/\/woods.se\/wp-content\/uploads\/2024\/12\/aham-intertek-700x280.jpeg 700w, https:\/\/woods.se\/wp-content\/uploads\/2024\/12\/aham-intertek-600x240.jpeg 600w, https:\/\/woods.se\/wp-content\/uploads\/2024\/12\/aham-intertek.jpeg 1417w\" sizes=\"auto, (max-width: 300px) 100vw, 300px\" \/><\/p>\n<h3>Luftrenare avl\u00e4gsnar avgaser, r\u00f6k och lukter med ett extra kolfilter<\/h3>\n<p>Avgaser, cigarettr\u00f6k och matos \u00e4r vanliga problem som p\u00e5verkar inomhusluften. F\u00f6r att effektivt filtrera bort gaser, lukter och kemiska f\u00f6roreningar beh\u00f6ver du l\u00e4gga till ett kolfilter till din luftrenare. Wood&#8217;s Chem Control kolfilter, som passar ELFI 300, AL 310 och GRAN 900, har h\u00f6g koldensitet f\u00f6r maximal effekt och l\u00e5ng h\u00e5llbarhet.  <\/p>\n<h3>Registrera din luftrenare och f\u00e5 f\u00f6rl\u00e4ngd garanti<\/h3>\n<p>Genom att registrera din produkt p\u00e5 <a href=\"https:\/\/warranty-woods.com\">warranty-woods.com<\/a> och byta ut filtret var sj\u00e4tte m\u00e5nad f\u00e5r du marknadens l\u00e4ngsta garanti p\u00e5 10 \u00e5r. N\u00e4r du registrerar dig f\u00e5r du ocks\u00e5 p\u00e5minnelser n\u00e4r det \u00e4r dags att byta ut filtret. Genom att byta ut filtret regelbundet f\u00f6rl\u00e4nger du livsl\u00e4ngden p\u00e5 din luftrenare och ser till att dess reningskapacitet f\u00f6rblir p\u00e5 h\u00f6gsta niv\u00e5. Dammsug aldrig filtret, d\u00e5 sprids m\u00f6gelsporer och andra skadliga partiklar tillbaka in i rummet.   <\/p>\n<p>Med Wood&#8217;s AL 310 f\u00e5r du en kraftfull, snygg och energieffektiv luftrenare som f\u00f6rb\u00e4ttrar din livskvalitet. Oavsett om du har allergier, sm\u00e5 barn eller vill ha en h\u00e4lsosammare arbetsmilj\u00f6 \u00e4r det h\u00e4r den ultimata l\u00f6sningen f\u00f6r renare luft, varje dag. <\/p>\n<p>Om du vill ha en modell som automatiskt meddelar dig n\u00e4r det \u00e4r dags att byta filter ska du kolla in <a href=\"https:\/\/woods.se\/sv\/produkter\/luftrenare\/woods-al-310fc\/\">Wood&#8217;s AL 310FC<\/a>.<\/p>\n","protected":false},"excerpt":{"rendered":"<p>D\u00e5lig luftkvalitet inomhus \u00e4r ett osynligt problem som p\u00e5verkar h\u00e4lsan negativt. Pollen, damm och luftf\u00f6roreningar kan orsaka allergier, tr\u00f6tthet och koncentrationssv\u00e5righeter. Wood&#8217;s AL 310 avl\u00e4gsnar snabbt och effektivt pollen och damm, vilket g\u00f6r den idealisk f\u00f6r allergiker och kontor som beh\u00f6ver en h\u00e4lsosam inomhusmilj\u00f6. Wood&#8217;s AL 310 vann 2025-testet tack vare sin h\u00f6ga reningsgrad (99,97 %), energieffektivitet och tysta drift. Wood&#8217;s AL 310 tillverkas i Sverige och levereras med en garanti p\u00e5 upp till 10 \u00e5r.    <\/p>\n","protected":false},"featured_media":39955,"template":"","meta":{"_acf_changed":false},"product_brand":[],"product_cat":[4781,4783,4780,4782,335,2529],"product_tag":[343,349,3006,3008,3001,3007,342,348],"class_list":{"0":"post-41540","1":"product","2":"type-product","3":"status-publish","4":"has-post-thumbnail","6":"product_cat-for-barnrum","7":"product_cat-for-kontor","8":"product_cat-for-sovrum","9":"product_cat-for-vardagsrum","10":"product_cat-luftrenare","11":"product_cat-villaagarna","12":"product_tag-barnrum","13":"product_tag-kontor","14":"product_tag-luftrenare-for-barnrum","15":"product_tag-luftrenare-for-kontor","16":"product_tag-luftrenare-for-sovrum","17":"product_tag-luftrenare-for-vardagsrum","18":"product_tag-sovrum","19":"product_tag-vardagsrum","20":"product_shipping_class-al-310","21":"splide__slide","23":"first","24":"instock","25":"taxable","26":"shipping-taxable","27":"purchasable","28":"product-type-simple"},"acf":[],"_links":{"self":[{"href":"https:\/\/woods.se\/sv\/wp-json\/wp\/v2\/product\/41540","targetHints":{"allow":["GET"]}}],"collection":[{"href":"https:\/\/woods.se\/sv\/wp-json\/wp\/v2\/product"}],"about":[{"href":"https:\/\/woods.se\/sv\/wp-json\/wp\/v2\/types\/product"}],"wp:featuredmedia":[{"embeddable":true,"href":"https:\/\/woods.se\/sv\/wp-json\/wp\/v2\/media\/39955"}],"wp:attachment":[{"href":"https:\/\/woods.se\/sv\/wp-json\/wp\/v2\/media?parent=41540"}],"wp:term":[{"taxonomy":"product_brand","embeddable":true,"href":"https:\/\/woods.se\/sv\/wp-json\/wp\/v2\/product_brand?post=41540"},{"taxonomy":"product_cat","embeddable":true,"href":"https:\/\/woods.se\/sv\/wp-json\/wp\/v2\/product_cat?post=41540"},{"taxonomy":"product_tag","embeddable":true,"href":"https:\/\/woods.se\/sv\/wp-json\/wp\/v2\/product_tag?post=41540"}],"curies":[{"name":"wp","href":"https:\/\/api.w.org\/{rel}","templated":true}]}}