{"id":41536,"date":"2024-12-10T14:13:17","date_gmt":"2024-12-10T13:13:17","guid":{"rendered":"https:\/\/stage.woods.se\/?post_type=product&#038;p=41536"},"modified":"2026-03-17T14:29:26","modified_gmt":"2026-03-17T13:29:26","slug":"woods-sw59fw","status":"publish","type":"product","link":"https:\/\/woods.se\/sv\/produkter\/avfuktare\/woods-sw59fw\/","title":{"rendered":"Wood&#8217;s SW59FW"},"content":{"rendered":"<h2>Wood&#8217;s SW59FW (vit)<\/h2>\n<h3>Kraftfull avfuktare f\u00f6r stora k\u00e4llare och sanering<\/h3>\n<p>Wood&#8217;s SW59FW \u00e4r den ultimata l\u00f6sningen f\u00f6r att snabbt eliminera fukt, m\u00f6gel och d\u00e5lig lukt i stora, kalla utrymmen som k\u00e4llare och garage. Med en imponerande kapacitet p\u00e5 upp till 41 liter fukt per dag och ett luftfl\u00f6de p\u00e5 290 m\u00b3\/h, \u00e4r SW59FW den mest kraftfulla och energieffektiva avfuktaren i SW-serien, d\u00e5 den med sin kapacitet beh\u00f6ver arbeta mindre f\u00f6r att l\u00f6sa samma problem. Den h\u00f6ga kapaciteten g\u00f6r ocks\u00e5 att den passar perfekt \u00e4ven vid sanering efter vattenl\u00e4ckor och \u00f6versv\u00e4mning.  <\/p>\n<h3>Rekommenderade anv\u00e4ndningsomr\u00e5den:<\/h3>\n<p><strong>K\u00e4llare: <\/strong>SW59FW s\u00e4kerst\u00e4ller en torr och s\u00e4ker milj\u00f6, fri fr\u00e5n fukt och m\u00f6gel, och g\u00f6r det m\u00f6jligt att anv\u00e4nda utrymmet f\u00f6r b\u00e5de f\u00f6rvaring och bostadsytor.<br \/>\n<strong>Garage och andra kalla utrymmen: <\/strong>Den skyddar fordon och verktyg och h\u00e5ller dem fria fr\u00e5n fukt och korrosion \u00e5ret runt, \u00e4ven under vintern.<br \/>\n<strong>\u00c5terst\u00e4llning efter vattenskador: <\/strong>Idealisk f\u00f6r snabb \u00e5terst\u00e4llning av \u00f6versv\u00e4mmade utrymmen. Den h\u00f6ga kapaciteten g\u00f6r den idealisk f\u00f6r professionellt bruk. <\/p>\n<h3>Viktiga egenskaper:<\/h3>\n\n<h3>H\u00f6g kapacitet och luftfl\u00f6de f\u00f6r effektiv cirkulation<\/h3>\n<p>Med sin mycket h\u00f6ga avfuktningskapacitet p\u00e5 upp till 41 liter per dag och kraftfulla luftfl\u00f6de p\u00e5 upp till 300 m3 i timmen, tar SW59FW effektivt hand om fukten i alla delar av stora och uppdelade rum. Detta s\u00e4kerst\u00e4ller en j\u00e4mn avfuktning som f\u00f6rhindrar fuktrelaterade skador och d\u00e5lig lukt. <\/p>\n<h3>Enkel anv\u00e4ndning och anpassningsbara funktioner<\/h3>\n<p>SW59FW \u00e4r utformad med anv\u00e4ndarv\u00e4nlighet i \u00e5tanke. Den rymliga 11,4-liters vattenbeh\u00e5llaren minskar behovet av frekventa t\u00f6mningar, och maskinen st\u00e4ngs automatiskt av n\u00e4r beh\u00e5llaren \u00e4r full. F\u00f6r kontinuerlig drift kan du enkelt ansluta en tr\u00e4dg\u00e5rdsslang (slang ing\u00e5r ej) direkt till avloppet, vilket g\u00f6r underh\u00e5llet minimalt. Du kan med f\u00f6rdel ocks\u00e5 v\u00e4lja att placera avfuktaren direkt ovanf\u00f6r en golvbrunn. F\u00f6r extra trygghet startar SW59FW automatiskt efter ett str\u00f6mavbrott och enheten \u00e5terg\u00e5r till sina senaste inst\u00e4llningar f\u00f6r att s\u00e4kerst\u00e4lla att fuktkontrollen inte stannar upp f\u00f6r l\u00e4nge. SW59FW justerar sig automatiskt efter den \u00f6nskade luftfuktigheten och aktiveras eller st\u00e4ngs av vid behov.     <\/p>\n<h3>Smart m\u00f6gel- och dammfilter<\/h3>\n<p>SW59FW \u00e4r utrustad med Woods SMF-filter som effektivt f\u00e5ngar upp damm och m\u00f6gelpartiklar i luften, vilket h\u00e5ller dina utrymmen fria fr\u00e5n fukt, m\u00f6gel och lukter \u00e5ret om. Dessutom skyddar filtret avfuktaren och g\u00f6r att den h\u00e5ller l\u00e4ngre. <\/p>\n<h3>Effektivt \u00e5ret runt, \u00e4ven vid l\u00e5ga temperaturer<\/h3>\n<p>Tack vare det innovativa i-EcoDefrost-systemet \u00e4r SW59FW mycket effektiv \u00e4ven vid l\u00e5ga temperaturer, \u00e4nda ner till +2\u00b0C och \u00e4nda upp till +35\u00b0C. Det g\u00f6r den idealisk f\u00f6r utrymmen som kr\u00e4ver fuktkontroll \u00e5ret om, oavsett v\u00e4derf\u00f6rh\u00e5llanden. <\/p>\n<h3>Byggd f\u00f6r att h\u00e5lla<\/h3>\n<p>Tillverkad i Sverige, \u00e4r SW59FW byggd f\u00f6r att klara tuffa f\u00f6rh\u00e5llanden. Det robusta metallh\u00f6ljet och h\u00f6gkvalitativa komponenter garanterar l\u00e5ngvarig prestanda, \u00e4ven under kr\u00e4vande f\u00f6rh\u00e5llanden. SW59FW \u00e4r framtagen f\u00f6r att klara kontinuerlig drift, vilket inneb\u00e4r att den tryggt kan vara i g\u00e5ng utan avbrott, dag som natt.  <\/p>\n<h3>L\u00e5ng garanti p\u00e5 upp till 6 \u00e5r<\/h3>\n<p>Registrera din avfuktare p\u00e5 <a href=\"https:\/\/warranty-woods.com\">warranty.woods.se<\/a> och byt filter en g\u00e5ng per \u00e5r f\u00f6r en f\u00f6rl\u00e4ngd garanti upp till 6 \u00e5r. Du f\u00e5r ocks\u00e5 p\u00e5minnelser n\u00e4r det \u00e4r dags att byta filter, s\u00e5 att din SW59FW alltid fungerar som b\u00e4st och h\u00e5ller i m\u00e5nga \u00e5r fram\u00f6ver. <\/p>\n<p>Med Wood&#8217;s SW59FW f\u00e5r du en p\u00e5litlig och effektiv l\u00f6sning f\u00f6r att h\u00e5lla dina utrymmen torra, h\u00e4lsosamma och fria fr\u00e5n fukt \u00e5ret runt.<\/p>\n<p><iframe loading=\"lazy\" title=\"Instruction video - Wood&#039;s SW59FW (English)\" width=\"500\" height=\"281\" src=\"https:\/\/www.youtube.com\/embed\/o9wQVy1S6lU?feature=oembed\" frameborder=\"0\" allow=\"accelerometer; autoplay; clipboard-write; encrypted-media; gyroscope; picture-in-picture; web-share\" referrerpolicy=\"strict-origin-when-cross-origin\" allowfullscreen><\/iframe><\/p>\n","protected":false},"excerpt":{"rendered":"<p>Wood&#8217;s SW59FW \u00e4r SW-seriens mest kraftfulla och energieffektiva avfuktare och tar bort upp till 41 liter fukt per dag. Den \u00e4r idealisk f\u00f6r storskalig fuktkontroll, inklusive sanering efter \u00f6versv\u00e4mningar och vattenl\u00e4ckor. Den \u00e4r effektiv \u00e4ven vid l\u00e5ga temperaturer, har en kraftfull prestanda som kan vara ig\u00e5ng dygnet runt och en anv\u00e4ndarv\u00e4nlig design vilket g\u00f6r den perfekt f\u00f6r kontinuerlig drift. Tillverkad i Sverige med upp till 6 \u00e5rs garanti.   <\/p>\n","protected":false},"featured_media":39162,"template":"","meta":{"_acf_changed":false},"product_brand":[],"product_cat":[336,4726,2529],"product_tag":[347,341,350,340],"class_list":{"0":"post-41536","1":"product","2":"type-product","3":"status-publish","4":"has-post-thumbnail","6":"product_cat-avfuktare","7":"product_cat-kallare","8":"product_cat-villaagarna","9":"product_tag-garage-sv","10":"product_tag-kallare","11":"product_tag-sanera","12":"product_tag-vind","13":"product_shipping_class-sweden-very-high","14":"splide__slide","16":"first","17":"instock","18":"taxable","19":"shipping-taxable","20":"purchasable","21":"product-type-simple"},"acf":[],"_links":{"self":[{"href":"https:\/\/woods.se\/sv\/wp-json\/wp\/v2\/product\/41536","targetHints":{"allow":["GET"]}}],"collection":[{"href":"https:\/\/woods.se\/sv\/wp-json\/wp\/v2\/product"}],"about":[{"href":"https:\/\/woods.se\/sv\/wp-json\/wp\/v2\/types\/product"}],"wp:featuredmedia":[{"embeddable":true,"href":"https:\/\/woods.se\/sv\/wp-json\/wp\/v2\/media\/39162"}],"wp:attachment":[{"href":"https:\/\/woods.se\/sv\/wp-json\/wp\/v2\/media?parent=41536"}],"wp:term":[{"taxonomy":"product_brand","embeddable":true,"href":"https:\/\/woods.se\/sv\/wp-json\/wp\/v2\/product_brand?post=41536"},{"taxonomy":"product_cat","embeddable":true,"href":"https:\/\/woods.se\/sv\/wp-json\/wp\/v2\/product_cat?post=41536"},{"taxonomy":"product_tag","embeddable":true,"href":"https:\/\/woods.se\/sv\/wp-json\/wp\/v2\/product_tag?post=41536"}],"curies":[{"name":"wp","href":"https:\/\/api.w.org\/{rel}","templated":true}]}}