{"id":41531,"date":"2024-12-10T14:10:42","date_gmt":"2024-12-10T13:10:42","guid":{"rendered":"https:\/\/stage.woods.se\/?post_type=product&#038;p=41531"},"modified":"2026-03-05T13:28:51","modified_gmt":"2026-03-05T12:28:51","slug":"woods-sw59fm","status":"publish","type":"product","link":"https:\/\/woods.se\/sv\/produkter\/avfuktare\/kallare\/woods-sw59fm\/","title":{"rendered":"Wood&#8217;s SW59FM"},"content":{"rendered":"<h2>Wood&#8217;s SW59FM (metallic)<\/h2>\n<h3>Kraftfull avfuktare f\u00f6r stora k\u00e4llare och sanering<\/h3>\n<p>Woods SW59FM \u00e4r den ultimata l\u00f6sningen f\u00f6r att snabbt eliminera fukt, m\u00f6gel och d\u00e5lig lukt i stora, kalla utrymmen som k\u00e4llare och garage. Med en imponerande kapacitet p\u00e5 upp till 41 liter fukt per dag och ett luftfl\u00f6de p\u00e5 300 m\u00b3\/h \u00e4r SW59FM den mest kraftfulla och energieffektiva avfuktaren i SW-serien, eftersom dess kapacitet inneb\u00e4r att den beh\u00f6ver arbeta mindre f\u00f6r att l\u00f6sa samma problem. Den h\u00f6ga kapaciteten g\u00f6r den ocks\u00e5 idealisk f\u00f6r att hantera problem efter vattenl\u00e4ckor och \u00f6versv\u00e4mningar.  <\/p>\n<h3>Rekommenderade anv\u00e4ndningsomr\u00e5den:<\/h3>\n<p><strong>K\u00e4llare: <\/strong>SW59FM s\u00e4kerst\u00e4ller en torr och s\u00e4ker milj\u00f6, fri fr\u00e5n fukt och m\u00f6gel, och g\u00f6r att utrymmet kan anv\u00e4ndas b\u00e5de f\u00f6r f\u00f6rvaring och som bostadsutrymme.<br \/>\n<strong>Garage och andra kalla utrymmen: <\/strong>Den skyddar fordon och verktyg och h\u00e5ller dem fria fr\u00e5n fukt och korrosion \u00e5ret runt, \u00e4ven under vintern.<br \/>\n<strong>\u00c5terst\u00e4llning efter vattenskador: <\/strong>Idealisk f\u00f6r snabb \u00e5terst\u00e4llning av \u00f6versv\u00e4mmade utrymmen. Den h\u00f6ga kapaciteten g\u00f6r den idealisk f\u00f6r professionellt bruk. <\/p>\n<h3>Viktiga egenskaper:<\/h3>\n\n<h3>H\u00f6g kapacitet och luftfl\u00f6de f\u00f6r effektiv cirkulation<\/h3>\n<p>Med sin mycket h\u00f6ga avfuktningskapacitet p\u00e5 upp till 41 liter per dag och kraftfulla luftfl\u00f6de p\u00e5 upp till 300 m3 per timme tar SW59FM effektivt hand om fukten i alla delar av stora och uppdelade rum. Detta s\u00e4kerst\u00e4ller en j\u00e4mn avfuktning, vilket f\u00f6rhindrar fuktrelaterade skador och d\u00e5lig lukt. <\/p>\n<h3>Enkel anv\u00e4ndning och anpassningsbara funktioner<\/h3>\n<p>SW59FM \u00e4r utformad med anv\u00e4ndarv\u00e4nlighet i \u00e5tanke. Den rymliga vattentanken p\u00e5 11,4 liter minskar behovet av frekvent t\u00f6mning, och maskinen st\u00e4ngs automatiskt av n\u00e4r tanken \u00e4r full. F\u00f6r kontinuerlig drift kan du enkelt ansluta en tr\u00e4dg\u00e5rdsslang (slang ing\u00e5r ej) direkt till avloppet, vilket minimerar underh\u00e5llet. Du kan ocks\u00e5 v\u00e4lja att placera avfuktaren direkt ovanf\u00f6r ett golvavlopp. F\u00f6r extra trygghet sl\u00e5s SW59FM automatiskt p\u00e5 efter ett str\u00f6mavbrott och enheten \u00e5terg\u00e5r till sina senaste inst\u00e4llningar f\u00f6r att s\u00e4kerst\u00e4lla att fuktkontrollen inte stannar f\u00f6r l\u00e4nge. SW59FM anpassar sig automatiskt till \u00f6nskad fuktighetsniv\u00e5 och sl\u00e5s p\u00e5 eller av efter behov.     <\/p>\n<h3>Smart m\u00f6gel- och dammfilter<\/h3>\n<p>SW59FM \u00e4r utrustad med Wood&#8217;s SMF-filter som effektivt f\u00e5ngar upp damm och m\u00f6gelpartiklar i luften och h\u00e5ller dina utrymmen fria fr\u00e5n fukt, m\u00f6gel och lukter \u00e5ret runt. Dessutom skyddar filtret avfuktaren och g\u00f6r att den h\u00e5ller l\u00e4ngre. <\/p>\n<h3>Effektivt \u00e5ret runt, \u00e4ven vid l\u00e5ga temperaturer<\/h3>\n<p>Tack vare det innovativa i-EcoDefrost-systemet \u00e4r SW59FM mycket effektiv \u00e4ven vid l\u00e5ga temperaturer, fr\u00e5n +2 \u00b0C till +35 \u00b0C. Detta g\u00f6r den idealisk f\u00f6r utrymmen som kr\u00e4ver fuktkontroll \u00e5ret runt, oavsett v\u00e4derf\u00f6rh\u00e5llanden. <\/p>\n<h3>Byggd f\u00f6r att h\u00e5lla<\/h3>\n<p>SW59FM \u00e4r tillverkad i Sverige och byggd f\u00f6r att t\u00e5la tuffa f\u00f6rh\u00e5llanden. Det robusta metallh\u00f6ljet och komponenterna av h\u00f6g kvalitet garanterar l\u00e5ngvarig prestanda, \u00e4ven under kr\u00e4vande f\u00f6rh\u00e5llanden. SW59FM \u00e4r konstruerad f\u00f6r att t\u00e5la kontinuerlig drift, vilket inneb\u00e4r att den kan k\u00f6ras s\u00e4kert utan avbrott, dag som natt.  <\/p>\n<h3>L\u00e5ng garanti p\u00e5 upp till 6 \u00e5r<\/h3>\n<p>Registrera din avfuktare p\u00e5 <a href=\"https:\/\/warranty-woods.com\">warranty.woods.se<\/a> och byt filter en g\u00e5ng per \u00e5r f\u00f6r en f\u00f6rl\u00e4ngd garanti upp till 6 \u00e5r. Du f\u00e5r ocks\u00e5 p\u00e5minnelser n\u00e4r det \u00e4r dags att byta filter, s\u00e5 att din SW59FM alltid fungerar som b\u00e4st och h\u00e5ller i m\u00e5nga \u00e5r fram\u00f6ver. <\/p>\n<p>Med Wood&#8217;s SW59FM f\u00e5r du en p\u00e5litlig och effektiv l\u00f6sning f\u00f6r att h\u00e5lla dina utrymmen torra, h\u00e4lsosamma och fuktfria \u00e5ret runt.<\/p>\n<p><iframe loading=\"lazy\" title=\"Instruction video - Wood&#039;s SW59FM (English)\" width=\"500\" height=\"281\" src=\"https:\/\/www.youtube.com\/embed\/DoGgS_9A4ms?feature=oembed\" frameborder=\"0\" allow=\"accelerometer; autoplay; clipboard-write; encrypted-media; gyroscope; picture-in-picture; web-share\" referrerpolicy=\"strict-origin-when-cross-origin\" allowfullscreen><\/iframe><\/p>\n","protected":false},"excerpt":{"rendered":"<p>Wood&#8217;s SW59FM \u00e4r den kraftfullaste och mest energieffektiva avfuktaren i SW-serien och tar bort upp till 41 liter fukt per dag. Den \u00e4r idealisk f\u00f6r fuktkontroll i stora utrymmen, inklusive sanering efter \u00f6versv\u00e4mning och vattenl\u00e4ckage. Den \u00e4r effektiv \u00e4ven vid l\u00e5ga temperaturer, har en kraftfull prestanda som kan k\u00f6ras dygnet runt och en anv\u00e4ndarv\u00e4nlig design som g\u00f6r den perfekt f\u00f6r kontinuerlig drift. Tillverkad i Sverige med upp till 6 \u00e5rs garanti.   <\/p>\n","protected":false},"featured_media":39092,"template":"","meta":{"_acf_changed":false},"product_brand":[],"product_cat":[336,4726],"product_tag":[347,341,350,340],"class_list":{"0":"post-41531","1":"product","2":"type-product","3":"status-publish","4":"has-post-thumbnail","6":"product_cat-avfuktare","7":"product_cat-kallare","8":"product_tag-garage-sv","9":"product_tag-kallare","10":"product_tag-sanera","11":"product_tag-vind","12":"product_shipping_class-sweden-very-high","13":"splide__slide","15":"first","16":"instock","17":"taxable","18":"shipping-taxable","19":"purchasable","20":"product-type-simple"},"acf":[],"_links":{"self":[{"href":"https:\/\/woods.se\/sv\/wp-json\/wp\/v2\/product\/41531","targetHints":{"allow":["GET"]}}],"collection":[{"href":"https:\/\/woods.se\/sv\/wp-json\/wp\/v2\/product"}],"about":[{"href":"https:\/\/woods.se\/sv\/wp-json\/wp\/v2\/types\/product"}],"wp:featuredmedia":[{"embeddable":true,"href":"https:\/\/woods.se\/sv\/wp-json\/wp\/v2\/media\/39092"}],"wp:attachment":[{"href":"https:\/\/woods.se\/sv\/wp-json\/wp\/v2\/media?parent=41531"}],"wp:term":[{"taxonomy":"product_brand","embeddable":true,"href":"https:\/\/woods.se\/sv\/wp-json\/wp\/v2\/product_brand?post=41531"},{"taxonomy":"product_cat","embeddable":true,"href":"https:\/\/woods.se\/sv\/wp-json\/wp\/v2\/product_cat?post=41531"},{"taxonomy":"product_tag","embeddable":true,"href":"https:\/\/woods.se\/sv\/wp-json\/wp\/v2\/product_tag?post=41531"}],"curies":[{"name":"wp","href":"https:\/\/api.w.org\/{rel}","templated":true}]}}