{"id":41530,"date":"2025-04-16T08:57:27","date_gmt":"2025-04-16T06:57:27","guid":{"rendered":"https:\/\/stage.woods.se\/?post_type=product&#038;p=41530"},"modified":"2026-03-04T11:34:53","modified_gmt":"2026-03-04T10:34:53","slug":"woods-sw45fb","status":"publish","type":"product","link":"https:\/\/woods.se\/sv\/produkter\/avfuktare\/kallare\/woods-sw45fb\/","title":{"rendered":"Wood&#8217;s SW45FB"},"content":{"rendered":"<h2>Wood&#8217;s SW45FB (svart)<\/h2>\n<h3>Effektiv avfuktare f\u00f6r k\u00e4llare och garage<\/h3>\n<p>Wood&#8217;s SW45FB \u00e4r en kraftfull avfuktare som \u00e4r perfekt f\u00f6r att h\u00e5lla stora, fuktiga utrymmen torra och bekv\u00e4ma. Med sin imponerande kapacitet att avl\u00e4gsna upp till 25 liter fukt per dag och ett effektivt luftfl\u00f6de p\u00e5 315 m\u00b3\/h \u00e4r SW45FB en p\u00e5litlig l\u00f6sning f\u00f6r k\u00e4llare och garage. Den robusta konstruktionen och de innovativa funktionerna g\u00f6r den idealisk f\u00f6r att bek\u00e4mpa fukt, m\u00f6gel och obehagliga lukter, \u00e4ven vid l\u00e5ga temperaturer.  <\/p>\n<h3>Rekommenderade anv\u00e4ndningsomr\u00e5den<\/h3>\n<p><strong>K\u00e4llare:<\/strong> H\u00e5ller hela k\u00e4llaren torr och fri fr\u00e5n m\u00f6gel, perfekt f\u00f6r f\u00f6rvaring eller som extra bostadsyta.<br \/>\n<strong>Garaget:<\/strong> Skyddar fordon och verktyg genom att effektivt h\u00e5lla fukten borta, \u00e5ret runt.<br \/>\nAndra kalla utrymmen: Med stabil fuktkontroll ner till +2\u00b0C, \u00e4r den idealisk f\u00f6r stora f\u00f6rr\u00e5d eller vindar d\u00e4r k\u00e4nsliga f\u00f6rem\u00e5l f\u00f6rvaras.<\/p>\n<h3>Viktiga egenskaper:<\/h3>\n\n<h3>H\u00f6g kapacitet och luftfl\u00f6de f\u00f6r effektiv cirkulation<\/h3>\n<p>Med sin h\u00f6ga avfuktningskapacitet p\u00e5 25 liter per dygn kan SW45FB enkelt hantera stora och uppdelade rum. Det h\u00f6ga luftfl\u00f6det p\u00e5 315 m\u00b3\/h s\u00e4kerst\u00e4ller att varje h\u00f6rn n\u00e5s och h\u00e5lls torrt, vilket minskar risken f\u00f6r fuktrelaterade skador och obehagliga lukter. <\/p>\n<h3>Enkel att anv\u00e4nda och sk\u00f6ta<\/h3>\n<p>SW45FB \u00e4r utrustad med en 11,4-liters vattentank som \u00e4r l\u00e4tt att t\u00f6mma. F\u00f6r \u00e4nnu st\u00f6rre bekv\u00e4mlighet kan du ansluta en slanganslutning f\u00f6r kontinuerlig dr\u00e4nering eller placera avfuktaren direkt ovanf\u00f6r en golvbrunn. Dessutom startar enheten automatiskt efter ett str\u00f6mavbrott, s\u00e5 att luftfuktigheten aldrig avbryts och \u00e5terg\u00e5r till tidigare inst\u00e4llningar. SW45FB \u00f6vervakar luftfuktigheten i rummet och startar och stoppar automatiskt n\u00e4r det beh\u00f6vs.   <\/p>\n<h3>Smart m\u00f6gel- och dammfilter<\/h3>\n<p>SW45FB \u00e4r utrustad med ett Woods SMF-filter som effektivt f\u00e5ngar upp damm- och m\u00f6gelpartiklar i luften, vilket skyddar avfuktaren och f\u00f6rl\u00e4nger dess livsl\u00e4ngd. Detta g\u00f6r den till en s\u00e4ker och l\u00e5ngsiktig l\u00f6sning som h\u00e5ller dina utrymmen fria fr\u00e5n fukt, m\u00f6gel och lukt \u00e5ret runt. <\/p>\n<h3>Effektiv \u00e5ret runt, \u00e4ven vid l\u00e5ga temperaturer<\/h3>\n<p>Tack vare i-EcoDefrost-systemet fungerar SW45FB effektivt ner till +2\u00b0C, vilket g\u00f6r den idealisk f\u00f6r anv\u00e4ndning \u00e4ven i kallare milj\u00f6er. Den \u00e4r ocks\u00e5 konstruerad f\u00f6r kontinuerlig anv\u00e4ndning, vilket g\u00f6r att den kan arbeta s\u00e4kert dygnet runt och h\u00e5lla dina utrymmen fria fr\u00e5n fukt och m\u00f6gel oavsett \u00e5rstid. <\/p>\n<h3>Byggd f\u00f6r att h\u00e5lla<\/h3>\n<p>SW45FB \u00e4r tillverkad i Sverige med h\u00f6gkvalitativa komponenter och ett t\u00e5ligt metallh\u00f6lje och \u00e4r byggd f\u00f6r att klara p\u00e5frestningarna i kr\u00e4vande milj\u00f6er och \u00e4r konstruerad f\u00f6r att fungera \u00e5ret runt, oavsett klimat. Den \u00e4r b\u00e5de energieffektiv och robust, vilket g\u00f6r den till ett l\u00e5ngsiktigt och p\u00e5litligt val f\u00f6r att bek\u00e4mpa fuktproblem i hemmet. <\/p>\n<h3>L\u00e5ng garanti p\u00e5 upp till 6 \u00e5r<\/h3>\n<p>N\u00e4r du registrerar din SW45FB p\u00e5 <a href=\"https:\/\/warranty-woods.com\">warranty.woods.se<\/a> och byter filter \u00e5rligen f\u00e5r du en av marknadens l\u00e4ngsta garantier, upp till 6 \u00e5r. Genom att h\u00e5lla koll p\u00e5 filterbytena f\u00f6rl\u00e4nger du avfuktarens livsl\u00e4ngd och bibeh\u00e5ller dess prestanda p\u00e5 b\u00e4sta s\u00e4tt. Gl\u00f6m inte att spara kvittot n\u00e4r du k\u00f6per filter.  <\/p>\n<p>Med Wood&#8217;s SW45FB f\u00e5r du en kraftfull, energieffektiv och p\u00e5litlig l\u00f6sning p\u00e5 dina fuktproblem, \u00e5ret runt!<\/p>\n<p>&nbsp;<\/p>\n","protected":false},"excerpt":{"rendered":"<p>Wood&#8217;s SW45FB \u00e4r en kraftfull avfuktare som effektivt hanterar fukt, m\u00f6gel och obehagliga lukter i kalla utrymmen som k\u00e4llare och garage. Den avl\u00e4gsnar upp till 25 liter fukt per dygn och har ett h\u00f6gt luftfl\u00f6de, vilket s\u00e4kerst\u00e4ller att alla delar av rummet h\u00e5lls torra. SW45FB \u00e4r en p\u00e5litlig och l\u00e5ngsiktig l\u00f6sning f\u00f6r att h\u00e5lla stora utrymmen fria fr\u00e5n fukt \u00e5ret runt, och \u00e4r \u00e4ven effektiv vid l\u00e5ga temperaturer. Tillverkad i Sverige och med upp till 6 \u00e5rs garanti.   <\/p>\n<p>&nbsp;<\/p>\n","protected":false},"featured_media":39431,"template":"","meta":{"_acf_changed":false},"product_brand":[],"product_cat":[336,4726],"product_tag":[347,341,340],"class_list":{"0":"post-41530","1":"product","2":"type-product","3":"status-publish","4":"has-post-thumbnail","6":"product_cat-avfuktare","7":"product_cat-kallare","8":"product_tag-garage-sv","9":"product_tag-kallare","10":"product_tag-vind","11":"splide__slide","13":"first","14":"instock","15":"taxable","16":"shipping-taxable","17":"product-type-simple"},"acf":[],"_links":{"self":[{"href":"https:\/\/woods.se\/sv\/wp-json\/wp\/v2\/product\/41530","targetHints":{"allow":["GET"]}}],"collection":[{"href":"https:\/\/woods.se\/sv\/wp-json\/wp\/v2\/product"}],"about":[{"href":"https:\/\/woods.se\/sv\/wp-json\/wp\/v2\/types\/product"}],"wp:featuredmedia":[{"embeddable":true,"href":"https:\/\/woods.se\/sv\/wp-json\/wp\/v2\/media\/39431"}],"wp:attachment":[{"href":"https:\/\/woods.se\/sv\/wp-json\/wp\/v2\/media?parent=41530"}],"wp:term":[{"taxonomy":"product_brand","embeddable":true,"href":"https:\/\/woods.se\/sv\/wp-json\/wp\/v2\/product_brand?post=41530"},{"taxonomy":"product_cat","embeddable":true,"href":"https:\/\/woods.se\/sv\/wp-json\/wp\/v2\/product_cat?post=41530"},{"taxonomy":"product_tag","embeddable":true,"href":"https:\/\/woods.se\/sv\/wp-json\/wp\/v2\/product_tag?post=41530"}],"curies":[{"name":"wp","href":"https:\/\/api.w.org\/{rel}","templated":true}]}}