{"id":41528,"date":"2024-10-16T14:24:04","date_gmt":"2024-10-16T12:24:04","guid":{"rendered":"https:\/\/stage.woods.se\/?post_type=product&#038;p=41528"},"modified":"2026-03-06T15:33:40","modified_gmt":"2026-03-06T14:33:40","slug":"woods-sw42fw","status":"publish","type":"product","link":"https:\/\/woods.se\/sv\/produkter\/avfuktare\/kallare\/woods-sw42fw\/","title":{"rendered":"Wood&#8217;s SW42FW"},"content":{"rendered":"<h2>Wood&#8217;s SW42FW (white)<\/h2>\n<h3>Effektiv avfuktare f\u00f6r k\u00e4llare och garage<\/h3>\n<p>Wood\u2019s SW42FW \u00e4r en kraftfull avfuktare, perfekt f\u00f6r att h\u00e5lla stora och fuktiga utrymmen torra och behagliga. Med sin imponerande kapacitet att avl\u00e4gsna upp till 25 liter fukt per dag och ett effektivt luftfl\u00f6de p\u00e5 315 m\u00b3\/h \u00e4r SW42FW en p\u00e5litlig l\u00f6sning f\u00f6r k\u00e4llare och garage. Dess robusta konstruktion och innovativa funktioner g\u00f6r den idealisk f\u00f6r att bek\u00e4mpa fukt, m\u00f6gel och d\u00e5lig lukt, \u00e4ven vid l\u00e5ga temperaturer.  <\/p>\n<h3>Rekommenderade anv\u00e4ndningsomr\u00e5den<\/h3>\n<p><strong>K\u00e4llare: <\/strong>H\u00e5ller hela k\u00e4llaren torr och fri fr\u00e5n m\u00f6gel, perfekt f\u00f6r f\u00f6rvaring eller som extra bostadsutrymme.<br \/>\n<strong>Garage:<\/strong> Skyddar fordon och verktyg genom att effektivt h\u00e5lla fukt borta, \u00e5ret om.<br \/>\n<strong>Andra kalla utrymmen:<\/strong> Med stabil fuktkontroll ner till +2\u00b0C, \u00e4r den idealisk f\u00f6r stora f\u00f6rr\u00e5d eller vindar d\u00e4r k\u00e4nsliga f\u00f6rem\u00e5l f\u00f6rvaras.<\/p>\n<h3>Viktiga egenskaper:<\/h3>\n\n<h3>H\u00f6g kapacitet och luftfl\u00f6de f\u00f6r effektiv cirkulation<\/h3>\n<p>Med sin h\u00f6ga avfuktningskapacitet p\u00e5 25 liter per dag klarar SW42FW att hantera stora och uppdelade rum utan problem. Det h\u00f6ga luftfl\u00f6det s\u00e4kerst\u00e4ller att varje h\u00f6rn n\u00e5s och h\u00e5lls torrt, vilket minskar risken f\u00f6r fuktrelaterade skador och d\u00e5lig lukt. <\/p>\n<h3>Enkel att anv\u00e4nda och sk\u00f6ta<\/h3>\n<p>SW42FW \u00e4r utrustad med en 11,4-liters vattentank som \u00e4r enkel att t\u00f6mma och f\u00f6r \u00e4nnu st\u00f6rre bekv\u00e4mlighet kan du ansluta en slangkoppling f\u00f6r kontinuerlig dr\u00e4nering eller placera avfuktaren direkt ovanf\u00f6r en golvbrunn. Dessutom startar enheten automatiskt efter str\u00f6mavbrott, s\u00e5 att fuktkontrollen aldrig avbryts utan den \u00e5terg\u00e5r till de tidigare inst\u00e4llningarna. SW42FW \u00f6vervakar luftfuktigheten i rummet och startar och st\u00e4ngs av automatiskt n\u00e4r det beh\u00f6vs.   <\/p>\n<h3>Smart m\u00f6gel- och dammfilter<\/h3>\n<p>SW42FW \u00e4r utrustad med Woods SMF-filter som effektivt f\u00e5ngar upp damm och m\u00f6gelpartiklar i luften, vilket skyddar avfuktaren och f\u00f6rl\u00e4nger dess livsl\u00e4ngd. Det g\u00f6r den till en s\u00e4ker och l\u00e5ngsiktig l\u00f6sning och h\u00e5ller dina utrymmen fria fr\u00e5n fukt, m\u00f6gel och lukter \u00e5ret om. <\/p>\n<h3>Effektiv \u00e5ret runt, \u00e4ven vid l\u00e5ga temperaturer<\/h3>\n<p>Tack vare i-EcoDefrost-systemet fungerar SW42FW effektivt ner till +2\u00b0C, vilket g\u00f6r den perfekt f\u00f6r anv\u00e4ndning \u00e4ven i kallare milj\u00f6er. Den \u00e4r \u00e4ven konstruerad f\u00f6r kontinuerlig anv\u00e4ndning, vilket g\u00f6r att den s\u00e4kert kan arbeta dygnet runt och h\u00e5ller dina utrymmen fria fr\u00e5n fukt och m\u00f6gel oavsett s\u00e4song. <\/p>\n<h3>Byggd f\u00f6r att h\u00e5lla<\/h3>\n<p>Tillverkad i Sverige med h\u00f6gkvalitativa komponenter och ett h\u00e5llbart metallh\u00f6lje \u00e4r SW42FW byggd f\u00f6r att st\u00e5 emot p\u00e5frestningar i kr\u00e4vande milj\u00f6er och anpassad f\u00f6r att vara ig\u00e5ng \u00e5ret runt oavsett klimat. Den \u00e4r b\u00e5de energieffektiv och robust, vilket g\u00f6r den till ett l\u00e5ngsiktigt och p\u00e5litligt val f\u00f6r att bek\u00e4mpa fuktproblem i hemmet. <\/p>\n<h3>L\u00e5ng garanti p\u00e5 upp till 6 \u00e5r<\/h3>\n<p>N\u00e4r du registrerar din SW42FW p\u00e5 <a href=\"https:\/\/warranty-woods.com\">warranty.woods.com<\/a> och byter filter \u00e5rligen, f\u00e5r du en av marknadens l\u00e4ngsta garantier, upp till 6 \u00e5r. Genom att h\u00e5lla koll p\u00e5 filterbyten f\u00f6rl\u00e4ngs avfuktarens livsl\u00e4ngd och prestanda bibeh\u00e5lls p\u00e5 topp. Gl\u00f6m inte att spara kvittot n\u00e4r du k\u00f6per filter.  <\/p>\n<p>Med Wood\u2019s SW42FW f\u00e5r du en kraftfull, energieffektiv och p\u00e5litlig l\u00f6sning f\u00f6r dina fuktproblem, \u00e5ret runt!<\/p>\n<p><iframe loading=\"lazy\" title=\"Instruction video - Wood&#039;s SW42FW (English)\" width=\"500\" height=\"281\" src=\"https:\/\/www.youtube.com\/embed\/m-29UsLKHWg?feature=oembed\" frameborder=\"0\" allow=\"accelerometer; autoplay; clipboard-write; encrypted-media; gyroscope; picture-in-picture; web-share\" referrerpolicy=\"strict-origin-when-cross-origin\" allowfullscreen><\/iframe><\/p>\n","protected":false},"excerpt":{"rendered":"<p>Wood&#8217;s SW42FW \u00e4r en kraftfull avfuktare som effektivt bek\u00e4mpar fukt, m\u00f6gel och d\u00e5lig lukt i kalla utrymmen som k\u00e4llare och garage. Den avl\u00e4gsnar upp till 25 liter fukt per dag och har ett h\u00f6gt luftfl\u00f6de, vilket s\u00e4kerst\u00e4ller att alla delar av rummet h\u00e5lls torra. SW42FW \u00e4r en p\u00e5litlig och l\u00e5ngsiktig l\u00f6sning f\u00f6r att h\u00e5lla stora utrymmen fria fr\u00e5n fukt \u00e5ret runt, den \u00e4r \u00e4ven effektiv i l\u00e5ga temperaturer. Tillverkad i Sverige och med upp till 6 \u00e5rs garanti   <\/p>\n<p>&nbsp;<\/p>\n","protected":false},"featured_media":38966,"template":"","meta":{"_acf_changed":false},"product_brand":[],"product_cat":[336,4726],"product_tag":[347,341,340],"class_list":{"0":"post-41528","1":"product","2":"type-product","3":"status-publish","4":"has-post-thumbnail","6":"product_cat-avfuktare","7":"product_cat-kallare","8":"product_tag-garage-sv","9":"product_tag-kallare","10":"product_tag-vind","11":"product_shipping_class-sweden-very-high","12":"splide__slide","14":"first","15":"instock","16":"taxable","17":"shipping-taxable","18":"purchasable","19":"product-type-simple"},"acf":[],"_links":{"self":[{"href":"https:\/\/woods.se\/sv\/wp-json\/wp\/v2\/product\/41528","targetHints":{"allow":["GET"]}}],"collection":[{"href":"https:\/\/woods.se\/sv\/wp-json\/wp\/v2\/product"}],"about":[{"href":"https:\/\/woods.se\/sv\/wp-json\/wp\/v2\/types\/product"}],"wp:featuredmedia":[{"embeddable":true,"href":"https:\/\/woods.se\/sv\/wp-json\/wp\/v2\/media\/38966"}],"wp:attachment":[{"href":"https:\/\/woods.se\/sv\/wp-json\/wp\/v2\/media?parent=41528"}],"wp:term":[{"taxonomy":"product_brand","embeddable":true,"href":"https:\/\/woods.se\/sv\/wp-json\/wp\/v2\/product_brand?post=41528"},{"taxonomy":"product_cat","embeddable":true,"href":"https:\/\/woods.se\/sv\/wp-json\/wp\/v2\/product_cat?post=41528"},{"taxonomy":"product_tag","embeddable":true,"href":"https:\/\/woods.se\/sv\/wp-json\/wp\/v2\/product_tag?post=41528"}],"curies":[{"name":"wp","href":"https:\/\/api.w.org\/{rel}","templated":true}]}}