{"id":41522,"date":"2025-04-15T13:41:15","date_gmt":"2025-04-15T11:41:15","guid":{"rendered":"https:\/\/stage.woods.se\/?post_type=product&#038;p=41522"},"modified":"2026-03-04T11:52:00","modified_gmt":"2026-03-04T10:52:00","slug":"woods-sw38fx","status":"publish","type":"product","link":"https:\/\/woods.se\/sv\/produkter\/avfuktare\/kallare\/woods-sw38fx\/","title":{"rendered":"Wood&#8217;s SW38FX"},"content":{"rendered":"<h2>Wood&#8217;s SW38FX (Metallic)<\/h2>\n<h3>Kraftfull avfuktare f\u00f6r k\u00e4llare, garage och vind<\/h3>\n<p>Fukt, m\u00f6gel och d\u00e5lig lukt \u00e4r vanliga problem i kalla utrymmen som k\u00e4llare, garage, vind och f\u00f6rr\u00e5d. Wood&#8217;s SW38FX \u00e4r utvecklad f\u00f6r att effektivt hantera dessa utmaningar och skapa en torr, behaglig milj\u00f6 \u00e4ven i temperaturer s\u00e5 l\u00e5ga som +2\u00b0C. Med sin imponerande avfuktningskapacitet p\u00e5 upp till 19 liter per dag och ett luftfl\u00f6de som n\u00e5r alla delar av utrymmet, \u00e4r SW38FX den perfekta l\u00f6sningen f\u00f6r att skydda dina \u00e4godelar och f\u00f6rhindra fuktrelaterade skador.  <\/p>\n<h3>Rekommenderade anv\u00e4ndningsomr\u00e5den:<\/h3>\n<p><strong>K\u00e4llare: <\/strong>Den kraftfulla avfuktningen och goda luftcirkulationen h\u00e5ller k\u00e4llaren torr och fri fr\u00e5n m\u00f6gel, vilket g\u00f6r det m\u00f6jligt att anv\u00e4nda utrymmet f\u00f6r b\u00e5de f\u00f6rvaring och dagligt bruk.<br \/>\n<strong>GaragGarage: <\/strong>Skyddar fordon, verktyg och utrustning genom att h\u00e5lla fukten borta, \u00e5ret runt, \u00e4ven i kyligare temperaturer.<br \/>\n<strong>Andra kalla utrymmen: <\/strong>SW38FX erbjuder p\u00e5litlig fuktkontroll ned till +2\u00b0C, perfekt f\u00f6r vinterf\u00f6rvaring av k\u00e4nsliga f\u00f6rem\u00e5l i f\u00f6rr\u00e5d eller p\u00e5 vinden.<\/p>\n<h3>Viktiga egenskaper:<\/h3>\n\n<h3>Kraftfull b\u00e5de i kapacitet och luftfl\u00f6de<\/h3>\n<p>SW38FX har en kraftfull avfuktningskapacitet p\u00e5 upp till 19 liter per dygn. Det kraftiga luftfl\u00f6det p\u00e5 340\u202fm\u00b3\/h s\u00e4kerst\u00e4ller en effektiv cirkulation och avfuktning \u2013 \u00e4ven i utrymmen med flera rum. <\/p>\n<h3>Enkel anv\u00e4ndning och anpassningsbar funktion<\/h3>\n<p>SW38FX \u00e4r utrustad med en rymlig vattentank p\u00e5 11,4-liter och det finns \u00e4ven m\u00f6jlighet att ansluta en slangkoppling (ing\u00e5r ej) f\u00f6r direkt dr\u00e4nering till avloppsbrunn, vilket underl\u00e4ttar vid kontinuerlig anv\u00e4ndning. Du kan ocks\u00e5 v\u00e4lja att placera avfuktaren direkt ovanf\u00f6r en golvbrunn. F\u00f6r extra trygghet startar SW38FX automatiskt efter ett str\u00f6mavbrott och enheten \u00e5terg\u00e5r till sina senaste inst\u00e4llningar f\u00f6r att s\u00e4kerst\u00e4lla att fuktkontrollen inte avbryts vid dessa tillf\u00e4llen. SW38FX justerar sig automatiskt efter luftfuktigheten och aktiveras eller st\u00e4ngs av vid behov.   <\/p>\n<h3>Smart m\u00f6gel- och dammfilter<\/h3>\n<p>SW38FX \u00e4r utrustad med Woods SMF-filter som effektivt f\u00e5ngar upp damm och m\u00f6gelpartiklar i luften, vilket h\u00e5ller dina utrymmen fria fr\u00e5n fukt, m\u00f6gel och lukter \u00e5ret om. Dessutom skyddar filtret avfuktaren och f\u00f6rl\u00e4nger dess livsl\u00e4ngd, vilket g\u00f6r den till en s\u00e4ker och l\u00e5ngsiktig l\u00f6sning. <\/p>\n<h3>Effektiv \u00e5ret runt, \u00e4ven vid l\u00e5ga temperaturer<\/h3>\n<p>Tack vare den innovativa i-EcoDefrost-teknologin kan SW38FX avfukta \u00e4ven vid l\u00e5ga temperaturer, ner till +2\u00b0C. SW38FX \u00e4r ocks\u00e5 utformad f\u00f6r konstant drift, vilket inneb\u00e4r att den tryggt kan vara ig\u00e5ng dag som natt. Det g\u00f6r den till ett perfekt val f\u00f6r kalla utrymmen som garage eller k\u00e4llare, d\u00e4r den kan arbetar effektivt \u00e5ret om och h\u00e5ller dina utrymmen fria fr\u00e5n fukt, m\u00f6gel och d\u00e5lig lukt oavsett \u00e5rstid eller v\u00e4derf\u00f6rh\u00e5llanden.  <\/p>\n<h3>Byggd f\u00f6r att h\u00e5lla<\/h3>\n<p>SW38FX \u00e4r tillverkad i Sverige och byggd f\u00f6r att leverera l\u00e5ngvarig prestanda. Det robusta metallh\u00f6ljet skyddar mot slitage, och de h\u00f6gkvalitativa komponenterna garanterar p\u00e5litlig fuktkontroll och kommer skydda ditt hem, dygnet runt i m\u00e5nga \u00e5r fram\u00f6ver. <\/p>\n<h3>Upp till 6 \u00e5rs garanti<\/h3>\n<p>Genom att registrera din SW38FX p\u00e5 <a href=\"https:\/\/warranty-woods.com\">warranty-woods.com,<\/a> ihop med att du byter filter \u00e5rligen, erh\u00e5ller du en av marknadens l\u00e4ngsta garantier p\u00e5 upp till 6 \u00e5r. N\u00e4r du registrerar dig kan du \u00e4ven v\u00e4lja att f\u00e5 p\u00e5minnelser om n\u00e4r det \u00e4r dags att byta filter. Genom filterbytet f\u00f6rl\u00e4nger du avfuktarens livsl\u00e4ngd och s\u00e4kerst\u00e4ller att den alltid arbetar med maximal effektivitet. Gl\u00f6m inte att spara alla dina kvitton.   <\/p>\n<p>Med Wood&#8217;s SW38FX f\u00e5r du en kraftfull, p\u00e5litlig och energieffektiv l\u00f6sning f\u00f6r alla dina fuktproblem \u2013 fr\u00e5n k\u00e4llare till garage och andra kalla utrymmen.<\/p>\n<p><iframe loading=\"lazy\" title=\"Instruction video - Wood&#039;s SW38FX Silent (English)\" width=\"500\" height=\"281\" src=\"https:\/\/www.youtube.com\/embed\/E5Wu9yErces?feature=oembed\" frameborder=\"0\" allow=\"accelerometer; autoplay; clipboard-write; encrypted-media; gyroscope; picture-in-picture; web-share\" referrerpolicy=\"strict-origin-when-cross-origin\" allowfullscreen><\/iframe><\/p>\n<p>&nbsp;<\/p>\n","protected":false},"excerpt":{"rendered":"<p>Kontrollera fukt, m\u00f6gel och obehagliga lukter i kalla utrymmen med Wood&#8217;s SW38FX avfuktare. Den avfuktar upp till 19 liter per dag och s\u00e4kerst\u00e4ller snabbt en torr och behaglig milj\u00f6, \u00e4ven vid l\u00e5ga temperaturer. Tack vare sin kraftfulla kapacitet och luftfl\u00f6de cirkulerar den luften effektivt, \u00e4ven i utrymmen med flera rum. Med en slanganslutning \u00e4r underh\u00e5llet minimalt. Perfekt f\u00f6r alla typer av k\u00e4llare, garage och andra fuktiga utrymmen.     Tillverkad i Sverige med upp till 6 \u00e5rs garanti.<\/p>\n","protected":false},"featured_media":39212,"template":"","meta":{"_acf_changed":false},"product_brand":[],"product_cat":[336,4726],"product_tag":[347,341,340],"class_list":{"0":"post-41522","1":"product","2":"type-product","3":"status-publish","4":"has-post-thumbnail","6":"product_cat-avfuktare","7":"product_cat-kallare","8":"product_tag-garage-sv","9":"product_tag-kallare","10":"product_tag-vind","11":"product_shipping_class-high","12":"splide__slide","14":"first","15":"instock","16":"taxable","17":"shipping-taxable","18":"purchasable","19":"product-type-simple"},"acf":[],"_links":{"self":[{"href":"https:\/\/woods.se\/sv\/wp-json\/wp\/v2\/product\/41522","targetHints":{"allow":["GET"]}}],"collection":[{"href":"https:\/\/woods.se\/sv\/wp-json\/wp\/v2\/product"}],"about":[{"href":"https:\/\/woods.se\/sv\/wp-json\/wp\/v2\/types\/product"}],"wp:featuredmedia":[{"embeddable":true,"href":"https:\/\/woods.se\/sv\/wp-json\/wp\/v2\/media\/39212"}],"wp:attachment":[{"href":"https:\/\/woods.se\/sv\/wp-json\/wp\/v2\/media?parent=41522"}],"wp:term":[{"taxonomy":"product_brand","embeddable":true,"href":"https:\/\/woods.se\/sv\/wp-json\/wp\/v2\/product_brand?post=41522"},{"taxonomy":"product_cat","embeddable":true,"href":"https:\/\/woods.se\/sv\/wp-json\/wp\/v2\/product_cat?post=41522"},{"taxonomy":"product_tag","embeddable":true,"href":"https:\/\/woods.se\/sv\/wp-json\/wp\/v2\/product_tag?post=41522"}],"curies":[{"name":"wp","href":"https:\/\/api.w.org\/{rel}","templated":true}]}}